{"id":14125,"date":"2026-03-01T22:41:04","date_gmt":"2026-03-02T03:41:04","guid":{"rendered":"https:\/\/urbadigital.com\/?page_id=14125"},"modified":"2026-03-11T09:14:39","modified_gmt":"2026-03-11T14:14:39","slug":"ai-okr-management-monitoring","status":"publish","type":"page","link":"https:\/\/urbadigital.com\/es\/solutions\/ai-okr-management-monitoring\/","title":{"rendered":"AI-OKR Management &amp; Monitoring"},"content":{"rendered":"<div data-elementor-type=\"wp-page\" data-elementor-id=\"14125\" class=\"elementor elementor-14125\" data-elementor-post-type=\"page\">\n\t\t\t\t<div class=\"elementor-element elementor-element-d1ec22d e-flex e-con-boxed e-con e-parent\" data-id=\"d1ec22d\" data-element_type=\"container\" data-e-type=\"container\">\n\t\t\t\t\t<div class=\"e-con-inner\">\n\t\t<div class=\"elementor-element elementor-element-fc0728d e-con-full e-flex e-con e-child\" data-id=\"fc0728d\" data-element_type=\"container\" data-e-type=\"container\">\n\t\t\t\t<\/div>\n\t\t<div class=\"elementor-element elementor-element-464f435 e-con-full e-flex e-con e-child\" data-id=\"464f435\" data-element_type=\"container\" data-e-type=\"container\">\n\t\t<div class=\"elementor-element elementor-element-63e9a4e e-con-full e-flex e-con e-child\" data-id=\"63e9a4e\" data-element_type=\"container\" data-e-type=\"container\">\n\t\t\t\t<div class=\"elementor-element elementor-element-6e3b106 at-heading-animation at-animation-heading-style-3 elementor-widget elementor-widget-heading\" data-id=\"6e3b106\" data-element_type=\"widget\" data-e-type=\"widget\" data-settings=\"{&quot;ekit_we_effect_on&quot;:&quot;none&quot;}\" data-widget_type=\"heading.default\">\n\t\t\t\t\t<h2 class=\"elementor-heading-title elementor-size-default\">Gesti\u00f3n y supervisi\u00f3n de OKR<\/h2>\t\t\t\t<\/div>\n\t\t<div class=\"elementor-element elementor-element-8e0305f e-con-full e-flex e-con e-child\" data-id=\"8e0305f\" data-element_type=\"container\" data-e-type=\"container\">\n\t\t<div class=\"elementor-element elementor-element-18f61a7 e-con-full elementor-hidden-mobile e-flex e-con e-child\" data-id=\"18f61a7\" data-element_type=\"container\" data-e-type=\"container\">\n\t\t\t\t<div class=\"elementor-element elementor-element-89e8203 at-distortion-effect strategy-item-image at-image-animation at-animation-image-none elementor-widget elementor-widget-image\" data-id=\"89e8203\" data-element_type=\"widget\" data-e-type=\"widget\" data-settings=\"{&quot;ekit_we_effect_on&quot;:&quot;none&quot;}\" data-widget_type=\"image.default\">\n\t\t\t\t\t\t\t\t\t\t\t\t\t\t\t<img fetchpriority=\"high\" decoding=\"async\" width=\"1376\" height=\"768\" src=\"https:\/\/urbadigital.com\/wp-content\/uploads\/2026\/03\/ledsalesservice.jpg\" class=\"attachment-full size-full wp-image-14014\" alt=\"\" srcset=\"https:\/\/urbadigital.com\/wp-content\/uploads\/2026\/03\/ledsalesservice.jpg 1376w, https:\/\/urbadigital.com\/wp-content\/uploads\/2026\/03\/ledsalesservice-300x167.jpg 300w, https:\/\/urbadigital.com\/wp-content\/uploads\/2026\/03\/ledsalesservice-1024x572.jpg 1024w, https:\/\/urbadigital.com\/wp-content\/uploads\/2026\/03\/ledsalesservice-768x429.jpg 768w, https:\/\/urbadigital.com\/wp-content\/uploads\/2026\/03\/ledsalesservice-18x10.jpg 18w\" sizes=\"(max-width: 1376px) 100vw, 1376px\" \/>\t\t\t\t\t\t\t\t\t\t\t\t\t\t\t<\/div>\n\t\t\t\t<\/div>\n\t\t<div class=\"elementor-element elementor-element-1a78d31 e-con-full e-flex e-con e-child\" data-id=\"1a78d31\" data-element_type=\"container\" data-e-type=\"container\">\n\t\t\t\t<div class=\"elementor-element elementor-element-8f00cc3 ekit-equal-height-disable elementor-invisible elementor-widget elementor-widget-elementskit-icon-box\" data-id=\"8f00cc3\" data-element_type=\"widget\" data-e-type=\"widget\" data-settings=\"{&quot;_animation&quot;:&quot;fadeInUp&quot;,&quot;ekit_we_effect_on&quot;:&quot;none&quot;}\" data-widget_type=\"elementskit-icon-box.default\">\n\t\t\t\t\t<div class=\"ekit-wid-con\" >        <!-- link opening -->\n                <!-- end link opening -->\n\n        <div class=\"elementskit-infobox text-left text- icon-lef-right-aligin elementor-animation-\">\n                        <div class=\"box-body\">\n                        \t\t  \t<p>La gesti\u00f3n y supervisi\u00f3n de OKR es un servicio estructurado que ayuda a las organizaciones a establecer objetivos claros, definir resultados clave medibles y establecer un ritmo operativo pr\u00e1ctico para realizar un seguimiento del progreso. El objetivo es convertir las prioridades estrat\u00e9gicas en un sistema de ejecuci\u00f3n que los equipos puedan aplicar de manera coherente, con m\u00e9tricas alineadas, responsabilidades claras y rutinas de revisi\u00f3n peri\u00f3dicas.<br><br>Este compromiso respalda la implementaci\u00f3n y adopci\u00f3n de pr\u00e1cticas OKR en todos los equipos de liderazgo y ejecuci\u00f3n. Incluye la configuraci\u00f3n de los flujos de trabajo de gesti\u00f3n, presentaci\u00f3n de informes y revisi\u00f3n, adem\u00e1s de la capacitaci\u00f3n necesaria para que los equipos internos puedan mantener el ritmo y mejorar el sistema con el tiempo.<\/p>\n                                <\/div>\n        \n        \n                <\/div>\n        <\/div>\t\t\t\t<\/div>\n\t\t\t\t<\/div>\n\t\t\t\t<\/div>\n\t\t\t\t<div class=\"elementor-element elementor-element-dbd5f9a elementor-invisible elementor-widget elementor-widget-text-editor\" data-id=\"dbd5f9a\" data-element_type=\"widget\" data-e-type=\"widget\" data-settings=\"{&quot;_animation&quot;:&quot;fadeInUp&quot;,&quot;ekit_we_effect_on&quot;:&quot;none&quot;}\" data-widget_type=\"text-editor.default\">\n\t\t\t\t\t\t\t\t\t<h3>Descripci\u00f3n del servicio<\/h3><p>Ayudamos a las organizaciones a dise\u00f1ar e implementar un modelo operativo OKR que se adapte a la toma de decisiones real y a la ejecuci\u00f3n diaria. El trabajo comienza por aclarar las prioridades empresariales y definir una estructura OKR que sea f\u00e1cil de entender y mantener, incluyendo niveles, ciclos, propiedad y c\u00f3mo los OKR se conectan con las iniciativas, m\u00e9tricas y planes del equipo.<\/p><p>A partir de ah\u00ed, establecemos un enfoque de supervisi\u00f3n que equilibra la transparencia con la concentraci\u00f3n. Esto incluye definir reglas de puntuaci\u00f3n del progreso, rituales de revisi\u00f3n y v\u00edas de escalamiento, junto con paneles de control pr\u00e1cticos y rutinas de presentaci\u00f3n de informes. El servicio tambi\u00e9n cubre la adopci\u00f3n, la comunicaci\u00f3n y la capacitaci\u00f3n, de modo que los OKR se convierten en un lenguaje com\u00fan para los resultados, y no solo en un conjunto de documentos.<\/p><h3>Qu\u00e9 incluye<\/h3><ul><li><strong>Alineaci\u00f3n y preparaci\u00f3n para los OKR<\/strong>, talleres de liderazgo, revisi\u00f3n de la planificaci\u00f3n actual y definici\u00f3n de los criterios de \u00e9xito.<\/li><li><strong>Dise\u00f1o del marco OKR<\/strong>, cadencia, niveles, modelo de propiedad y c\u00f3mo los OKR se conectan con las iniciativas y las m\u00e9tricas.<\/li><li><strong>Apoyo en el dise\u00f1o de objetivos y resultados clave<\/strong>, orientaci\u00f3n sobre la redacci\u00f3n, comprobaciones de mensurabilidad, definici\u00f3n de la l\u00ednea de base y los objetivos.<\/li><li><strong>Reglas de puntuaci\u00f3n y progreso<\/strong>, definiciones de confianza y estatus, enfoque de puntuaci\u00f3n y normas de actualizaci\u00f3n.<\/li><li><strong>Rutinas de monitoreo<\/strong>, revisiones semanales, revisiones mensuales, planificaci\u00f3n trimestral y rituales de toma de decisiones.<\/li><li><strong>Configuraci\u00f3n del flujo de trabajo<\/strong>, estructura de seguimiento para OKR, iniciativas y pruebas, adem\u00e1s de documentaci\u00f3n y plantillas.<\/li><li><strong>Informes y visibilidad<\/strong>, paneles de control, res\u00famenes y vistas ejecutivas adaptadas a las necesidades de las partes interesadas.<\/li><li><strong>Habilitaci\u00f3n y adopci\u00f3n<\/strong>, sesiones de capacitaci\u00f3n, facilitaci\u00f3n para los primeros ciclos y manuales internos.<\/li><\/ul><h3>Qu\u00e9 le ayuda a lograr este servicio<\/h3><ul><li>Crear una alineaci\u00f3n coherente entre el liderazgo y los equipos en torno a resultados medibles.<\/li><li>Traduzca la estrategia en prioridades de ejecuci\u00f3n, con una clara asignaci\u00f3n de responsabilidades y rendici\u00f3n de cuentas.<\/li><li>Mejora la concentraci\u00f3n reduciendo las iniciativas que compiten entre s\u00ed y aclarando qu\u00e9 se considera un \u00e9xito.<\/li><li>Aumenta la transparencia con un ritmo compartido para las actualizaciones, revisiones y decisiones.<\/li><li>Detecte los riesgos de entrega antes mediante un monitoreo regular y un seguimiento confiable.<\/li><li>Cree un proceso de planificaci\u00f3n repetible que mejore cada ciclo, trimestre tras trimestre.<\/li><li>Fortalece la coordinaci\u00f3n entre equipos conectando objetivos, iniciativas y dependencias.<\/li><li>Permita que los equipos internos implementen el sistema OKR con plantillas claras y orientaci\u00f3n para facilitar su uso.<\/li><\/ul><h3>Entregables<\/h3><ul><li>Modelo operativo de OKR, cadencia, funciones, rutinas de gobernanza y reglas de decisi\u00f3n.<\/li><li>Estructura y plantillas de OKR, objetivos, resultados clave, iniciativas, pruebas y notas.<\/li><li>Redact\u00e9 los OKR para uno o m\u00e1s ciclos, con resultados clave y objetivos medibles.<\/li><li>Gu\u00eda de puntuaci\u00f3n y estado, que incluye normas de actualizaci\u00f3n y ejemplos.<\/li><li>Manual de supervisi\u00f3n, agendas, formatos de revisi\u00f3n y v\u00edas de escalamiento.<\/li><li>Panel de control y estructura de informes, incluyendo vistas a nivel ejecutivo y de equipo.<\/li><li>Materiales de capacitaci\u00f3n y orientaci\u00f3n grabada para uso continuo.<\/li><li>Entrega de documentaci\u00f3n y lista de mejoras pendientes para el pr\u00f3ximo ciclo.<\/li><\/ul><h3>Modelo de entrega<\/h3><p><strong>Fase 1, Alineaci\u00f3n y dise\u00f1o de OKR, de 1 a 2 semanas<\/strong><\/p><ul><li>Taller de alineaci\u00f3n del liderazgo y revisi\u00f3n del enfoque de planificaci\u00f3n actual.<\/li><li>Defina los niveles, la cadencia, la propiedad y las rutinas de gobernanza de los OKR.<\/li><li>Establezca criterios de \u00e9xito, reglas de puntuaci\u00f3n y plantillas iniciales.<\/li><\/ul><p><strong>Fase 2, Redacci\u00f3n y calibraci\u00f3n de los OKR, de 2 a 3 semanas<\/strong><\/p><ul><li>Facilitar la definici\u00f3n de objetivos y resultados clave con los equipos.<\/li><li>Validar la mensurabilidad, las bases de referencia, los objetivos y la alineaci\u00f3n entre equipos.<\/li><li>Finalizar los OKR del primer ciclo y vincularlos a iniciativas y m\u00e9tricas.<\/li><\/ul><p><strong>Fase 3, Implementaci\u00f3n del flujo de trabajo y la generaci\u00f3n de informes, de 2 a 4 semanas.<\/strong><\/p><ul><li>Configura flujos de trabajo de seguimiento para OKR, iniciativas y pruebas.<\/li><li>Implementar paneles de control y vistas de informes para el liderazgo y los equipos.<\/li><li>Definir normas de actualizaci\u00f3n, formatos de revisi\u00f3n y pr\u00e1cticas de documentaci\u00f3n.<\/li><\/ul><p><strong>Fase 4, Ritmo operativo y monitoreo, de 4 a 8 semanas<\/strong><\/p><ul><li>Realice los primeros ciclos de monitoreo con revisiones semanales y evaluaciones estructuradas.<\/li><li>Asesora a los propietarios sobre actualizaciones de estado, puntuaci\u00f3n y escalamiento de riesgos.<\/li><li>Perfecciona los paneles de control y las rutinas bas\u00e1ndote en el uso real y los comentarios recibidos.<\/li><\/ul><p><strong>Fase 5, Habilitaci\u00f3n y traspaso, de 1 a 2 semanas.<\/strong><\/p><ul><li>Capacitar a los facilitadores y responsables de OKR sobre el modelo operativo actual.<\/li><li>Entregue manuales, plantillas y una lista de tareas pendientes para la mejora continua.<\/li><li>Transfiera la propiedad y confirme el plan para el siguiente ciclo.<\/li><\/ul><p><!-- notionvc: a439cc69-b1c3-4629-97a1-b01930d5de2a --><\/p>\t\t\t\t\t\t\t\t<\/div>\n\t\t\t\t<\/div>\n\t\t\t\t<div class=\"elementor-element elementor-element-7231244 elementor-widget elementor-widget-codeio-elementor-template\" data-id=\"7231244\" data-element_type=\"widget\" data-e-type=\"widget\" data-settings=\"{&quot;ekit_we_effect_on&quot;:&quot;none&quot;}\" data-widget_type=\"codeio-elementor-template.default\">\n\t\t\t\t<div class=\"elementor-widget-container\">\n\t\t\t\t\t\t\t<div class=\"elementor-template\">\n\t\t\t\t\t<\/div>\n\t\t\t\t\t\t<\/div>\n\t\t\t\t<\/div>\n\t\t\t\t<\/div>\n\t\t<div class=\"elementor-element elementor-element-8ef8b86 e-con-full e-flex e-con e-child\" data-id=\"8ef8b86\" data-element_type=\"container\" data-e-type=\"container\">\n\t\t\t\t<\/div>\n\t\t\t\t\t<\/div>\n\t\t\t\t<\/div>\n\t\t\t\t<\/div>","protected":false},"excerpt":{"rendered":"<p>OKR Management &amp; Monitoring OKR Management and Monitoring [&hellip;]<\/p>\n","protected":false},"author":1,"featured_media":0,"parent":6346,"menu_order":0,"comment_status":"closed","ping_status":"closed","template":"elementor_header_footer","meta":{"_angie_page":false,"_monsterinsights_skip_tracking":false,"_monsterinsights_sitenote_active":false,"_monsterinsights_sitenote_note":"","_monsterinsights_sitenote_category":0,"footnotes":""},"class_list":["post-14125","page","type-page","status-publish","hentry"],"aioseo_notices":[],"_links":{"self":[{"href":"https:\/\/urbadigital.com\/es\/wp-json\/wp\/v2\/pages\/14125","targetHints":{"allow":["GET"]}}],"collection":[{"href":"https:\/\/urbadigital.com\/es\/wp-json\/wp\/v2\/pages"}],"about":[{"href":"https:\/\/urbadigital.com\/es\/wp-json\/wp\/v2\/types\/page"}],"author":[{"embeddable":true,"href":"https:\/\/urbadigital.com\/es\/wp-json\/wp\/v2\/users\/1"}],"replies":[{"embeddable":true,"href":"https:\/\/urbadigital.com\/es\/wp-json\/wp\/v2\/comments?post=14125"}],"version-history":[{"count":7,"href":"https:\/\/urbadigital.com\/es\/wp-json\/wp\/v2\/pages\/14125\/revisions"}],"predecessor-version":[{"id":14444,"href":"https:\/\/urbadigital.com\/es\/wp-json\/wp\/v2\/pages\/14125\/revisions\/14444"}],"up":[{"embeddable":true,"href":"https:\/\/urbadigital.com\/es\/wp-json\/wp\/v2\/pages\/6346"}],"wp:attachment":[{"href":"https:\/\/urbadigital.com\/es\/wp-json\/wp\/v2\/media?parent=14125"}],"curies":[{"name":"wp","href":"https:\/\/api.w.org\/{rel}","templated":true}]}}