{"id":14138,"date":"2026-03-04T09:13:16","date_gmt":"2026-03-04T14:13:16","guid":{"rendered":"https:\/\/urbadigital.com\/?page_id=14138"},"modified":"2026-03-11T09:15:30","modified_gmt":"2026-03-11T14:15:30","slug":"search-engine-seo-ai-answer-engine-optimization-aeo","status":"publish","type":"page","link":"https:\/\/urbadigital.com\/es\/solutions\/search-engine-seo-ai-answer-engine-optimization-aeo\/","title":{"rendered":"Search Engine (SEO) &#038; AI-Answer Engine Optimization (AEO)"},"content":{"rendered":"<div data-elementor-type=\"wp-page\" data-elementor-id=\"14138\" class=\"elementor elementor-14138\" data-elementor-post-type=\"page\">\n\t\t\t\t<div class=\"elementor-element elementor-element-d1ec22d e-flex e-con-boxed e-con e-parent\" data-id=\"d1ec22d\" data-element_type=\"container\" data-e-type=\"container\">\n\t\t\t\t\t<div class=\"e-con-inner\">\n\t\t<div class=\"elementor-element elementor-element-fc0728d e-con-full e-flex e-con e-child\" data-id=\"fc0728d\" data-element_type=\"container\" data-e-type=\"container\">\n\t\t\t\t<\/div>\n\t\t<div class=\"elementor-element elementor-element-464f435 e-con-full e-flex e-con e-child\" data-id=\"464f435\" data-element_type=\"container\" data-e-type=\"container\">\n\t\t<div class=\"elementor-element elementor-element-63e9a4e e-con-full e-flex e-con e-child\" data-id=\"63e9a4e\" data-element_type=\"container\" data-e-type=\"container\">\n\t\t\t\t<div class=\"elementor-element elementor-element-6e3b106 at-heading-animation at-animation-heading-style-3 elementor-widget elementor-widget-heading\" data-id=\"6e3b106\" data-element_type=\"widget\" data-e-type=\"widget\" data-settings=\"{&quot;ekit_we_effect_on&quot;:&quot;none&quot;}\" data-widget_type=\"heading.default\">\n\t\t\t\t\t<h2 class=\"elementor-heading-title elementor-size-default\">Motor de b\u00fasqueda (SEO) y optimizaci\u00f3n de motores de respuesta con inteligencia artificial (AEO)<\/h2>\t\t\t\t<\/div>\n\t\t<div class=\"elementor-element elementor-element-8e0305f e-con-full e-flex e-con e-child\" data-id=\"8e0305f\" data-element_type=\"container\" data-e-type=\"container\">\n\t\t<div class=\"elementor-element elementor-element-18f61a7 e-con-full elementor-hidden-mobile e-flex e-con e-child\" data-id=\"18f61a7\" data-element_type=\"container\" data-e-type=\"container\">\n\t\t\t\t<div class=\"elementor-element elementor-element-89e8203 at-distortion-effect strategy-item-image at-image-animation at-animation-image-none elementor-widget elementor-widget-image\" data-id=\"89e8203\" data-element_type=\"widget\" data-e-type=\"widget\" data-settings=\"{&quot;ekit_we_effect_on&quot;:&quot;none&quot;}\" data-widget_type=\"image.default\">\n\t\t\t\t\t\t\t\t\t\t\t\t\t\t\t<img fetchpriority=\"high\" decoding=\"async\" width=\"1376\" height=\"768\" src=\"https:\/\/urbadigital.com\/wp-content\/uploads\/2026\/03\/ledsalesservice.jpg\" class=\"attachment-full size-full wp-image-14014\" alt=\"\" srcset=\"https:\/\/urbadigital.com\/wp-content\/uploads\/2026\/03\/ledsalesservice.jpg 1376w, https:\/\/urbadigital.com\/wp-content\/uploads\/2026\/03\/ledsalesservice-300x167.jpg 300w, https:\/\/urbadigital.com\/wp-content\/uploads\/2026\/03\/ledsalesservice-1024x572.jpg 1024w, https:\/\/urbadigital.com\/wp-content\/uploads\/2026\/03\/ledsalesservice-768x429.jpg 768w, https:\/\/urbadigital.com\/wp-content\/uploads\/2026\/03\/ledsalesservice-18x10.jpg 18w\" sizes=\"(max-width: 1376px) 100vw, 1376px\" \/>\t\t\t\t\t\t\t\t\t\t\t\t\t\t\t<\/div>\n\t\t\t\t<\/div>\n\t\t<div class=\"elementor-element elementor-element-1a78d31 e-con-full e-flex e-con e-child\" data-id=\"1a78d31\" data-element_type=\"container\" data-e-type=\"container\">\n\t\t\t\t<div class=\"elementor-element elementor-element-8f00cc3 ekit-equal-height-disable elementor-invisible elementor-widget elementor-widget-elementskit-icon-box\" data-id=\"8f00cc3\" data-element_type=\"widget\" data-e-type=\"widget\" data-settings=\"{&quot;_animation&quot;:&quot;fadeInUp&quot;,&quot;ekit_we_effect_on&quot;:&quot;none&quot;}\" data-widget_type=\"elementskit-icon-box.default\">\n\t\t\t\t\t<div class=\"ekit-wid-con\" >        <!-- link opening -->\n                <!-- end link opening -->\n\n        <div class=\"elementskit-infobox text-left text- icon-lef-right-aligin elementor-animation-\">\n                        <div class=\"box-body\">\n                        \t\t  \t<p>La optimizaci\u00f3n para motores de b\u00fasqueda (SEO) y la optimizaci\u00f3n para motores de respuestas basados en IA (AEO) constituyen un servicio estructurado que ayuda a las organizaciones a mejorar la forma en que su contenido es descubierto, comprendido y destacado en experiencias de b\u00fasqueda y de respuestas impulsadas por IA. El enfoque se centra en crear una base t\u00e9cnica y de contenido sostenible, para luego implementar los flujos de trabajo y las rutinas de medici\u00f3n que permiten que las mejoras en el rendimiento sean repetibles.<br><br>Este proyecto brinda apoyo a los equipos que necesitan aumentar su visibilidad en los resultados de b\u00fasqueda, mejorar la calidad del contenido y reforzar su preparaci\u00f3n t\u00e9cnica. Incluye asistencia en la implementaci\u00f3n de las configuraciones y los procesos necesarios, adem\u00e1s de capacitaci\u00f3n para que los equipos internos puedan mantener el programa, publicar contenido de manera constante y hacer un seguimiento de los resultados a lo largo del tiempo.<\/p>\n                                <\/div>\n        \n        \n                <\/div>\n        <\/div>\t\t\t\t<\/div>\n\t\t\t\t<\/div>\n\t\t\t\t<\/div>\n\t\t\t\t<div class=\"elementor-element elementor-element-dbd5f9a elementor-invisible elementor-widget elementor-widget-text-editor\" data-id=\"dbd5f9a\" data-element_type=\"widget\" data-e-type=\"widget\" data-settings=\"{&quot;_animation&quot;:&quot;fadeInUp&quot;,&quot;ekit_we_effect_on&quot;:&quot;none&quot;}\" data-widget_type=\"text-editor.default\">\n\t\t\t\t\t\t\t\t\t<h3>Descripci\u00f3n del servicio<\/h3><p>Trabajamos en las \u00e1reas de contenido, aspectos t\u00e9cnicos y medici\u00f3n para mejorar la visibilidad y la capacidad de rendir cuentas. El servicio comienza por definir los objetivos comerciales, los p\u00fablicos objetivo y las rutas de conversi\u00f3n, para luego realizar una auditor\u00eda del contenido actual, la estructura del sitio y los indicadores de rendimiento. A partir de ah\u00ed, definimos un plan priorizado que aborda primero las mejoras de mayor impacto, incluyendo la arquitectura de la informaci\u00f3n, la optimizaci\u00f3n on-page, las actualizaciones de contenido, los enlaces internos y los aspectos fundamentales del rendimiento.<\/p><p>AEO ampl\u00eda este enfoque centr\u00e1ndose en c\u00f3mo los sistemas de IA interpretan y resumen el contenido. Esto incluye mejorar la claridad, la estructura y la cobertura de los temas clave, reforzar la coherencia de las entidades y los conceptos, y adaptar los formatos de contenido a los patrones habituales de las preguntas. El objetivo es aumentar la probabilidad de que se seleccionen, citen y representen con precisi\u00f3n las p\u00e1ginas adecuadas en las respuestas generadas por IA.<\/p><p>Implementation is delivered iteratively. We define the operating rhythm for content production and optimization, establish review and quality standards, and set up monitoring and reporting so decisions are data informed. Training and documentation are included so teams can sustain the process after handover.<\/p><h3>Qu\u00e9 incluye<\/h3><ul><li><strong>Descubrimiento y alineaci\u00f3n de objetivos<\/strong>, definici\u00f3n del p\u00fablico, servicios y temas clave, y m\u00e9tricas de \u00e9xito.<\/li><li><strong>Evaluaci\u00f3n inicial<\/strong>, inventario de contenidos, revisi\u00f3n t\u00e9cnica, comprobaciones de indexabilidad y evaluaciones comparativas de rendimiento.<\/li><li><strong>Investigaci\u00f3n de palabras clave y temas<\/strong>, mapeo de intenciones, grupos tem\u00e1ticos y priorizaci\u00f3n seg\u00fan el valor comercial.<\/li><li><strong>Arquitectura de la informaci\u00f3n y estructura de contenidos<\/strong>, la l\u00f3gica de navegaci\u00f3n, la estrategia de enlaces internos y las plantillas de p\u00e1gina.<\/li><li><strong>Optimizaci\u00f3n de la p\u00e1gina<\/strong>, t\u00edtulos, encabezados, metadatos, legibilidad, uso de medios y plan de actualizaci\u00f3n de contenidos.<\/li><li><strong>Patrones de optimizaci\u00f3n de AEO<\/strong>, estructura basada en preguntas, res\u00famenes concisos, definiciones, secciones estructuradas y coherencia terminol\u00f3gica.<\/li><li><strong>Asistencia para la implementaci\u00f3n t\u00e9cnica<\/strong>, conceptos b\u00e1sicos sobre el rendimiento, mejoras en la eficiencia del rastreo, directrices sobre canonicalizaci\u00f3n y planificaci\u00f3n de datos estructurados, seg\u00fan corresponda.<\/li><li><strong>Medici\u00f3n y monitoreo<\/strong>, definiciones de KPI, periodicidad de los informes, paneles de control y rutinas de detecci\u00f3n de anomal\u00edas.<\/li><li><strong>Habilitaci\u00f3n y gobernanza<\/strong>, directrices editoriales, lista de verificaci\u00f3n de control de calidad, flujo de trabajo de publicaci\u00f3n y capacitaci\u00f3n.<\/li><\/ul><h3>Qu\u00e9 le ayuda a lograr este servicio<\/h3><ul><li>Aumentar la visibilidad espec\u00edfica de los servicios y temas prioritarios.<\/li><li>Mejora los procesos de conversi\u00f3n adaptando el contenido a las intenciones y preguntas de los usuarios.<\/li><li>Reduce las lagunas de contenido elaborando un plan claro de cobertura de temas.<\/li><li>Mejora la coherencia y la calidad mediante plantillas repetibles y normas editoriales.<\/li><li>Mejorar la preparaci\u00f3n t\u00e9cnica en materia de rastreo, indexaci\u00f3n y rendimiento.<\/li><li>Mejorar la forma en que se interpreta y resume el contenido en las respuestas generadas por IA.<\/li><li>Establecer un ritmo operativo para la optimizaci\u00f3n y la evaluaci\u00f3n continuas.<\/li><li>Proporcione a los equipos internos documentaci\u00f3n, capacitaci\u00f3n y una asignaci\u00f3n clara de responsabilidades.<\/li><\/ul><h3>Entregables<\/h3><ul><li>Resumen de la auditor\u00eda inicial, oportunidades, riesgos y plan de mejora priorizado.<\/li><li>Mapa de palabras clave y temas, que incluye grupos de intenci\u00f3n y recomendaciones de cl\u00fasteres de contenido.<\/li><li>Arquitectura de la informaci\u00f3n actualizada, directrices de enlaces internos y plantillas de estructura de p\u00e1ginas.<\/li><li>P\u00e1ginas optimizadas para temas prioritarios, con mejoras en la propia p\u00e1gina y en el AEO.<\/li><li>Estilo editorial y SEO: lista de verificaci\u00f3n de AEO para la publicaci\u00f3n continua.<\/li><li>Recomendaciones t\u00e9cnicas y notas de implementaci\u00f3n para el rendimiento y la indexabilidad.<\/li><li>Marco de medici\u00f3n, definiciones de los indicadores clave de rendimiento (KPI), periodicidad de los informes y esquema del tablero de control.<\/li><li>Materiales de formaci\u00f3n y documentaci\u00f3n de traspaso.<\/li><\/ul><h3>Modelo de entrega<\/h3><p><strong>Fase 1: An\u00e1lisis inicial y auditor\u00eda de referencia, de 1 a 2 semanas<\/strong><\/p><ul><li>Coordinar los objetivos, las audiencias y las conversiones deseadas.<\/li><li>Revisa el contenido actual, la estructura y los indicadores de rendimiento.<\/li><li>Definir los indicadores de \u00e9xito, el alcance y la hoja de ruta priorizada.<\/li><\/ul><p><strong>Fase 2, Investigaci\u00f3n y estrategia de contenido, de 2 a 4 semanas<\/strong><\/p><ul><li>Crea un mapa de palabras clave y temas con agrupaci\u00f3n por intenci\u00f3n.<\/li><li>Definir grupos de contenido, tipos de p\u00e1gina y estrategia de enlaces internos.<\/li><li>Establecer normas editoriales y patrones de AEO.<\/li><\/ul><p><strong>Fase 3: Implementaci\u00f3n y optimizaci\u00f3n, de 4 a 8 semanas<\/strong><\/p><ul><li>Optimiza las p\u00e1ginas prioritarias, la estructura del contenido y los elementos de la p\u00e1gina.<\/li><li>Aplicar las mejoras de AEO, las secciones basadas en preguntas, los res\u00famenes y las definiciones.<\/li><li>Aplicar las mejoras t\u00e9cnicas y estructurales que sean necesarias.<\/li><\/ul><p><strong>Fase 4, Seguimiento e iteraci\u00f3n, de 4 a 12 semanas<\/strong><\/p><ul><li>Configurar los paneles de control y la periodicidad de los informes.<\/li><li>Realiza revisiones semanales o quincenales para identificar oportunidades y problemas.<\/li><li>Actualiza el contenido en funci\u00f3n de los datos de rendimiento y las nuevas prioridades.<\/li><\/ul><p><strong>Fase 5, Habilitaci\u00f3n y traspaso, de 1 a 2 semanas.<\/strong><\/p><ul><li>Entregue gu\u00edas de procedimientos, plantillas y listas de verificaci\u00f3n de control de calidad.<\/li><li>Capacitar a los propietarios de contenido y a los revisores en materia de flujos de trabajo y medici\u00f3n.<\/li><li>Definir la cartera de proyectos para el pr\u00f3ximo ciclo y las rutinas de gobernanza en curso.<\/li><\/ul><p><!-- notionvc: 4322bf5f-618d-4342-ad39-be2b624c80be --><\/p>\t\t\t\t\t\t\t\t<\/div>\n\t\t\t\t<\/div>\n\t\t\t\t<div class=\"elementor-element elementor-element-7231244 elementor-widget elementor-widget-codeio-elementor-template\" data-id=\"7231244\" data-element_type=\"widget\" data-e-type=\"widget\" data-settings=\"{&quot;ekit_we_effect_on&quot;:&quot;none&quot;}\" data-widget_type=\"codeio-elementor-template.default\">\n\t\t\t\t<div class=\"elementor-widget-container\">\n\t\t\t\t\t\t\t<div class=\"elementor-template\">\n\t\t\t\t\t<\/div>\n\t\t\t\t\t\t<\/div>\n\t\t\t\t<\/div>\n\t\t\t\t<\/div>\n\t\t<div class=\"elementor-element elementor-element-8ef8b86 e-con-full e-flex e-con e-child\" data-id=\"8ef8b86\" data-element_type=\"container\" data-e-type=\"container\">\n\t\t\t\t<\/div>\n\t\t\t\t\t<\/div>\n\t\t\t\t<\/div>\n\t\t\t\t<\/div>","protected":false},"excerpt":{"rendered":"<p>Search Engine (SEO) &amp; AI-Answer Engine Optimization (AEO) [&hellip;]<\/p>\n","protected":false},"author":1,"featured_media":0,"parent":6346,"menu_order":0,"comment_status":"closed","ping_status":"closed","template":"elementor_header_footer","meta":{"_angie_page":false,"_monsterinsights_skip_tracking":false,"_monsterinsights_sitenote_active":false,"_monsterinsights_sitenote_note":"","_monsterinsights_sitenote_category":0,"footnotes":""},"class_list":["post-14138","page","type-page","status-publish","hentry"],"aioseo_notices":[],"_links":{"self":[{"href":"https:\/\/urbadigital.com\/es\/wp-json\/wp\/v2\/pages\/14138","targetHints":{"allow":["GET"]}}],"collection":[{"href":"https:\/\/urbadigital.com\/es\/wp-json\/wp\/v2\/pages"}],"about":[{"href":"https:\/\/urbadigital.com\/es\/wp-json\/wp\/v2\/types\/page"}],"author":[{"embeddable":true,"href":"https:\/\/urbadigital.com\/es\/wp-json\/wp\/v2\/users\/1"}],"replies":[{"embeddable":true,"href":"https:\/\/urbadigital.com\/es\/wp-json\/wp\/v2\/comments?post=14138"}],"version-history":[{"count":7,"href":"https:\/\/urbadigital.com\/es\/wp-json\/wp\/v2\/pages\/14138\/revisions"}],"predecessor-version":[{"id":14450,"href":"https:\/\/urbadigital.com\/es\/wp-json\/wp\/v2\/pages\/14138\/revisions\/14450"}],"up":[{"embeddable":true,"href":"https:\/\/urbadigital.com\/es\/wp-json\/wp\/v2\/pages\/6346"}],"wp:attachment":[{"href":"https:\/\/urbadigital.com\/es\/wp-json\/wp\/v2\/media?parent=14138"}],"curies":[{"name":"wp","href":"https:\/\/api.w.org\/{rel}","templated":true}]}}