{"id":14140,"date":"2026-03-04T09:14:07","date_gmt":"2026-03-04T14:14:07","guid":{"rendered":"https:\/\/urbadigital.com\/?page_id=14140"},"modified":"2026-03-11T09:16:12","modified_gmt":"2026-03-11T14:16:12","slug":"real-estate-management","status":"publish","type":"page","link":"https:\/\/urbadigital.com\/es\/solutions\/real-estate-management\/","title":{"rendered":"Administraci\u00f3n de bienes ra\u00edces"},"content":{"rendered":"<div data-elementor-type=\"wp-page\" data-elementor-id=\"14140\" class=\"elementor elementor-14140\" data-elementor-post-type=\"page\">\n\t\t\t\t<div class=\"elementor-element elementor-element-d1ec22d e-flex e-con-boxed e-con e-parent\" data-id=\"d1ec22d\" data-element_type=\"container\" data-e-type=\"container\">\n\t\t\t\t\t<div class=\"e-con-inner\">\n\t\t<div class=\"elementor-element elementor-element-fc0728d e-con-full e-flex e-con e-child\" data-id=\"fc0728d\" data-element_type=\"container\" data-e-type=\"container\">\n\t\t\t\t<\/div>\n\t\t<div class=\"elementor-element elementor-element-464f435 e-con-full e-flex e-con e-child\" data-id=\"464f435\" data-element_type=\"container\" data-e-type=\"container\">\n\t\t<div class=\"elementor-element elementor-element-63e9a4e e-con-full e-flex e-con e-child\" data-id=\"63e9a4e\" data-element_type=\"container\" data-e-type=\"container\">\n\t\t\t\t<div class=\"elementor-element elementor-element-6e3b106 at-heading-animation at-animation-heading-style-3 elementor-widget elementor-widget-heading\" data-id=\"6e3b106\" data-element_type=\"widget\" data-e-type=\"widget\" data-settings=\"{&quot;ekit_we_effect_on&quot;:&quot;none&quot;}\" data-widget_type=\"heading.default\">\n\t\t\t\t\t<h2 class=\"elementor-heading-title elementor-size-default\">Administraci\u00f3n de bienes ra\u00edces<\/h2>\t\t\t\t<\/div>\n\t\t<div class=\"elementor-element elementor-element-8e0305f e-con-full e-flex e-con e-child\" data-id=\"8e0305f\" data-element_type=\"container\" data-e-type=\"container\">\n\t\t<div class=\"elementor-element elementor-element-18f61a7 e-con-full elementor-hidden-mobile e-flex e-con e-child\" data-id=\"18f61a7\" data-element_type=\"container\" data-e-type=\"container\">\n\t\t\t\t<div class=\"elementor-element elementor-element-89e8203 at-distortion-effect strategy-item-image at-image-animation at-animation-image-none elementor-widget elementor-widget-image\" data-id=\"89e8203\" data-element_type=\"widget\" data-e-type=\"widget\" data-settings=\"{&quot;ekit_we_effect_on&quot;:&quot;none&quot;}\" data-widget_type=\"image.default\">\n\t\t\t\t\t\t\t\t\t\t\t\t\t\t\t<img fetchpriority=\"high\" decoding=\"async\" width=\"1376\" height=\"768\" src=\"https:\/\/urbadigital.com\/wp-content\/uploads\/2026\/03\/ledsalesservice.jpg\" class=\"attachment-full size-full wp-image-14014\" alt=\"\" srcset=\"https:\/\/urbadigital.com\/wp-content\/uploads\/2026\/03\/ledsalesservice.jpg 1376w, https:\/\/urbadigital.com\/wp-content\/uploads\/2026\/03\/ledsalesservice-300x167.jpg 300w, https:\/\/urbadigital.com\/wp-content\/uploads\/2026\/03\/ledsalesservice-1024x572.jpg 1024w, https:\/\/urbadigital.com\/wp-content\/uploads\/2026\/03\/ledsalesservice-768x429.jpg 768w, https:\/\/urbadigital.com\/wp-content\/uploads\/2026\/03\/ledsalesservice-18x10.jpg 18w\" sizes=\"(max-width: 1376px) 100vw, 1376px\" \/>\t\t\t\t\t\t\t\t\t\t\t\t\t\t\t<\/div>\n\t\t\t\t<\/div>\n\t\t<div class=\"elementor-element elementor-element-1a78d31 e-con-full e-flex e-con e-child\" data-id=\"1a78d31\" data-element_type=\"container\" data-e-type=\"container\">\n\t\t\t\t<div class=\"elementor-element elementor-element-8f00cc3 ekit-equal-height-disable elementor-invisible elementor-widget elementor-widget-elementskit-icon-box\" data-id=\"8f00cc3\" data-element_type=\"widget\" data-e-type=\"widget\" data-settings=\"{&quot;_animation&quot;:&quot;fadeInUp&quot;,&quot;ekit_we_effect_on&quot;:&quot;none&quot;}\" data-widget_type=\"elementskit-icon-box.default\">\n\t\t\t\t\t<div class=\"ekit-wid-con\" >        <!-- link opening -->\n                <!-- end link opening -->\n\n        <div class=\"elementskit-infobox text-left text- icon-lef-right-aligin elementor-animation-\">\n                        <div class=\"box-body\">\n                        \t\t  \t<p>Real Estate Management es un servicio que ayuda a las empresas inmobiliarias y a los equipos de gesti\u00f3n de propiedades a implementar y adoptar las capacidades digitales necesarias para gestionar de manera coherente las propiedades, los inquilinos, los propietarios y las operaciones. Se centra en traducir las necesidades operativas en flujos de trabajo pr\u00e1cticos y, a continuaci\u00f3n, configurar los entornos, los procesos y las rutinas de gobernanza que permiten a los equipos trabajar de manera eficiente y elaborar informes con confianza.<br><br>Este proyecto ayuda a las organizaciones que desean obtener una visi\u00f3n m\u00e1s clara de sus carteras, mejores niveles de servicio y un mayor control sobre la ejecuci\u00f3n diaria. Incluye apoyo en la implementaci\u00f3n, la configuraci\u00f3n de los flujos de trabajo y las pr\u00e1cticas operativas necesarias, as\u00ed como la capacitaci\u00f3n para que los equipos internos puedan gestionar la soluci\u00f3n y mejorarla con el tiempo.<\/p>\n                                <\/div>\n        \n        \n                <\/div>\n        <\/div>\t\t\t\t<\/div>\n\t\t\t\t<\/div>\n\t\t\t\t<\/div>\n\t\t\t\t<div class=\"elementor-element elementor-element-dbd5f9a elementor-invisible elementor-widget elementor-widget-text-editor\" data-id=\"dbd5f9a\" data-element_type=\"widget\" data-e-type=\"widget\" data-settings=\"{&quot;_animation&quot;:&quot;fadeInUp&quot;,&quot;ekit_we_effect_on&quot;:&quot;none&quot;}\" data-widget_type=\"text-editor.default\">\n\t\t\t\t\t\t\t\t\t<h3>Descripci\u00f3n del servicio<\/h3><p>Trabajamos con los responsables de liderazgo, operaciones, finanzas y los equipos t\u00e9cnicos para analizar el modelo operativo actual y definir un estado objetivo que mejore la eficiencia y la rendici\u00f3n de cuentas. El proyecto comienza con la comprensi\u00f3n de los flujos de trabajo del ciclo de vida de los inmuebles, incluyendo el arrendamiento, la incorporaci\u00f3n de nuevos inquilinos, el mantenimiento, la facturaci\u00f3n, el cobro, las renovaciones y la presentaci\u00f3n de informes. A partir de ah\u00ed, definimos los requisitos de procesos, datos y funciones, y luego implementamos un enfoque estructurado para su ejecuci\u00f3n.<\/p><p>La implementaci\u00f3n se lleva a cabo de forma iterativa. Damos prioridad a los flujos de trabajo que tienen mayor impacto operativo, establecemos est\u00e1ndares de calidad de datos y documentaci\u00f3n, y configuramos rutinas de revisi\u00f3n que garantizan una ejecuci\u00f3n coherente. El servicio tambi\u00e9n incluye la gesti\u00f3n del cambio y la capacitaci\u00f3n, para que los equipos adopten las nuevas formas de trabajo y mantengan la continuidad en todas las ubicaciones, tipos de propiedades y funciones.<\/p><p>Entre las \u00e1reas de intervenci\u00f3n habituales se incluyen el seguimiento de la cartera y de las unidades, los registros de inquilinos y propietarios, los procesos de contrataci\u00f3n y renovaci\u00f3n, los flujos de trabajo de solicitudes de mantenimiento, la coordinaci\u00f3n con los proveedores de servicios, los procesos de facturaci\u00f3n y cobro, la gesti\u00f3n de documentos, los paneles de control de rendimiento y los controles operativos. El alcance exacto se adapta a la complejidad de la cartera de la organizaci\u00f3n y a su modelo de servicio.<\/p><h3>Qu\u00e9 incluye<\/h3><ul><li><strong>Descubrimiento y alineaci\u00f3n<\/strong>, entrevistas con las partes interesadas, an\u00e1lisis de la situaci\u00f3n actual y definici\u00f3n de resultados medibles.<\/li><li><strong>Mapeo de procesos y funciones<\/strong>, arrendamiento, mantenimiento, facturaci\u00f3n, renovaciones y rutinas de servicio, adem\u00e1s de responsabilidades y autorizaciones.<\/li><li><strong>Modelo de datos y necesidades de generaci\u00f3n de informes<\/strong>, entidades clave, definiciones de datos, reglas de calidad y requisitos de presentaci\u00f3n de informes.<\/li><li><strong>Esquema de la soluci\u00f3n<\/strong>, dise\u00f1o de flujos de trabajo, rutinas operativas y plan de implementaci\u00f3n.<\/li><li><strong>Implementaci\u00f3n y configuraci\u00f3n<\/strong>, configuraci\u00f3n de flujos de trabajo, entornos, estructura de la documentaci\u00f3n y rutinas de control.<\/li><li><strong>Manuales operativos<\/strong>, procedimientos, v\u00edas de escalamiento, definiciones de niveles de servicio y rutinas de registro.<\/li><li><strong>Pruebas y validaci\u00f3n<\/strong>, validaci\u00f3n funcional, comprobaciones de escenarios y preparaci\u00f3n para el lanzamiento.<\/li><li><strong>Habilitaci\u00f3n y adopci\u00f3n<\/strong>, capacitaci\u00f3n basada en funciones, materiales de comunicaci\u00f3n y apoyo en el traspaso de funciones.<\/li><\/ul><h3>Qu\u00e9 le ayuda a lograr este servicio<\/h3><ul><li>Mejore la eficiencia operativa mediante la estandarizaci\u00f3n de los flujos de trabajo en todas las propiedades y equipos.<\/li><li>Mejore la visibilidad del rendimiento de la cartera mediante datos y informes coherentes.<\/li><li>Reduzca los retrasos en el servicio aclarando las responsabilidades, los procesos de aprobaci\u00f3n y los procedimientos de escalamiento.<\/li><li>Mejore la experiencia de los inquilinos y los propietarios con rutinas de servicio m\u00e1s predecibles.<\/li><li>Mejorar los procedimientos de facturaci\u00f3n y cobro mediante procesos claros y un seguimiento adecuado.<\/li><li>Reduzca los riesgos mejorando la documentaci\u00f3n, la trazabilidad y los controles operativos.<\/li><li>Mejora la toma de decisiones armonizando los indicadores, la periodicidad de los informes y las rutinas de revisi\u00f3n.<\/li><li>Permitir que los equipos internos utilicen y mejoren el sistema mediante capacitaci\u00f3n y gu\u00edas pr\u00e1cticas.<\/li><\/ul><h3>Entregables<\/h3><ul><li>Resumen de la situaci\u00f3n actual y la situaci\u00f3n deseada, objetivos, limitaciones y hoja de ruta priorizada.<\/li><li>Diagramas de procesos para los flujos de trabajo clave, incluyendo funciones, aprobaciones y excepciones.<\/li><li>Definiciones de datos y requisitos de presentaci\u00f3n de informes, incluidas las normas de calidad.<\/li><li>Lista de tareas pendientes de implementaci\u00f3n con criterios de aceptaci\u00f3n e hitos.<\/li><li>Manuales operativos para el arrendamiento, el mantenimiento, la facturaci\u00f3n y las renovaciones.<\/li><li>Plantillas de documentaci\u00f3n y procedimientos de verificaci\u00f3n para garantizar una ejecuci\u00f3n coherente.<\/li><li>Lista de verificaci\u00f3n de validaci\u00f3n y plan de preparaci\u00f3n para el lanzamiento.<\/li><li>Materiales de formaci\u00f3n y documentaci\u00f3n de traspaso.<\/li><\/ul><h3>Modelo de entrega<\/h3><p><strong>Fase 1: An\u00e1lisis exploratorio y mapeo del contexto de la cartera, de 1 a 2 semanas<\/strong><\/p><ul><li>Entrevistas con las partes interesadas y an\u00e1lisis de las operaciones actuales.<\/li><li>Identifique los flujos de trabajo, las funciones y las necesidades de datos clave.<\/li><li>Confirme los resultados, las limitaciones, los riesgos y las prioridades.<\/li><\/ul><p><strong>Fase 2: Definici\u00f3n de flujos de trabajo y datos, de 2 a 4 semanas<\/strong><\/p><ul><li>Defina los flujos de trabajo, las aprobaciones y las rutinas de servicio.<\/li><li>Defina las entidades clave, las reglas de datos y los requisitos de presentaci\u00f3n de informes.<\/li><li>Elaborar el esquema de la soluci\u00f3n, la lista de tareas pendientes para la implementaci\u00f3n y el plan de lanzamiento.<\/li><\/ul><p><strong>Fase 3: Implementaci\u00f3n y configuraci\u00f3n, de 4 a 10 semanas<\/strong><\/p><ul><li>Configurar los flujos de trabajo, la estructura de la documentaci\u00f3n y las rutinas operativas.<\/li><li>Implementar los componentes de gesti\u00f3n de datos y generaci\u00f3n de informes, as\u00ed como las integraciones necesarias.<\/li><li>Entregue el producto en iteraciones, con demostraciones y puntos de validaci\u00f3n.<\/li><\/ul><p><strong>Fase 4: Pruebas, preparaci\u00f3n operativa y controles, de 2 a 4 semanas<\/strong><\/p><ul><li>Validar escenarios de principio a fin, excepciones y traspasos operativos.<\/li><li>Finalizar los manuales de procedimientos, los procesos de escalamiento y la frecuencia de revisi\u00f3n.<\/li><li>Elaborar el plan de puesta en marcha y la lista de verificaci\u00f3n de preparaci\u00f3n.<\/li><\/ul><p><strong>Fase 5: Puesta en marcha y estabilizaci\u00f3n, de 1 a 3 semanas<\/strong><\/p><ul><li>Impartir capacitaci\u00f3n y realizar traspasos basados en funciones.<\/li><li>Apoyar la puesta en marcha, resolver los problemas y perfeccionar los procedimientos.<\/li><li>Confirma la frecuencia de seguimiento y la lista de tareas pendientes de mejora para el pr\u00f3ximo ciclo.<\/li><\/ul><p><!-- notionvc: 9642b47a-b97b-4a52-8ef8-81b7c845cd3f --><\/p>\t\t\t\t\t\t\t\t<\/div>\n\t\t\t\t<\/div>\n\t\t\t\t<div class=\"elementor-element elementor-element-7231244 elementor-widget elementor-widget-codeio-elementor-template\" data-id=\"7231244\" data-element_type=\"widget\" data-e-type=\"widget\" data-settings=\"{&quot;ekit_we_effect_on&quot;:&quot;none&quot;}\" data-widget_type=\"codeio-elementor-template.default\">\n\t\t\t\t<div class=\"elementor-widget-container\">\n\t\t\t\t\t\t\t<div class=\"elementor-template\">\n\t\t\t\t\t<\/div>\n\t\t\t\t\t\t<\/div>\n\t\t\t\t<\/div>\n\t\t\t\t<\/div>\n\t\t<div class=\"elementor-element elementor-element-8ef8b86 e-con-full e-flex e-con e-child\" data-id=\"8ef8b86\" data-element_type=\"container\" data-e-type=\"container\">\n\t\t\t\t<\/div>\n\t\t\t\t\t<\/div>\n\t\t\t\t<\/div>\n\t\t\t\t<\/div>","protected":false},"excerpt":{"rendered":"<p>Real Estate Management Real Estate Management is a [&hellip;]<\/p>\n","protected":false},"author":1,"featured_media":0,"parent":6346,"menu_order":0,"comment_status":"closed","ping_status":"closed","template":"elementor_header_footer","meta":{"_angie_page":false,"_monsterinsights_skip_tracking":false,"_monsterinsights_sitenote_active":false,"_monsterinsights_sitenote_note":"","_monsterinsights_sitenote_category":0,"footnotes":""},"class_list":["post-14140","page","type-page","status-publish","hentry"],"aioseo_notices":[],"_links":{"self":[{"href":"https:\/\/urbadigital.com\/es\/wp-json\/wp\/v2\/pages\/14140","targetHints":{"allow":["GET"]}}],"collection":[{"href":"https:\/\/urbadigital.com\/es\/wp-json\/wp\/v2\/pages"}],"about":[{"href":"https:\/\/urbadigital.com\/es\/wp-json\/wp\/v2\/types\/page"}],"author":[{"embeddable":true,"href":"https:\/\/urbadigital.com\/es\/wp-json\/wp\/v2\/users\/1"}],"replies":[{"embeddable":true,"href":"https:\/\/urbadigital.com\/es\/wp-json\/wp\/v2\/comments?post=14140"}],"version-history":[{"count":7,"href":"https:\/\/urbadigital.com\/es\/wp-json\/wp\/v2\/pages\/14140\/revisions"}],"predecessor-version":[{"id":14456,"href":"https:\/\/urbadigital.com\/es\/wp-json\/wp\/v2\/pages\/14140\/revisions\/14456"}],"up":[{"embeddable":true,"href":"https:\/\/urbadigital.com\/es\/wp-json\/wp\/v2\/pages\/6346"}],"wp:attachment":[{"href":"https:\/\/urbadigital.com\/es\/wp-json\/wp\/v2\/media?parent=14140"}],"curies":[{"name":"wp","href":"https:\/\/api.w.org\/{rel}","templated":true}]}}