{"id":14146,"date":"2026-03-04T09:16:47","date_gmt":"2026-03-04T14:16:47","guid":{"rendered":"https:\/\/urbadigital.com\/?page_id=14146"},"modified":"2026-03-11T08:36:18","modified_gmt":"2026-03-11T13:36:18","slug":"custom-software-discovery-design-ux-ui-development","status":"publish","type":"page","link":"https:\/\/urbadigital.com\/es\/solutions\/custom-software-discovery-design-ux-ui-development\/","title":{"rendered":"Custom Software Discovery, Design UX\/UI &#038; Development"},"content":{"rendered":"<div data-elementor-type=\"wp-page\" data-elementor-id=\"14146\" class=\"elementor elementor-14146\" data-elementor-post-type=\"page\">\n\t\t\t\t<div class=\"elementor-element elementor-element-d1ec22d e-flex e-con-boxed e-con e-parent\" data-id=\"d1ec22d\" data-element_type=\"container\" data-e-type=\"container\">\n\t\t\t\t\t<div class=\"e-con-inner\">\n\t\t<div class=\"elementor-element elementor-element-fc0728d e-con-full e-flex e-con e-child\" data-id=\"fc0728d\" data-element_type=\"container\" data-e-type=\"container\">\n\t\t\t\t<\/div>\n\t\t<div class=\"elementor-element elementor-element-464f435 e-con-full e-flex e-con e-child\" data-id=\"464f435\" data-element_type=\"container\" data-e-type=\"container\">\n\t\t<div class=\"elementor-element elementor-element-63e9a4e e-con-full e-flex e-con e-child\" data-id=\"63e9a4e\" data-element_type=\"container\" data-e-type=\"container\">\n\t\t\t\t<div class=\"elementor-element elementor-element-6e3b106 at-heading-animation at-animation-heading-style-3 elementor-widget elementor-widget-heading\" data-id=\"6e3b106\" data-element_type=\"widget\" data-e-type=\"widget\" data-settings=\"{&quot;ekit_we_effect_on&quot;:&quot;none&quot;}\" data-widget_type=\"heading.default\">\n\t\t\t\t\t<h2 class=\"elementor-heading-title elementor-size-default\">Descubrimiento de software personalizado, dise\u00f1o de UX\/UI y desarrollo<\/h2>\t\t\t\t<\/div>\n\t\t<div class=\"elementor-element elementor-element-8e0305f e-con-full e-flex e-con e-child\" data-id=\"8e0305f\" data-element_type=\"container\" data-e-type=\"container\">\n\t\t<div class=\"elementor-element elementor-element-18f61a7 e-con-full elementor-hidden-mobile e-flex e-con e-child\" data-id=\"18f61a7\" data-element_type=\"container\" data-e-type=\"container\">\n\t\t\t\t<div class=\"elementor-element elementor-element-89e8203 at-distortion-effect strategy-item-image at-image-animation at-animation-image-none elementor-widget elementor-widget-image\" data-id=\"89e8203\" data-element_type=\"widget\" data-e-type=\"widget\" data-settings=\"{&quot;ekit_we_effect_on&quot;:&quot;none&quot;}\" data-widget_type=\"image.default\">\n\t\t\t\t\t\t\t\t\t\t\t\t\t\t\t<img fetchpriority=\"high\" decoding=\"async\" width=\"1376\" height=\"768\" src=\"https:\/\/urbadigital.com\/wp-content\/uploads\/2026\/03\/ledsalesservice.jpg\" class=\"attachment-full size-full wp-image-14014\" alt=\"\" srcset=\"https:\/\/urbadigital.com\/wp-content\/uploads\/2026\/03\/ledsalesservice.jpg 1376w, https:\/\/urbadigital.com\/wp-content\/uploads\/2026\/03\/ledsalesservice-300x167.jpg 300w, https:\/\/urbadigital.com\/wp-content\/uploads\/2026\/03\/ledsalesservice-1024x572.jpg 1024w, https:\/\/urbadigital.com\/wp-content\/uploads\/2026\/03\/ledsalesservice-768x429.jpg 768w, https:\/\/urbadigital.com\/wp-content\/uploads\/2026\/03\/ledsalesservice-18x10.jpg 18w\" sizes=\"(max-width: 1376px) 100vw, 1376px\" \/>\t\t\t\t\t\t\t\t\t\t\t\t\t\t\t<\/div>\n\t\t\t\t<\/div>\n\t\t<div class=\"elementor-element elementor-element-1a78d31 e-con-full e-flex e-con e-child\" data-id=\"1a78d31\" data-element_type=\"container\" data-e-type=\"container\">\n\t\t\t\t<div class=\"elementor-element elementor-element-8f00cc3 ekit-equal-height-disable elementor-invisible elementor-widget elementor-widget-elementskit-icon-box\" data-id=\"8f00cc3\" data-element_type=\"widget\" data-e-type=\"widget\" data-settings=\"{&quot;_animation&quot;:&quot;fadeInUp&quot;,&quot;ekit_we_effect_on&quot;:&quot;none&quot;}\" data-widget_type=\"elementskit-icon-box.default\">\n\t\t\t\t\t<div class=\"ekit-wid-con\" >        <!-- link opening -->\n                <!-- end link opening -->\n\n        <div class=\"elementskit-infobox text-left text- icon-lef-right-aligin elementor-animation-\">\n                        <div class=\"box-body\">\n                        \t\t  \t<p>Este servicio est\u00e1 dise\u00f1ado para organizaciones que necesitan un socio de confianza con el que dar forma y llevar a cabo un proyecto de software a medida, desde la fase inicial de an\u00e1lisis hasta la entrega lista para producci\u00f3n. Facilita la selecci\u00f3n, configuraci\u00f3n e implementaci\u00f3n de las herramientas y entornos necesarios para implementar y operar la soluci\u00f3n, incluyendo la transferencia de conocimientos para que los equipos internos puedan mantener y ampliar lo desarrollado.<br><br>\n\nEl descubrimiento de software a medida, el dise\u00f1o de la experiencia de usuario (UX) y la interfaz de usuario (UI), y el desarrollo constituyen un proceso estructurado que ayuda a los equipos a definir, dise\u00f1ar y crear software que se adapte a los flujos de trabajo reales de la empresa. Alineamos los objetivos, los requisitos, las necesidades de los usuarios y las limitaciones t\u00e9cnicas, y luego los traducimos en una direcci\u00f3n clara para el producto, una experiencia validada y un plan de implementaci\u00f3n que se pueda llevar a cabo con confianza.<\/p>\n                                <\/div>\n        \n        \n                <\/div>\n        <\/div>\t\t\t\t<\/div>\n\t\t\t\t<\/div>\n\t\t\t\t<\/div>\n\t\t\t\t<div class=\"elementor-element elementor-element-dbd5f9a elementor-invisible elementor-widget elementor-widget-text-editor\" data-id=\"dbd5f9a\" data-element_type=\"widget\" data-e-type=\"widget\" data-settings=\"{&quot;_animation&quot;:&quot;fadeInUp&quot;,&quot;ekit_we_effect_on&quot;:&quot;none&quot;}\" data-widget_type=\"text-editor.default\">\n\t\t\t\t\t\t\t\t\t<h3>Descripci\u00f3n del servicio<\/h3><p>Combinamos el descubrimiento de productos, el dise\u00f1o de la experiencia de usuario (UX) y la interfaz de usuario (UI), y la ingenier\u00eda de software en un enfoque de entrega coherente. El trabajo comienza por definir claramente el problema y los criterios de \u00e9xito, para luego trazar el recorrido completo de las personas que utilizar\u00e1n el sistema. A partir de ah\u00ed, dise\u00f1amos interfaces e interacciones sencillas, coherentes y eficientes, y desarrollamos el software en ciclos iterativos que mantienen a las partes interesadas involucradas y reducen el riesgo.<\/p><p>A lo largo de todo el proyecto, nos aseguramos de que las pr\u00e1cticas de entrega sean pr\u00e1cticas y cuantificables, de que los requisitos se puedan relacionar con los resultados y de que las decisiones queden documentadas. Tambi\u00e9n brindamos apoyo para garantizar la preparaci\u00f3n para la implementaci\u00f3n, lo que incluye los entornos, la configuraci\u00f3n, los flujos de trabajo, la incorporaci\u00f3n del equipo y la capacitaci\u00f3n, de modo que la soluci\u00f3n no solo se desarrolle, sino que tambi\u00e9n se adopte.<\/p><h3>Qu\u00e9 incluye<\/h3><ul><li><strong>Descubrimiento y alineaci\u00f3n<\/strong>, entrevistas con las partes interesadas, an\u00e1lisis del contexto, mapeo de procesos y definici\u00f3n de resultados medibles.<\/li><li><strong>Definici\u00f3n de requisitos y alcance<\/strong>, historias de usuario, criterios de aceptaci\u00f3n, priorizaci\u00f3n y planificaci\u00f3n de lanzamientos.<\/li><li><strong>Investigaci\u00f3n de la experiencia del usuario y dise\u00f1o de la experiencia<\/strong>, perfiles de usuario, mapas de recorrido, arquitectura de la informaci\u00f3n y flujos de interacci\u00f3n.<\/li><li><strong>Sistema de dise\u00f1o de la interfaz de usuario<\/strong>, lenguaje visual, componentes, comportamiento adaptativo, aspectos relacionados con la accesibilidad y estados.<\/li><li><strong>Creaci\u00f3n de prototipos y validaci\u00f3n<\/strong>, prototipos interactivos, sesiones de retroalimentaci\u00f3n y mejoras iterativas.<\/li><li><strong>Desarrollo de software<\/strong>, implementaci\u00f3n de front-end y back-end, integraciones, modelado de datos y aspectos relacionados con el rendimiento.<\/li><li><strong>Control de calidad<\/strong>, estrategia de pruebas, pruebas funcionales, pruebas de regresi\u00f3n y preparaci\u00f3n para el lanzamiento.<\/li><li><strong>Preparaci\u00f3n para la implementaci\u00f3n<\/strong>, configuraci\u00f3n de los flujos de trabajo y entornos de entrega, documentaci\u00f3n y capacitaci\u00f3n del equipo.<\/li><\/ul><h3>Qu\u00e9 le ayuda a lograr este servicio<\/h3><ul><li>Alinear a las partes interesadas en torno a una visi\u00f3n com\u00fan del producto, las prioridades y los indicadores de \u00e9xito.<\/li><li>Reduzca las repeticiones de trabajo validando los requisitos y los flujos de usuario antes del desarrollo.<\/li><li>Convierte los procesos complejos en experiencias claras y pr\u00e1cticas que los equipos adopten.<\/li><li>Entregue el software de forma iterativa, con hitos predecibles y un avance transparente.<\/li><li>Aumente la confianza en la entrega con un alcance claro, criterios de aceptaci\u00f3n y una cobertura de control de calidad bien definida.<\/li><li>Establecer un sistema de interfaz de usuario f\u00e1cil de mantener que se adapte a todas las funciones y equipos.<\/li><li>Potenciar a los equipos internos mediante la documentaci\u00f3n, la incorporaci\u00f3n y la transferencia de conocimientos.<\/li><li>Lanza el proyecto con una mentalidad orientada a la operaci\u00f3n, lo que incluye estar preparado para ofrecer asistencia y realizar mejoras.<\/li><\/ul><h3>Entregables<\/h3><ul><li>Resumen del proceso de descubrimiento, objetivos, limitaciones e indicadores de \u00e9xito.<\/li><li>Lista de productos pendientes con historias de usuario priorizadas y criterios de aceptaci\u00f3n.<\/li><li>Elementos de UX, recorridos, flujos, arquitectura de la informaci\u00f3n.<\/li><li>Dise\u00f1os de interfaz de usuario, directrices para la biblioteca de componentes, especificaciones de adaptabilidad.<\/li><li>Prototipos para la validaci\u00f3n y la coordinaci\u00f3n con las partes interesadas.<\/li><li>Incrementos de software funcional, revisados en demostraciones peri\u00f3dicas.<\/li><li>Lista de verificaci\u00f3n de control de calidad y pruebas de cada lanzamiento.<\/li><li>Documentaci\u00f3n de implementaci\u00f3n y materiales de traspaso.<\/li><\/ul><h3>Modelo de entrega<\/h3><p><strong>Fase 1: An\u00e1lisis y alineaci\u00f3n, de 1 a 2 semanas<\/strong><\/p><ul><li>Talleres con las partes interesadas y definici\u00f3n del problema.<\/li><li>L\u00edmites del alcance, supuestos, riesgos y dependencias.<\/li><li>Resumen inicial de la cartera de proyectos y m\u00e9tricas de \u00e9xito.<\/li><\/ul><p><strong>Fase 2: Investigaci\u00f3n de la experiencia del usuario y definici\u00f3n de la experiencia, de 1 a 3 semanas<\/strong><\/p><ul><li>Mapeo de usuarios y flujos de trabajo, recorridos y escenarios clave.<\/li><li>Arquitectura de la informaci\u00f3n y flujos de interacci\u00f3n.<\/li><li>Sesiones de validaci\u00f3n tempranas e iteraci\u00f3n.<\/li><\/ul><p><strong>Fase 3, Dise\u00f1o y especificaciones de la interfaz de usuario, de 2 a 4 semanas<\/strong><\/p><ul><li>Direcci\u00f3n visual y enfoque por componentes.<\/li><li>Pantallas de alta fidelidad, comportamiento receptivo y estados.<\/li><li>Documentaci\u00f3n de dise\u00f1o para una implementaci\u00f3n coherente.<\/li><\/ul><p><strong>Fase 4, Desarrollo y entrega iterativa, de 4 a 12 semanas<\/strong><\/p><ul><li>Desarrolla en versiones incrementales con demostraciones y ciclos de retroalimentaci\u00f3n.<\/li><li>Trabajos de integraci\u00f3n, modelado de datos y optimizaci\u00f3n del rendimiento.<\/li><li>Ejecuci\u00f3n del control de calidad y preparaci\u00f3n para el lanzamiento en cada iteraci\u00f3n.<\/li><\/ul><p><strong>Fase 5: Preparaci\u00f3n para la implementaci\u00f3n y traspaso, de 1 a 2 semanas<\/strong><\/p><ul><li>Preparaci\u00f3n operativa, documentaci\u00f3n y capacitaci\u00f3n del equipo.<\/li><li>Transferencia de conocimientos y apoyo a la estabilizaci\u00f3n.<\/li><li>Hoja de ruta con los pr\u00f3ximos pasos para la mejora continua.<\/li><\/ul><p><!-- notionvc: c32ea212-54e5-4261-8e8b-b13a7d9258f6 --><\/p>\t\t\t\t\t\t\t\t<\/div>\n\t\t\t\t<\/div>\n\t\t\t\t<div class=\"elementor-element elementor-element-7231244 elementor-widget elementor-widget-codeio-elementor-template\" data-id=\"7231244\" data-element_type=\"widget\" data-e-type=\"widget\" data-settings=\"{&quot;ekit_we_effect_on&quot;:&quot;none&quot;}\" data-widget_type=\"codeio-elementor-template.default\">\n\t\t\t\t<div class=\"elementor-widget-container\">\n\t\t\t\t\t\t\t<div class=\"elementor-template\">\n\t\t\t\t\t<\/div>\n\t\t\t\t\t\t<\/div>\n\t\t\t\t<\/div>\n\t\t\t\t<\/div>\n\t\t<div class=\"elementor-element elementor-element-8ef8b86 e-con-full e-flex e-con e-child\" data-id=\"8ef8b86\" data-element_type=\"container\" data-e-type=\"container\">\n\t\t\t\t<\/div>\n\t\t\t\t\t<\/div>\n\t\t\t\t<\/div>\n\t\t\t\t<\/div>","protected":false},"excerpt":{"rendered":"<p>Custom Software Discovery, Design UX\/UI &amp; Development This [&hellip;]<\/p>\n","protected":false},"author":1,"featured_media":0,"parent":6346,"menu_order":0,"comment_status":"closed","ping_status":"closed","template":"elementor_header_footer","meta":{"_angie_page":false,"_monsterinsights_skip_tracking":false,"_monsterinsights_sitenote_active":false,"_monsterinsights_sitenote_note":"","_monsterinsights_sitenote_category":0,"footnotes":""},"class_list":["post-14146","page","type-page","status-publish","hentry"],"aioseo_notices":[],"_links":{"self":[{"href":"https:\/\/urbadigital.com\/es\/wp-json\/wp\/v2\/pages\/14146","targetHints":{"allow":["GET"]}}],"collection":[{"href":"https:\/\/urbadigital.com\/es\/wp-json\/wp\/v2\/pages"}],"about":[{"href":"https:\/\/urbadigital.com\/es\/wp-json\/wp\/v2\/types\/page"}],"author":[{"embeddable":true,"href":"https:\/\/urbadigital.com\/es\/wp-json\/wp\/v2\/users\/1"}],"replies":[{"embeddable":true,"href":"https:\/\/urbadigital.com\/es\/wp-json\/wp\/v2\/comments?post=14146"}],"version-history":[{"count":10,"href":"https:\/\/urbadigital.com\/es\/wp-json\/wp\/v2\/pages\/14146\/revisions"}],"predecessor-version":[{"id":14428,"href":"https:\/\/urbadigital.com\/es\/wp-json\/wp\/v2\/pages\/14146\/revisions\/14428"}],"up":[{"embeddable":true,"href":"https:\/\/urbadigital.com\/es\/wp-json\/wp\/v2\/pages\/6346"}],"wp:attachment":[{"href":"https:\/\/urbadigital.com\/es\/wp-json\/wp\/v2\/media?parent=14146"}],"curies":[{"name":"wp","href":"https:\/\/api.w.org\/{rel}","templated":true}]}}