{"id":14148,"date":"2026-03-04T09:17:48","date_gmt":"2026-03-04T14:17:48","guid":{"rendered":"https:\/\/urbadigital.com\/?page_id=14148"},"modified":"2026-03-11T08:36:46","modified_gmt":"2026-03-11T13:36:46","slug":"tech-certified-training-skills","status":"publish","type":"page","link":"https:\/\/urbadigital.com\/es\/solutions\/tech-certified-training-skills\/","title":{"rendered":"Formaci\u00f3n\/habilidades con certificaci\u00f3n tecnol\u00f3gica"},"content":{"rendered":"<div data-elementor-type=\"wp-page\" data-elementor-id=\"14148\" class=\"elementor elementor-14148\" data-elementor-post-type=\"page\">\n\t\t\t\t<div class=\"elementor-element elementor-element-d1ec22d e-flex e-con-boxed e-con e-parent\" data-id=\"d1ec22d\" data-element_type=\"container\" data-e-type=\"container\">\n\t\t\t\t\t<div class=\"e-con-inner\">\n\t\t<div class=\"elementor-element elementor-element-fc0728d e-con-full e-flex e-con e-child\" data-id=\"fc0728d\" data-element_type=\"container\" data-e-type=\"container\">\n\t\t\t\t<\/div>\n\t\t<div class=\"elementor-element elementor-element-464f435 e-con-full e-flex e-con e-child\" data-id=\"464f435\" data-element_type=\"container\" data-e-type=\"container\">\n\t\t<div class=\"elementor-element elementor-element-63e9a4e e-con-full e-flex e-con e-child\" data-id=\"63e9a4e\" data-element_type=\"container\" data-e-type=\"container\">\n\t\t\t\t<div class=\"elementor-element elementor-element-6e3b106 at-heading-animation at-animation-heading-style-3 elementor-widget elementor-widget-heading\" data-id=\"6e3b106\" data-element_type=\"widget\" data-e-type=\"widget\" data-settings=\"{&quot;ekit_we_effect_on&quot;:&quot;none&quot;}\" data-widget_type=\"heading.default\">\n\t\t\t\t\t<h2 class=\"elementor-heading-title elementor-size-default\">Formaci\u00f3n\/habilidades con certificaci\u00f3n tecnol\u00f3gica<\/h2>\t\t\t\t<\/div>\n\t\t<div class=\"elementor-element elementor-element-8e0305f e-con-full e-flex e-con e-child\" data-id=\"8e0305f\" data-element_type=\"container\" data-e-type=\"container\">\n\t\t<div class=\"elementor-element elementor-element-18f61a7 e-con-full elementor-hidden-mobile e-flex e-con e-child\" data-id=\"18f61a7\" data-element_type=\"container\" data-e-type=\"container\">\n\t\t\t\t<div class=\"elementor-element elementor-element-89e8203 at-distortion-effect strategy-item-image at-image-animation at-animation-image-none elementor-widget elementor-widget-image\" data-id=\"89e8203\" data-element_type=\"widget\" data-e-type=\"widget\" data-settings=\"{&quot;ekit_we_effect_on&quot;:&quot;none&quot;}\" data-widget_type=\"image.default\">\n\t\t\t\t\t\t\t\t\t\t\t\t\t\t\t<img fetchpriority=\"high\" decoding=\"async\" width=\"1376\" height=\"768\" src=\"https:\/\/urbadigital.com\/wp-content\/uploads\/2026\/03\/ledsalesservice.jpg\" class=\"attachment-full size-full wp-image-14014\" alt=\"\" srcset=\"https:\/\/urbadigital.com\/wp-content\/uploads\/2026\/03\/ledsalesservice.jpg 1376w, https:\/\/urbadigital.com\/wp-content\/uploads\/2026\/03\/ledsalesservice-300x167.jpg 300w, https:\/\/urbadigital.com\/wp-content\/uploads\/2026\/03\/ledsalesservice-1024x572.jpg 1024w, https:\/\/urbadigital.com\/wp-content\/uploads\/2026\/03\/ledsalesservice-768x429.jpg 768w, https:\/\/urbadigital.com\/wp-content\/uploads\/2026\/03\/ledsalesservice-18x10.jpg 18w\" sizes=\"(max-width: 1376px) 100vw, 1376px\" \/>\t\t\t\t\t\t\t\t\t\t\t\t\t\t\t<\/div>\n\t\t\t\t<\/div>\n\t\t<div class=\"elementor-element elementor-element-1a78d31 e-con-full e-flex e-con e-child\" data-id=\"1a78d31\" data-element_type=\"container\" data-e-type=\"container\">\n\t\t\t\t<div class=\"elementor-element elementor-element-8f00cc3 ekit-equal-height-disable elementor-invisible elementor-widget elementor-widget-elementskit-icon-box\" data-id=\"8f00cc3\" data-element_type=\"widget\" data-e-type=\"widget\" data-settings=\"{&quot;_animation&quot;:&quot;fadeInUp&quot;,&quot;ekit_we_effect_on&quot;:&quot;none&quot;}\" data-widget_type=\"elementskit-icon-box.default\">\n\t\t\t\t\t<div class=\"ekit-wid-con\" >        <!-- link opening -->\n                <!-- end link opening -->\n\n        <div class=\"elementskit-infobox text-left text- icon-lef-right-aligin elementor-animation-\">\n                        <div class=\"box-body\">\n                        \t\t  \t<p>Tech Certified Training and Skills es un servicio estructurado que ayuda a las organizaciones a desarrollar capacidades t\u00e9cnicas pr\u00e1cticas mediante una implementaci\u00f3n guiada, capacitaci\u00f3n pr\u00e1ctica y el desarrollo de habilidades basadas en funciones. El objetivo es ayudar a los equipos a adoptar las herramientas, los flujos de trabajo y las pr\u00e1cticas de ingenier\u00eda necesarias para implementar y gestionar soluciones digitales modernas con confianza.<br><br>Este proyecto est\u00e1 dise\u00f1ado para organizaciones que desean mejorar las competencias de sus equipos internos y, al mismo tiempo, optimizar la ejecuci\u00f3n diaria. Combina la capacitaci\u00f3n con el trabajo real, lo que incluye la configuraci\u00f3n de entornos de aprendizaje, ejercicios pr\u00e1cticos adaptados a las necesidades del negocio y un enfoque de medici\u00f3n claro para que el progreso sea visible y reproducible.<\/p>\n                                <\/div>\n        \n        \n                <\/div>\n        <\/div>\t\t\t\t<\/div>\n\t\t\t\t<\/div>\n\t\t\t\t<\/div>\n\t\t\t\t<div class=\"elementor-element elementor-element-dbd5f9a elementor-invisible elementor-widget elementor-widget-text-editor\" data-id=\"dbd5f9a\" data-element_type=\"widget\" data-e-type=\"widget\" data-settings=\"{&quot;_animation&quot;:&quot;fadeInUp&quot;,&quot;ekit_we_effect_on&quot;:&quot;none&quot;}\" data-widget_type=\"text-editor.default\">\n\t\t\t\t\t\t\t\t\t<h3>Descripci\u00f3n del servicio<\/h3><p>Dise\u00f1amos e impartimos programas de capacitaci\u00f3n que se adaptan a la forma en que los equipos trabajan en la pr\u00e1ctica. El servicio comienza con una evaluaci\u00f3n de habilidades y necesidades, y luego define un plan de aprendizaje por funci\u00f3n, como liderazgo, producto, ingenier\u00eda, datos, operaciones y control de calidad. El plan de estudios se adapta al contexto de la organizaci\u00f3n e incluye talleres pr\u00e1cticos, tareas guiadas y asesoramiento.<\/p><p>La capacitaci\u00f3n se complementa con apoyo para la implementaci\u00f3n, lo que incluye la configuraci\u00f3n de flujos de trabajo de aprendizaje, plantillas y documentaci\u00f3n de apoyo que los equipos pueden reutilizar. El objetivo no es solo completar las sesiones de capacitaci\u00f3n, sino mejorar la calidad, la coherencia y la autonom\u00eda en la ejecuci\u00f3n. La transferencia de conocimientos se integra a trav\u00e9s de gu\u00edas pr\u00e1cticas, revisiones de ejercicios y un plan de capacitaci\u00f3n que respalda el crecimiento continuo tras la finalizaci\u00f3n del proyecto.<\/p><h3>Qu\u00e9 incluye<\/h3><ul><li><strong>Evaluaci\u00f3n de habilidades y necesidades<\/strong>, entrevistas, evaluaci\u00f3n inicial y definici\u00f3n de los niveles de capacidad deseados.<\/li><li><strong>Dise\u00f1o de programas de formaci\u00f3n<\/strong>, itinerarios de aprendizaje basados en funciones, estructura curricular y objetivos de aprendizaje.<\/li><li><strong>Talleres pr\u00e1cticos<\/strong>, sesiones guiadas con ejercicios pr\u00e1cticos y situaciones reales.<\/li><li><strong>Talleres de aprendizaje y tareas<\/strong>, ejercicios pr\u00e1cticos paso a paso, tareas de pr\u00e1ctica y puntos de revisi\u00f3n.<\/li><li><strong>Preparaci\u00f3n para la implementaci\u00f3n<\/strong>, configuraci\u00f3n de entornos de formaci\u00f3n, flujos de trabajo, plantillas y documentaci\u00f3n.<\/li><li><strong>Asesoramiento y horario de atenci\u00f3n<\/strong>, asistencia para resolver dudas, soluci\u00f3n de problemas y aprendizaje pr\u00e1ctico.<\/li><li><strong>Apoyo en materia de evaluaci\u00f3n y certificaci\u00f3n<\/strong>, criterios de evaluaci\u00f3n, ex\u00e1menes pr\u00e1cticos y pruebas de competencia.<\/li><li><strong>Adopci\u00f3n y sostenibilidad<\/strong>, gu\u00edas de procedimientos, plan de capacitaci\u00f3n interna y lista de tareas pendientes para la mejora continua.<\/li><\/ul><h3>Qu\u00e9 le ayuda a lograr este servicio<\/h3><ul><li>Desarrolla habilidades t\u00e9cnicas pr\u00e1cticas que se traduzcan en una mejor ejecuci\u00f3n y gesti\u00f3n de las operaciones.<\/li><li>Reducir la dependencia del apoyo externo aumentando la autonom\u00eda interna.<\/li><li>Estandarizar las pr\u00e1cticas de trabajo mediante plantillas, listas de verificaci\u00f3n y rutinas compartidas.<\/li><li>Mejora la calidad y la fiabilidad reforzando los h\u00e1bitos de prueba, revisi\u00f3n y lanzamiento.<\/li><li>Acelera la incorporaci\u00f3n de los nuevos miembros del equipo con itinerarios de aprendizaje estructurados.<\/li><li>Aumenta la coherencia entre los equipos mediante la armonizaci\u00f3n de funciones, responsabilidades y expectativas.<\/li><li>Haz que el desarrollo de capacidades sea cuantificable mediante evaluaciones y el seguimiento del progreso.<\/li><li>Fomente la adopci\u00f3n del cambio combinando la capacitaci\u00f3n con el trabajo pr\u00e1ctico de implementaci\u00f3n.<\/li><\/ul><h3>Entregables<\/h3><ul><li>Resumen de la evaluaci\u00f3n de competencias, situaci\u00f3n inicial, carencias y niveles de capacidad deseados.<\/li><li>Plan de aprendizaje basado en funciones, esquema del plan de estudios y calendario.<\/li><li>Materiales para talleres, ejercicios y gu\u00edas de laboratorio.<\/li><li>Realiza los ejercicios y repasa las plantillas.<\/li><li>Gu\u00edas de referencia, flujos de trabajo y documentaci\u00f3n reutilizable.<\/li><li>Criterios de evaluaci\u00f3n y estructura de la evidencia para el seguimiento de competencias.<\/li><li>Informe final con recomendaciones para el pr\u00f3ximo ciclo de formaci\u00f3n.<\/li><\/ul><h3>Modelo de entrega<\/h3><p><strong>Fase 1: Evaluaci\u00f3n y dise\u00f1o del programa, de 1 a 2 semanas<\/strong><\/p><ul><li>Recopilar informaci\u00f3n contextual, definir funciones y evaluar las competencias b\u00e1sicas.<\/li><li>Defina los objetivos de aprendizaje, el plan de estudios y los indicadores de \u00e9xito.<\/li><li>Confirmar el calendario, el modelo de participaci\u00f3n y el enfoque de las pr\u00e1cticas.<\/li><\/ul><p><strong>Fase 2: Talleres b\u00e1sicos y configuraci\u00f3n, de 2 a 4 semanas<\/strong><\/p><ul><li>Impartir talleres b\u00e1sicos y pr\u00e1cticas guiadas.<\/li><li>Configurar entornos de formaci\u00f3n, plantillas y flujos de trabajo de aprendizaje.<\/li><li>Establecer un m\u00e9todo de evaluaci\u00f3n y rutinas de seguimiento del progreso.<\/li><\/ul><p><strong>Fase 3: Formaci\u00f3n pr\u00e1ctica y coaching, de 4 a 8 semanas<\/strong><\/p><ul><li>Organiza sesiones pr\u00e1cticas basadas en situaciones reales y en las necesidades del equipo.<\/li><li>Ofrecer asesoramiento, horarios de atenci\u00f3n y puntos de revisi\u00f3n.<\/li><li>Reforzar las pr\u00e1cticas de trabajo mediante ejercicios y ciclos de retroalimentaci\u00f3n.<\/li><\/ul><p><strong>Fase 4, Evaluaci\u00f3n y validaci\u00f3n, de 1 a 3 semanas<\/strong><\/p><ul><li>Realizar evaluaciones pr\u00e1cticas y revisiones de competencias.<\/li><li>Recopila pruebas de las competencias adquiridas e identifica las carencias que a\u00fan persisten.<\/li><li>Adapta el plan de aprendizaje para un refuerzo espec\u00edfico.<\/li><\/ul><p><strong>Fase 5, Plan de entrega y sostenibilidad, de 1 a 2 semanas<\/strong><\/p><ul><li>Proporcione gu\u00edas de procedimientos y materiales de capacitaci\u00f3n reutilizables.<\/li><li>Formar a los promotores internos y definir la hoja de ruta para el pr\u00f3ximo ciclo.<\/li><li>Confirmar la responsabilidad, la cadencia y el enfoque de mejora continua.<\/li><\/ul><p><!-- notionvc: fa88bba1-df2b-46fb-b90c-cc50def3157a --><\/p>\t\t\t\t\t\t\t\t<\/div>\n\t\t\t\t<\/div>\n\t\t\t\t<div class=\"elementor-element elementor-element-7231244 elementor-widget elementor-widget-codeio-elementor-template\" data-id=\"7231244\" data-element_type=\"widget\" data-e-type=\"widget\" data-settings=\"{&quot;ekit_we_effect_on&quot;:&quot;none&quot;}\" data-widget_type=\"codeio-elementor-template.default\">\n\t\t\t\t<div class=\"elementor-widget-container\">\n\t\t\t\t\t\t\t<div class=\"elementor-template\">\n\t\t\t\t\t<\/div>\n\t\t\t\t\t\t<\/div>\n\t\t\t\t<\/div>\n\t\t\t\t<\/div>\n\t\t<div class=\"elementor-element elementor-element-8ef8b86 e-con-full e-flex e-con e-child\" data-id=\"8ef8b86\" data-element_type=\"container\" data-e-type=\"container\">\n\t\t\t\t<\/div>\n\t\t\t\t\t<\/div>\n\t\t\t\t<\/div>\n\t\t\t\t<\/div>","protected":false},"excerpt":{"rendered":"<p>Tech Certified Training\/Skills Tech Certified Training and Skills [&hellip;]<\/p>\n","protected":false},"author":1,"featured_media":0,"parent":6346,"menu_order":0,"comment_status":"closed","ping_status":"closed","template":"elementor_header_footer","meta":{"_angie_page":false,"_monsterinsights_skip_tracking":false,"_monsterinsights_sitenote_active":false,"_monsterinsights_sitenote_note":"","_monsterinsights_sitenote_category":0,"footnotes":""},"class_list":["post-14148","page","type-page","status-publish","hentry"],"aioseo_notices":[],"_links":{"self":[{"href":"https:\/\/urbadigital.com\/es\/wp-json\/wp\/v2\/pages\/14148","targetHints":{"allow":["GET"]}}],"collection":[{"href":"https:\/\/urbadigital.com\/es\/wp-json\/wp\/v2\/pages"}],"about":[{"href":"https:\/\/urbadigital.com\/es\/wp-json\/wp\/v2\/types\/page"}],"author":[{"embeddable":true,"href":"https:\/\/urbadigital.com\/es\/wp-json\/wp\/v2\/users\/1"}],"replies":[{"embeddable":true,"href":"https:\/\/urbadigital.com\/es\/wp-json\/wp\/v2\/comments?post=14148"}],"version-history":[{"count":7,"href":"https:\/\/urbadigital.com\/es\/wp-json\/wp\/v2\/pages\/14148\/revisions"}],"predecessor-version":[{"id":14431,"href":"https:\/\/urbadigital.com\/es\/wp-json\/wp\/v2\/pages\/14148\/revisions\/14431"}],"up":[{"embeddable":true,"href":"https:\/\/urbadigital.com\/es\/wp-json\/wp\/v2\/pages\/6346"}],"wp:attachment":[{"href":"https:\/\/urbadigital.com\/es\/wp-json\/wp\/v2\/media?parent=14148"}],"curies":[{"name":"wp","href":"https:\/\/api.w.org\/{rel}","templated":true}]}}