{"id":14159,"date":"2026-03-04T09:21:13","date_gmt":"2026-03-04T14:21:13","guid":{"rendered":"https:\/\/urbadigital.com\/?page_id=14159"},"modified":"2026-03-11T09:17:00","modified_gmt":"2026-03-11T14:17:00","slug":"results-oriented-okr-software","status":"publish","type":"page","link":"https:\/\/urbadigital.com\/es\/products\/results-oriented-okr-software\/","title":{"rendered":"Software OKR orientado a resultados"},"content":{"rendered":"<div data-elementor-type=\"wp-page\" data-elementor-id=\"14159\" class=\"elementor elementor-14159\" data-elementor-post-type=\"page\">\n\t\t\t\t<div class=\"elementor-element elementor-element-d1ec22d e-flex e-con-boxed e-con e-parent\" data-id=\"d1ec22d\" data-element_type=\"container\" data-e-type=\"container\">\n\t\t\t\t\t<div class=\"e-con-inner\">\n\t\t<div class=\"elementor-element elementor-element-fc0728d e-con-full e-flex e-con e-child\" data-id=\"fc0728d\" data-element_type=\"container\" data-e-type=\"container\">\n\t\t\t\t<\/div>\n\t\t<div class=\"elementor-element elementor-element-464f435 e-con-full e-flex e-con e-child\" data-id=\"464f435\" data-element_type=\"container\" data-e-type=\"container\">\n\t\t<div class=\"elementor-element elementor-element-63e9a4e e-con-full e-flex e-con e-child\" data-id=\"63e9a4e\" data-element_type=\"container\" data-e-type=\"container\">\n\t\t\t\t<div class=\"elementor-element elementor-element-6e3b106 at-heading-animation at-animation-heading-style-3 elementor-widget elementor-widget-heading\" data-id=\"6e3b106\" data-element_type=\"widget\" data-e-type=\"widget\" data-settings=\"{&quot;ekit_we_effect_on&quot;:&quot;none&quot;}\" data-widget_type=\"heading.default\">\n\t\t\t\t\t<h2 class=\"elementor-heading-title elementor-size-default\">Software OKR orientado a resultados<\/h2>\t\t\t\t<\/div>\n\t\t<div class=\"elementor-element elementor-element-8e0305f e-con-full e-flex e-con e-child\" data-id=\"8e0305f\" data-element_type=\"container\" data-e-type=\"container\">\n\t\t<div class=\"elementor-element elementor-element-18f61a7 e-con-full elementor-hidden-mobile e-flex e-con e-child\" data-id=\"18f61a7\" data-element_type=\"container\" data-e-type=\"container\">\n\t\t\t\t<div class=\"elementor-element elementor-element-89e8203 at-distortion-effect strategy-item-image at-image-animation at-animation-image-none elementor-widget elementor-widget-image\" data-id=\"89e8203\" data-element_type=\"widget\" data-e-type=\"widget\" data-settings=\"{&quot;ekit_we_effect_on&quot;:&quot;none&quot;}\" data-widget_type=\"image.default\">\n\t\t\t\t\t\t\t\t\t\t\t\t\t\t\t<img fetchpriority=\"high\" decoding=\"async\" width=\"1376\" height=\"768\" src=\"https:\/\/urbadigital.com\/wp-content\/uploads\/2026\/03\/ledsalesservice.jpg\" class=\"attachment-full size-full wp-image-14014\" alt=\"\" srcset=\"https:\/\/urbadigital.com\/wp-content\/uploads\/2026\/03\/ledsalesservice.jpg 1376w, https:\/\/urbadigital.com\/wp-content\/uploads\/2026\/03\/ledsalesservice-300x167.jpg 300w, https:\/\/urbadigital.com\/wp-content\/uploads\/2026\/03\/ledsalesservice-1024x572.jpg 1024w, https:\/\/urbadigital.com\/wp-content\/uploads\/2026\/03\/ledsalesservice-768x429.jpg 768w, https:\/\/urbadigital.com\/wp-content\/uploads\/2026\/03\/ledsalesservice-18x10.jpg 18w\" sizes=\"(max-width: 1376px) 100vw, 1376px\" \/>\t\t\t\t\t\t\t\t\t\t\t\t\t\t\t<\/div>\n\t\t\t\t<\/div>\n\t\t<div class=\"elementor-element elementor-element-1a78d31 e-con-full e-flex e-con e-child\" data-id=\"1a78d31\" data-element_type=\"container\" data-e-type=\"container\">\n\t\t\t\t<div class=\"elementor-element elementor-element-8f00cc3 ekit-equal-height-disable elementor-invisible elementor-widget elementor-widget-elementskit-icon-box\" data-id=\"8f00cc3\" data-element_type=\"widget\" data-e-type=\"widget\" data-settings=\"{&quot;_animation&quot;:&quot;fadeInUp&quot;,&quot;ekit_we_effect_on&quot;:&quot;none&quot;}\" data-widget_type=\"elementskit-icon-box.default\">\n\t\t\t\t\t<div class=\"ekit-wid-con\" >        <!-- link opening -->\n                <!-- end link opening -->\n\n        <div class=\"elementskit-infobox text-left text- icon-lef-right-aligin elementor-animation-\">\n                        <div class=\"box-body\">\n                        \t\t  \t<p>Results Oriented OKR Software es un servicio de implementaci\u00f3n de productos estructurados que ayuda a las organizaciones a centralizar los indicadores de gesti\u00f3n en un \u00fanico lugar, vincular el seguimiento del rendimiento con la ejecuci\u00f3n presupuestaria y supervisar el progreso de programas, proyectos y acciones con datos claros sobre el estado y los porcentajes de finalizaci\u00f3n. El objetivo es implementar el modelo operativo y la configuraci\u00f3n adecuados para que los l\u00edderes y los equipos puedan evaluar el rendimiento de forma coherente y tomar decisiones basadas en informaci\u00f3n fiable y actualizada<br><br>Este servicio est\u00e1 dise\u00f1ado para organizaciones que necesitan una forma pr\u00e1ctica de gestionar los OKR, los KPI operativos y el seguimiento de la ejecuci\u00f3n, al tiempo que mejoran la visibilidad del presupuesto previsto frente al gastado y al acumulado. El servicio incluye asistencia para la implementaci\u00f3n, la configuraci\u00f3n de flujos de trabajo y la generaci\u00f3n de informes, as\u00ed como formaci\u00f3n para que los equipos internos puedan manejar la soluci\u00f3n y mejorar continuamente la calidad de los datos y su adopci\u00f3n.<\/p>\n                                <\/div>\n        \n        \n                <\/div>\n        <\/div>\t\t\t\t<\/div>\n\t\t\t\t<\/div>\n\t\t\t\t<\/div>\n\t\t\t\t<div class=\"elementor-element elementor-element-dbd5f9a elementor-invisible elementor-widget elementor-widget-text-editor\" data-id=\"dbd5f9a\" data-element_type=\"widget\" data-e-type=\"widget\" data-settings=\"{&quot;_animation&quot;:&quot;fadeInUp&quot;,&quot;ekit_we_effect_on&quot;:&quot;none&quot;}\" data-widget_type=\"text-editor.default\">\n\t\t\t\t\t\t\t\t\t<h3>Descripci\u00f3n del servicio<\/h3><p>Ayudamos a las organizaciones a implementar un enfoque de gesti\u00f3n de resultados y ejecuci\u00f3n que vincule los objetivos, los indicadores y el avance en la consecuci\u00f3n de los mismos. El trabajo comienza por aclarar qu\u00e9 es lo que hay que medir, por qu\u00e9 es importante y c\u00f3mo se toman las decisiones en la actualidad. A partir de ah\u00ed, definimos el modelo de medici\u00f3n, incluyendo las definiciones de los indicadores, la responsabilidad de su gesti\u00f3n, la frecuencia de actualizaci\u00f3n y las reglas de puntuaci\u00f3n.<\/p><p>A continuaci\u00f3n, estructuramos la forma en que se representan los programas, proyectos y acciones, incluyendo categor\u00edas de estado, porcentajes de finalizaci\u00f3n, dependencias y vistas de informes. El seguimiento presupuestario se integra mediante la definici\u00f3n de categor\u00edas, referencias y reglas para los importes gastados frente a los devengados, de modo que la ejecuci\u00f3n financiera pueda revisarse junto con el progreso de la ejecuci\u00f3n.<\/p><p>La implementaci\u00f3n se lleva a cabo de forma iterativa. Cada iteraci\u00f3n incluye la validaci\u00f3n con casos reales de generaci\u00f3n de informes, la coordinaci\u00f3n con las partes interesadas y los ajustes necesarios en la estructura de datos y los flujos de trabajo. La capacitaci\u00f3n se integra mediante documentaci\u00f3n, gu\u00edas pr\u00e1cticas y formaci\u00f3n, de modo que la organizaci\u00f3n pueda mantener el ritmo y mejorar el sistema con el tiempo.<\/p><h3>Qu\u00e9 incluye<\/h3><ul><li><strong>Descubrimiento y alineaci\u00f3n<\/strong>, aclarar los objetivos, las necesidades de informaci\u00f3n, la periodicidad de las decisiones y los indicadores de \u00e9xito.<\/li><li><strong>Dise\u00f1o de modelos de indicadores<\/strong>Dise\u00f1o de modelos de indicadores<\/li><li><strong>Estructura de seguimiento de la ejecuci\u00f3n<\/strong>, programas, proyectos, acciones, modelo de estado, reglas de porcentaje de finalizaci\u00f3n y dependencias.<\/li><li><strong>Estructura de seguimiento presupuestario<\/strong>, las categor\u00edas de gastos incurridos frente a los devengados, las normas de presentaci\u00f3n de informes y la alineaci\u00f3n con las iniciativas.<\/li><li><strong>Configuraci\u00f3n del flujo de trabajo<\/strong>, actualizar las rutinas, revisar la periodicidad, las aprobaciones y la estructura de las pruebas o las notas.<\/li><li><strong>Cuadros de mando y vistas de informes<\/strong>, informaci\u00f3n para directivos, vistas de equipo, an\u00e1lisis detallados e informes de excepciones.<\/li><li><strong>Calidad y gesti\u00f3n de los datos<\/strong>, actualizaci\u00f3n de normas, comprobaciones de coherencia y responsabilidades de los puestos.<\/li><li><strong>Habilitaci\u00f3n y adopci\u00f3n<\/strong>, formaci\u00f3n, manuales operativos y asistencia en los traspasos.<\/li><\/ul><h3>Qu\u00e9 le ayuda a lograr este servicio<\/h3><ul><li>Centralizar los indicadores de gesti\u00f3n en un \u00fanico sistema con definiciones coherentes.<\/li><li>Vincula la ejecuci\u00f3n de las entregas con la visibilidad del presupuesto, incluyendo los importes gastados y los devengados.<\/li><li>Improve transparency by tracking programs, projects, and actions with clear status and progress percentages.<\/li><li>Reduzca el esfuerzo dedicado a la elaboraci\u00f3n de informes mediante flujos de trabajo estandarizados y paneles de control reutilizables.<\/li><li>Detecta los riesgos antes gracias a un ciclo de revisi\u00f3n estructurado y a informes centrados en las excepciones.<\/li><li>Mejora la toma de decisiones con datos fiables y una responsabilidad clara en cuanto a las actualizaciones.<\/li><li>Reforzar la rendici\u00f3n de cuentas vinculando los resultados, las iniciativas y las pruebas de los avances.<\/li><li>Ayudar a los equipos a mantener la gesti\u00f3n de los OKR y los KPI mediante formaci\u00f3n y gu\u00edas pr\u00e1cticas.<\/li><\/ul><h3>Entregables<\/h3><ul><li>Modelo de medici\u00f3n y ejecuci\u00f3n, definiciones de los indicadores, responsabilidad, periodicidad y reglas de puntuaci\u00f3n.<\/li><li>Estructura para programas, proyectos y acciones, que incluye criterios de estado y avance.<\/li><li>Enfoque de visibilidad presupuestaria, categor\u00edas de gastos y devengos, reglas de alineaci\u00f3n y l\u00f3gica de generaci\u00f3n de informes.<\/li><li>Panel de control y estructura de informes, vista ejecutiva, vistas operativas y desgloses.<\/li><li>Actualizar y revisar el manual de procedimientos, las rutinas semanales y mensuales, las agendas y los procedimientos de escalado.<\/li><li>Gu\u00eda de gobernanza de datos, normas de coherencia, controles de calidad y responsabilidades.<\/li><li>Materiales de formaci\u00f3n y documentaci\u00f3n de traspaso.<\/li><\/ul><h3>Modelo de entrega<\/h3><p><strong>Fase 1: An\u00e1lisis y dise\u00f1o de la medici\u00f3n, de 1 a 2 semanas<\/strong><\/p><ul><li>P\u00f3nganse de acuerdo sobre las necesidades en materia de toma de decisiones, la periodicidad de los informes y el alcance.<\/li><li>Definir la estructura de los indicadores, las definiciones, los valores de referencia y los objetivos.<\/li><li>Confirmar los requisitos de seguimiento de programas, proyectos y acciones.<\/li><\/ul><p><strong>Fase 2: Definici\u00f3n del modelo de ejecuci\u00f3n y presupuesto, de 2 a 4 semanas<\/strong><\/p><ul><li>Define el modelo de estado, las reglas de porcentaje de finalizaci\u00f3n y las dependencias.<\/li><li>Defina las categor\u00edas presupuestarias y las reglas para el seguimiento de los gastos incurridos frente a los devengados.<\/li><li>Dise\u00f1ar vistas de informes y rutinas de control.<\/li><\/ul><p><strong>Fase 3, Implementaci\u00f3n y configuraci\u00f3n, de 3 a 6 semanas.<\/strong><\/p><ul><li>Configurar la estructura de seguimiento de los indicadores, las iniciativas y los avances.<\/li><li>Configurar las vistas de visibilidad del presupuesto y su alineaci\u00f3n con las partidas de ejecuci\u00f3n.<\/li><li>Implementa paneles de control y comprueba su funcionamiento con situaciones reales de generaci\u00f3n de informes.<\/li><\/ul><p><strong>Fase 4, Ritmo operativo y monitoreo, de 4 a 8 semanas<\/strong><\/p><ul><li>Ejecuta los primeros ciclos de actualizaciones y revisiones.<\/li><li>Mejorar los informes, los flujos de trabajo y los est\u00e1ndares de calidad de los datos.<\/li><li>Establecer procedimientos para la notificaci\u00f3n de excepciones y la escalada de incidencias.<\/li><\/ul><p><strong>Fase 5, Habilitaci\u00f3n y traspaso, de 1 a 2 semanas.<\/strong><\/p><ul><li>Formar a los propietarios y operadores de trenes en las rutinas diarias y mensuales.<\/li><li>Proporcionar gu\u00edas y plantillas para garantizar la continuidad de las operaciones.<\/li><li>Confirmar el plan para el pr\u00f3ximo ciclo y la lista de tareas pendientes de mejora continua.<\/li><\/ul><p><!-- notionvc: 37361fd2-465c-45cc-88d8-c018944d45f3 --><\/p>\t\t\t\t\t\t\t\t<\/div>\n\t\t\t\t<\/div>\n\t\t\t\t<div class=\"elementor-element elementor-element-7231244 elementor-widget elementor-widget-codeio-elementor-template\" data-id=\"7231244\" data-element_type=\"widget\" data-e-type=\"widget\" data-settings=\"{&quot;ekit_we_effect_on&quot;:&quot;none&quot;}\" data-widget_type=\"codeio-elementor-template.default\">\n\t\t\t\t<div class=\"elementor-widget-container\">\n\t\t\t\t\t\t\t<div class=\"elementor-template\">\n\t\t\t\t\t<\/div>\n\t\t\t\t\t\t<\/div>\n\t\t\t\t<\/div>\n\t\t\t\t<\/div>\n\t\t<div class=\"elementor-element elementor-element-8ef8b86 e-con-full e-flex e-con e-child\" data-id=\"8ef8b86\" data-element_type=\"container\" data-e-type=\"container\">\n\t\t\t\t<\/div>\n\t\t\t\t\t<\/div>\n\t\t\t\t<\/div>\n\t\t\t\t<\/div>","protected":false},"excerpt":{"rendered":"<p>Results-Oriented OKR Software Results Oriented OKR Software is [&hellip;]<\/p>\n","protected":false},"author":1,"featured_media":0,"parent":13553,"menu_order":0,"comment_status":"closed","ping_status":"closed","template":"elementor_header_footer","meta":{"_angie_page":false,"_monsterinsights_skip_tracking":false,"_monsterinsights_sitenote_active":false,"_monsterinsights_sitenote_note":"","_monsterinsights_sitenote_category":0,"footnotes":""},"class_list":["post-14159","page","type-page","status-publish","hentry"],"aioseo_notices":[],"_links":{"self":[{"href":"https:\/\/urbadigital.com\/es\/wp-json\/wp\/v2\/pages\/14159","targetHints":{"allow":["GET"]}}],"collection":[{"href":"https:\/\/urbadigital.com\/es\/wp-json\/wp\/v2\/pages"}],"about":[{"href":"https:\/\/urbadigital.com\/es\/wp-json\/wp\/v2\/types\/page"}],"author":[{"embeddable":true,"href":"https:\/\/urbadigital.com\/es\/wp-json\/wp\/v2\/users\/1"}],"replies":[{"embeddable":true,"href":"https:\/\/urbadigital.com\/es\/wp-json\/wp\/v2\/comments?post=14159"}],"version-history":[{"count":7,"href":"https:\/\/urbadigital.com\/es\/wp-json\/wp\/v2\/pages\/14159\/revisions"}],"predecessor-version":[{"id":14462,"href":"https:\/\/urbadigital.com\/es\/wp-json\/wp\/v2\/pages\/14159\/revisions\/14462"}],"up":[{"embeddable":true,"href":"https:\/\/urbadigital.com\/es\/wp-json\/wp\/v2\/pages\/13553"}],"wp:attachment":[{"href":"https:\/\/urbadigital.com\/es\/wp-json\/wp\/v2\/media?parent=14159"}],"curies":[{"name":"wp","href":"https:\/\/api.w.org\/{rel}","templated":true}]}}