{"id":14161,"date":"2026-03-04T09:21:37","date_gmt":"2026-03-04T14:21:37","guid":{"rendered":"https:\/\/urbadigital.com\/?page_id=14161"},"modified":"2026-03-11T07:51:07","modified_gmt":"2026-03-11T12:51:07","slug":"citizen-proposal-software","status":"publish","type":"page","link":"https:\/\/urbadigital.com\/es\/products\/citizen-proposal-software\/","title":{"rendered":"Software de propuestas ciudadanas"},"content":{"rendered":"<div data-elementor-type=\"wp-page\" data-elementor-id=\"14161\" class=\"elementor elementor-14161\" data-elementor-post-type=\"page\">\n\t\t\t\t<div class=\"elementor-element elementor-element-d1ec22d e-flex e-con-boxed e-con e-parent\" data-id=\"d1ec22d\" data-element_type=\"container\" data-e-type=\"container\">\n\t\t\t\t\t<div class=\"e-con-inner\">\n\t\t<div class=\"elementor-element elementor-element-fc0728d e-con-full e-flex e-con e-child\" data-id=\"fc0728d\" data-element_type=\"container\" data-e-type=\"container\">\n\t\t\t\t<\/div>\n\t\t<div class=\"elementor-element elementor-element-464f435 e-con-full e-flex e-con e-child\" data-id=\"464f435\" data-element_type=\"container\" data-e-type=\"container\">\n\t\t<div class=\"elementor-element elementor-element-63e9a4e e-con-full e-flex e-con e-child\" data-id=\"63e9a4e\" data-element_type=\"container\" data-e-type=\"container\">\n\t\t\t\t<div class=\"elementor-element elementor-element-6e3b106 at-heading-animation at-animation-heading-style-3 elementor-widget elementor-widget-heading\" data-id=\"6e3b106\" data-element_type=\"widget\" data-e-type=\"widget\" data-settings=\"{&quot;ekit_we_effect_on&quot;:&quot;none&quot;}\" data-widget_type=\"heading.default\">\n\t\t\t\t\t<h2 class=\"elementor-heading-title elementor-size-default\">Software de propuestas ciudadanas<\/h2>\t\t\t\t<\/div>\n\t\t<div class=\"elementor-element elementor-element-8e0305f e-con-full e-flex e-con e-child\" data-id=\"8e0305f\" data-element_type=\"container\" data-e-type=\"container\">\n\t\t<div class=\"elementor-element elementor-element-18f61a7 e-con-full elementor-hidden-mobile e-flex e-con e-child\" data-id=\"18f61a7\" data-element_type=\"container\" data-e-type=\"container\">\n\t\t\t\t<div class=\"elementor-element elementor-element-89e8203 at-distortion-effect strategy-item-image at-image-animation at-animation-image-none elementor-widget elementor-widget-image\" data-id=\"89e8203\" data-element_type=\"widget\" data-e-type=\"widget\" data-settings=\"{&quot;ekit_we_effect_on&quot;:&quot;none&quot;}\" data-widget_type=\"image.default\">\n\t\t\t\t\t\t\t\t\t\t\t\t\t\t\t<img fetchpriority=\"high\" decoding=\"async\" width=\"1376\" height=\"768\" src=\"https:\/\/urbadigital.com\/wp-content\/uploads\/2026\/03\/ledsalesservice.jpg\" class=\"attachment-full size-full wp-image-14014\" alt=\"\" srcset=\"https:\/\/urbadigital.com\/wp-content\/uploads\/2026\/03\/ledsalesservice.jpg 1376w, https:\/\/urbadigital.com\/wp-content\/uploads\/2026\/03\/ledsalesservice-300x167.jpg 300w, https:\/\/urbadigital.com\/wp-content\/uploads\/2026\/03\/ledsalesservice-1024x572.jpg 1024w, https:\/\/urbadigital.com\/wp-content\/uploads\/2026\/03\/ledsalesservice-768x429.jpg 768w, https:\/\/urbadigital.com\/wp-content\/uploads\/2026\/03\/ledsalesservice-18x10.jpg 18w\" sizes=\"(max-width: 1376px) 100vw, 1376px\" \/>\t\t\t\t\t\t\t\t\t\t\t\t\t\t\t<\/div>\n\t\t\t\t<\/div>\n\t\t<div class=\"elementor-element elementor-element-1a78d31 e-con-full e-flex e-con e-child\" data-id=\"1a78d31\" data-element_type=\"container\" data-e-type=\"container\">\n\t\t\t\t<div class=\"elementor-element elementor-element-8f00cc3 ekit-equal-height-disable elementor-invisible elementor-widget elementor-widget-elementskit-icon-box\" data-id=\"8f00cc3\" data-element_type=\"widget\" data-e-type=\"widget\" data-settings=\"{&quot;_animation&quot;:&quot;fadeInUp&quot;,&quot;ekit_we_effect_on&quot;:&quot;none&quot;}\" data-widget_type=\"elementskit-icon-box.default\">\n\t\t\t\t\t<div class=\"ekit-wid-con\" >        <!-- link opening -->\n                <!-- end link opening -->\n\n        <div class=\"elementskit-infobox text-left text- icon-lef-right-aligin elementor-animation-\">\n                        <div class=\"box-body\">\n                        \t\t  \t<p>El software Citizen Proposal es un servicio estructurado de implementaci\u00f3n de productos que ayuda a los municipios, equipos gubernamentales y organizaciones de la sociedad civil a recopilar propuestas ciudadanas, organizarlas de forma transparente y convertirlas en aportaciones \u00fatiles para la toma de decisiones. Se centra en implementar un modelo operativo fiable, configurar los flujos de trabajo necesarios y permitir a los equipos llevar a cabo procesos abiertos y participativos con reglas claras y trazabilidad.<br><br>Este proyecto est\u00e1 dise\u00f1ado para organizaciones que desean aumentar la participaci\u00f3n, mejorar el proceso de evaluaci\u00f3n de propuestas y reforzar la comunicaci\u00f3n con la comunidad. Incluye asistencia para la implementaci\u00f3n, la configuraci\u00f3n y la formaci\u00f3n, de modo que los equipos internos puedan gestionar la soluci\u00f3n, mantener la gobernanza y tomar mejores decisiones bas\u00e1ndose en los datos recopilados a trav\u00e9s de las propuestas y la participaci\u00f3n.<\/p>\n                                <\/div>\n        \n        \n                <\/div>\n        <\/div>\t\t\t\t<\/div>\n\t\t\t\t<\/div>\n\t\t\t\t<\/div>\n\t\t\t\t<div class=\"elementor-element elementor-element-dbd5f9a elementor-invisible elementor-widget elementor-widget-text-editor\" data-id=\"dbd5f9a\" data-element_type=\"widget\" data-e-type=\"widget\" data-settings=\"{&quot;_animation&quot;:&quot;fadeInUp&quot;,&quot;ekit_we_effect_on&quot;:&quot;none&quot;}\" data-widget_type=\"text-editor.default\">\n\t\t\t\t\t\t\t\t\t<h3>Descripci\u00f3n del servicio<\/h3><p>Ayudamos a las organizaciones a implementar un ciclo de vida completo de las propuestas que sea pr\u00e1ctico, auditable y f\u00e1cil de mantener. El trabajo comienza definiendo los objetivos de participaci\u00f3n, el alcance de las propuestas y las reglas del proceso, incluyendo qu\u00e9 informaci\u00f3n se requiere, c\u00f3mo se validan las propuestas y c\u00f3mo se tomar\u00e1n las decisiones.<\/p><p>A partir de ah\u00ed, configuramos los flujos de trabajo necesarios para gestionar las propuestas a lo largo de todo su ciclo de vida. Esto incluye la recepci\u00f3n y publicaci\u00f3n, categorizaci\u00f3n, moderaci\u00f3n, validaci\u00f3n, env\u00edo a las \u00e1reas responsables, puntuaci\u00f3n y priorizaci\u00f3n, y seguimiento del progreso. Tambi\u00e9n establecemos rutinas de presentaci\u00f3n de informes y revisi\u00f3n para que los directivos puedan comprender las tendencias, las necesidades recurrentes y el estado de la evaluaci\u00f3n.<\/p><p>La implementaci\u00f3n se lleva a cabo de forma iterativa. Cada iteraci\u00f3n incluye la validaci\u00f3n con escenarios reales, una revisi\u00f3n de la calidad de los datos y ajustes en las categor\u00edas, la puntuaci\u00f3n y la gobernanza. La capacitaci\u00f3n se integra en la implementaci\u00f3n mediante formaci\u00f3n, manuales y documentaci\u00f3n, de modo que los equipos puedan incorporar a nuevos empleados, operar el proceso de manera coherente y mejorar la participaci\u00f3n con el tiempo.<\/p><h3>Qu\u00e9 incluye<\/h3><ul><li><strong>Descubrimiento y alineaci\u00f3n<\/strong>, define participation objectives, scope, stakeholder roles, and success metrics.<\/li><li><strong>Dise\u00f1o de procesos y gobernanza<\/strong>, reglas para la admisi\u00f3n, validaci\u00f3n, moderaci\u00f3n y toma de decisiones, incluidas las v\u00edas de escalamiento.<\/li><li><strong>Estructura de recepci\u00f3n de propuestas<\/strong>, campos obligatorios, flujos de env\u00edo, consideraciones de accesibilidad y enfoque de adjuntar pruebas.<\/li><li><strong>Categorizaci\u00f3n y taxonom\u00eda<\/strong>, temas, etiquetas geogr\u00e1ficas o de programas, y normas para una clasificaci\u00f3n coherente.<\/li><li><strong>Modelo de revisi\u00f3n y priorizaci\u00f3n<\/strong>, criterios de puntuaci\u00f3n, comprobaciones de viabilidad, enfoque de evaluaci\u00f3n de impacto y cadencia de revisi\u00f3n.<\/li><li><strong>Configuraci\u00f3n del flujo de trabajo<\/strong>, enrutamiento de propuestas, modelo de estado, propiedad, aprobaciones y rutinas de documentaci\u00f3n f\u00e1ciles de auditar.<\/li><li><strong>Transparencia y rutinas de comunicaci\u00f3n<\/strong>, paneles de control, an\u00e1lisis de tendencias y vistas ejecutivas y operativas.<\/li><li><strong>Medici\u00f3n y presentaci\u00f3n de informes<\/strong>, capacitaci\u00f3n, manuales operativos y apoyo en la transferencia de funciones.<\/li><li><strong>Habilitaci\u00f3n y adopci\u00f3n<\/strong>, capacitaci\u00f3n, manuales operativos y apoyo en la transferencia de funciones.<\/li><\/ul><h3>Qu\u00e9 le ayuda a lograr este servicio<\/h3><ul><li>Recopilar las propuestas de los ciudadanos en un formato coherente que facilite su evaluaci\u00f3n y seguimiento.<\/li><li>Llevar a cabo procesos participativos con reglas claras, gobernanza y trazabilidad.<\/li><li>Reduzca el esfuerzo manual mediante la estandarizaci\u00f3n de los flujos de trabajo de recepci\u00f3n, enrutamiento y revisi\u00f3n.<\/li><li>Mejorar la transparencia mediante actualizaciones constantes del estado y rutinas de comunicaci\u00f3n p\u00fablica.<\/li><li>Identificar temas recurrentes y necesidades de la comunidad mediante una categorizaci\u00f3n y elaboraci\u00f3n de informes estructuradas.<\/li><li>Priorizar las propuestas con criterios claros, pruebas y fundamentos para la toma de decisiones.<\/li><li>Mejora la coordinaci\u00f3n entre departamentos mediante la definici\u00f3n de responsabilidades y la cadencia de revisi\u00f3n.<\/li><li>Tome mejores decisiones utilizando datos de participaci\u00f3n confiables y resultados medibles.<\/li><\/ul><h3>Entregables<\/h3><ul><li>Definici\u00f3n del proceso de participaci\u00f3n, alcance, modelo de gobernanza, funciones y reglas de decisi\u00f3n.<\/li><li>Plantilla para la recepci\u00f3n de propuestas, campos obligatorios y gu\u00eda para su presentaci\u00f3n.<\/li><li>Plantilla para la recepci\u00f3n de propuestas, campos obligatorios y gu\u00eda para su presentaci\u00f3n.<\/li><li>Gu\u00eda de puntuaci\u00f3n y priorizaci\u00f3n, incluyendo criterios y ejemplos.<\/li><li>Gu\u00eda de puntuaci\u00f3n y priorizaci\u00f3n, incluyendo criterios y ejemplos.<\/li><li>Manual de transparencia y comunicaci\u00f3n, plantillas de respuesta y normas de actualizaci\u00f3n.<\/li><li>Panel de control y marco de informes, incluyendo vistas de tendencias y estado.<\/li><li>Materiales de capacitaci\u00f3n, manuales operativos y documentaci\u00f3n de traspaso.<\/li><\/ul><h3>Modelo de entrega<\/h3><p><strong>Fase 1, Descubrimiento y definici\u00f3n del proceso, de 1 a 2 semanas.<\/strong><\/p><ul><li>Alinear los objetivos de participaci\u00f3n, el alcance y las responsabilidades de las partes interesadas.<\/li><li>Defina reglas para la admisi\u00f3n, validaci\u00f3n, moderaci\u00f3n y toma de decisiones.<\/li><li>Establecer m\u00e9tricas de referencia y necesidades de presentaci\u00f3n de informes.<\/li><\/ul><p><strong>Establecer m\u00e9tricas de referencia y necesidades de presentaci\u00f3n de informes.<\/strong><\/p><ul><li>Defina los campos de la propuesta, la taxonom\u00eda y los est\u00e1ndares de clasificaci\u00f3n.<\/li><li>Definir el enfoque de puntuaci\u00f3n y priorizaci\u00f3n y revisar la cadencia.<\/li><li>Defina rutinas de transparencia y comunicaci\u00f3n.<\/li><\/ul><p><strong>Fase 3, Implementaci\u00f3n y configuraci\u00f3n, de 3 a 6 semanas.<\/strong><\/p><ul><li>Configure los flujos de trabajo de recepci\u00f3n, enrutamiento, seguimiento del estado y revisi\u00f3n.<\/li><li>Configure paneles y vistas de informes para operaciones y liderazgo.<\/li><li>Valide el ciclo de vida completo con escenarios realistas y ajustes.<\/li><\/ul><p><strong>Fase 4, Ciclos de lanzamiento e iteraci\u00f3n, de 4 a 8 semanas<\/strong><\/p><ul><li>Llevar a cabo los primeros ciclos de participaci\u00f3n y revisiones operativas.<\/li><li>Perfecciona las categor\u00edas, la puntuaci\u00f3n, los flujos de trabajo y la comunicaci\u00f3n bas\u00e1ndote en los comentarios recibidos.<\/li><li>Estabilizar las rutinas de gobernanza y la cadencia de presentaci\u00f3n de informes.<\/li><\/ul><p><strong>Fase 5, Habilitaci\u00f3n y traspaso, de 1 a 2 semanas.<\/strong><\/p><ul><li>Proporcione manuales y plantillas a los propietarios y operadores de trenes.<\/li><li>Confirmar las rutinas de medici\u00f3n en curso y el retraso en las mejoras.<\/li><li>Transferir la propiedad y definir el plan para el siguiente ciclo.<\/li><\/ul><!-- notionvc: 1763ff9a-9021-435b-bc34-cdbb099b327e -->\t\t\t\t\t\t\t\t<\/div>\n\t\t\t\t<\/div>\n\t\t\t\t<div class=\"elementor-element elementor-element-7231244 elementor-widget elementor-widget-codeio-elementor-template\" data-id=\"7231244\" data-element_type=\"widget\" data-e-type=\"widget\" data-settings=\"{&quot;ekit_we_effect_on&quot;:&quot;none&quot;}\" data-widget_type=\"codeio-elementor-template.default\">\n\t\t\t\t<div class=\"elementor-widget-container\">\n\t\t\t\t\t\t\t<div class=\"elementor-template\">\n\t\t\t\t\t<\/div>\n\t\t\t\t\t\t<\/div>\n\t\t\t\t<\/div>\n\t\t\t\t<\/div>\n\t\t<div class=\"elementor-element elementor-element-8ef8b86 e-con-full e-flex e-con e-child\" data-id=\"8ef8b86\" data-element_type=\"container\" data-e-type=\"container\">\n\t\t\t\t<\/div>\n\t\t\t\t\t<\/div>\n\t\t\t\t<\/div>\n\t\t\t\t<\/div>","protected":false},"excerpt":{"rendered":"<p>Citizen Proposal Software Citizen Proposal Software is a [&hellip;]<\/p>\n","protected":false},"author":1,"featured_media":0,"parent":13553,"menu_order":0,"comment_status":"closed","ping_status":"closed","template":"elementor_header_footer","meta":{"_angie_page":false,"_monsterinsights_skip_tracking":false,"_monsterinsights_sitenote_active":false,"_monsterinsights_sitenote_note":"","_monsterinsights_sitenote_category":0,"footnotes":""},"class_list":["post-14161","page","type-page","status-publish","hentry"],"aioseo_notices":[],"_links":{"self":[{"href":"https:\/\/urbadigital.com\/es\/wp-json\/wp\/v2\/pages\/14161","targetHints":{"allow":["GET"]}}],"collection":[{"href":"https:\/\/urbadigital.com\/es\/wp-json\/wp\/v2\/pages"}],"about":[{"href":"https:\/\/urbadigital.com\/es\/wp-json\/wp\/v2\/types\/page"}],"author":[{"embeddable":true,"href":"https:\/\/urbadigital.com\/es\/wp-json\/wp\/v2\/users\/1"}],"replies":[{"embeddable":true,"href":"https:\/\/urbadigital.com\/es\/wp-json\/wp\/v2\/comments?post=14161"}],"version-history":[{"count":13,"href":"https:\/\/urbadigital.com\/es\/wp-json\/wp\/v2\/pages\/14161\/revisions"}],"predecessor-version":[{"id":14419,"href":"https:\/\/urbadigital.com\/es\/wp-json\/wp\/v2\/pages\/14161\/revisions\/14419"}],"up":[{"embeddable":true,"href":"https:\/\/urbadigital.com\/es\/wp-json\/wp\/v2\/pages\/13553"}],"wp:attachment":[{"href":"https:\/\/urbadigital.com\/es\/wp-json\/wp\/v2\/media?parent=14161"}],"curies":[{"name":"wp","href":"https:\/\/api.w.org\/{rel}","templated":true}]}}