{"id":14310,"date":"2026-03-06T01:00:31","date_gmt":"2026-03-06T06:00:31","guid":{"rendered":"https:\/\/urbadigital.com\/?page_id=14310"},"modified":"2026-03-11T09:15:49","modified_gmt":"2026-03-11T14:15:49","slug":"it-governance-architecture-optimization","status":"publish","type":"page","link":"https:\/\/urbadigital.com\/es\/solutions\/it-governance-architecture-optimization\/","title":{"rendered":"IT Governance &#038; Architecture Optimization"},"content":{"rendered":"<div data-elementor-type=\"wp-page\" data-elementor-id=\"14310\" class=\"elementor elementor-14310\" data-elementor-post-type=\"page\">\n\t\t\t\t<div class=\"elementor-element elementor-element-d1ec22d e-flex e-con-boxed e-con e-parent\" data-id=\"d1ec22d\" data-element_type=\"container\" data-e-type=\"container\">\n\t\t\t\t\t<div class=\"e-con-inner\">\n\t\t<div class=\"elementor-element elementor-element-fc0728d e-con-full e-flex e-con e-child\" data-id=\"fc0728d\" data-element_type=\"container\" data-e-type=\"container\">\n\t\t\t\t<\/div>\n\t\t<div class=\"elementor-element elementor-element-464f435 e-con-full e-flex e-con e-child\" data-id=\"464f435\" data-element_type=\"container\" data-e-type=\"container\">\n\t\t<div class=\"elementor-element elementor-element-63e9a4e e-con-full e-flex e-con e-child\" data-id=\"63e9a4e\" data-element_type=\"container\" data-e-type=\"container\">\n\t\t\t\t<div class=\"elementor-element elementor-element-6e3b106 at-heading-animation at-animation-heading-style-3 elementor-widget elementor-widget-heading\" data-id=\"6e3b106\" data-element_type=\"widget\" data-e-type=\"widget\" data-settings=\"{&quot;ekit_we_effect_on&quot;:&quot;none&quot;}\" data-widget_type=\"heading.default\">\n\t\t\t\t\t<h2 class=\"elementor-heading-title elementor-size-default\">Optimizaci\u00f3n de la gobernanza y la arquitectura de TI<\/h2>\t\t\t\t<\/div>\n\t\t<div class=\"elementor-element elementor-element-8e0305f e-con-full e-flex e-con e-child\" data-id=\"8e0305f\" data-element_type=\"container\" data-e-type=\"container\">\n\t\t<div class=\"elementor-element elementor-element-18f61a7 e-con-full elementor-hidden-mobile e-flex e-con e-child\" data-id=\"18f61a7\" data-element_type=\"container\" data-e-type=\"container\">\n\t\t\t\t<div class=\"elementor-element elementor-element-89e8203 at-distortion-effect strategy-item-image at-image-animation at-animation-image-none elementor-widget elementor-widget-image\" data-id=\"89e8203\" data-element_type=\"widget\" data-e-type=\"widget\" data-settings=\"{&quot;ekit_we_effect_on&quot;:&quot;none&quot;}\" data-widget_type=\"image.default\">\n\t\t\t\t\t\t\t\t\t\t\t\t\t\t\t<img fetchpriority=\"high\" decoding=\"async\" width=\"1376\" height=\"768\" src=\"https:\/\/urbadigital.com\/wp-content\/uploads\/2026\/03\/ledsalesservice.jpg\" class=\"attachment-full size-full wp-image-14014\" alt=\"\" srcset=\"https:\/\/urbadigital.com\/wp-content\/uploads\/2026\/03\/ledsalesservice.jpg 1376w, https:\/\/urbadigital.com\/wp-content\/uploads\/2026\/03\/ledsalesservice-300x167.jpg 300w, https:\/\/urbadigital.com\/wp-content\/uploads\/2026\/03\/ledsalesservice-1024x572.jpg 1024w, https:\/\/urbadigital.com\/wp-content\/uploads\/2026\/03\/ledsalesservice-768x429.jpg 768w, https:\/\/urbadigital.com\/wp-content\/uploads\/2026\/03\/ledsalesservice-18x10.jpg 18w\" sizes=\"(max-width: 1376px) 100vw, 1376px\" \/>\t\t\t\t\t\t\t\t\t\t\t\t\t\t\t<\/div>\n\t\t\t\t<\/div>\n\t\t<div class=\"elementor-element elementor-element-1a78d31 e-con-full e-flex e-con e-child\" data-id=\"1a78d31\" data-element_type=\"container\" data-e-type=\"container\">\n\t\t\t\t<div class=\"elementor-element elementor-element-8f00cc3 ekit-equal-height-disable elementor-invisible elementor-widget elementor-widget-elementskit-icon-box\" data-id=\"8f00cc3\" data-element_type=\"widget\" data-e-type=\"widget\" data-settings=\"{&quot;_animation&quot;:&quot;fadeInUp&quot;,&quot;ekit_we_effect_on&quot;:&quot;none&quot;}\" data-widget_type=\"elementskit-icon-box.default\">\n\t\t\t\t\t<div class=\"ekit-wid-con\" >        <!-- link opening -->\n                <!-- end link opening -->\n\n        <div class=\"elementskit-infobox text-left text- icon-lef-right-aligin elementor-animation-\">\n                        <div class=\"box-body\">\n                        \t\t  \t<p>Hoy en d\u00eda, las organizaciones operan en entornos tecnol\u00f3gicos cada vez m\u00e1s complejos, en los que m\u00faltiples sistemas, plataformas y procesos deben funcionar en perfecta armon\u00eda. Sin una estructura de gobernanza clara y una arquitectura tecnol\u00f3gica bien dise\u00f1ada, aumentan las ineficiencias, se multiplican los riesgos y se hace m\u00e1s dif\u00edcil alcanzar los objetivos estrat\u00e9gicos.<br><br>La optimizaci\u00f3n de la gobernanza y la arquitectura de TI es un servicio de consultor\u00eda destinado a ayudar a las organizaciones a establecer, perfeccionar y reforzar los marcos, las pol\u00edticas y los planos arquitect\u00f3nicos que rigen la gesti\u00f3n, la implementaci\u00f3n y la evoluci\u00f3n de la tecnolog\u00eda en toda la empresa.<\/p>\n                                <\/div>\n        \n        \n                <\/div>\n        <\/div>\t\t\t\t<\/div>\n\t\t\t\t<\/div>\n\t\t\t\t<\/div>\n\t\t\t\t<div class=\"elementor-element elementor-element-dbd5f9a elementor-invisible elementor-widget elementor-widget-text-editor\" data-id=\"dbd5f9a\" data-element_type=\"widget\" data-e-type=\"widget\" data-settings=\"{&quot;_animation&quot;:&quot;fadeInUp&quot;,&quot;ekit_we_effect_on&quot;:&quot;none&quot;}\" data-widget_type=\"text-editor.default\">\n\t\t\t\t\t\t\t\t\t<p>Este servicio se basa en el principio de que una gobernanza de TI eficaz no se limita al cumplimiento normativo o al control, sino que consiste en capacitar a la empresa para tomar mejores decisiones, asignar los recursos de manera inteligente y responder a los cambios con confianza. Tanto si su organizaci\u00f3n est\u00e1 empezando desde cero como si busca mejorar las pr\u00e1cticas existentes, trabajamos junto a sus equipos para evaluar la situaci\u00f3n actual, identificar las deficiencias y dise\u00f1ar estructuras de gobernanza y modelos arquitect\u00f3nicos que se ajusten a sus objetivos estrat\u00e9gicos.<\/p><p>Nuestro enfoque abarca todo el espectro de la gobernanza de TI y la arquitectura empresarial, desde la definici\u00f3n de funciones, responsabilidades y procesos de toma de decisiones, hasta la revisi\u00f3n y optimizaci\u00f3n de la estructura de su entorno tecnol\u00f3gico. Le ayudamos a adoptar y adaptar marcos de gobernanza y mejores pr\u00e1cticas reconocidos, ajust\u00e1ndolos al tama\u00f1o, el sector y el nivel de madurez de su organizaci\u00f3n. Esto incluye el establecimiento de pol\u00edticas claras para la inversi\u00f3n en TI, la gesti\u00f3n de riesgos, la medici\u00f3n del desempe\u00f1o y la prestaci\u00f3n de servicios, as\u00ed como el dise\u00f1o o redise\u00f1o de arquitecturas tecnol\u00f3gicas que respalden la escalabilidad, la seguridad y la eficiencia operativa.<\/p><p>En lugar de ofrecer una soluci\u00f3n \u00fanica para todos, nos centramos en comprender su contexto espec\u00edfico. Evaluamos el nivel actual de madurez de su gobernanza, analizamos su arquitectura tecnol\u00f3gica existente y colaboramos con sus equipos directivos y t\u00e9cnicos para elaborar una hoja de ruta de mejora. El resultado es un modelo de gobernanza y arquitectura que es pr\u00e1ctico, sostenible y est\u00e1 alineado con los objetivos de su organizaci\u00f3n.<br \/><br \/><\/p><h2>Qu\u00e9 le ayuda a lograr este servicio<\/h2><p>\u00a0<\/p><ul><li><strong>Establecer un marco claro de gobernanza de TI<\/strong> que define c\u00f3mo se toman las decisiones tecnol\u00f3gicas, qui\u00e9n es responsable y c\u00f3mo se mide el desempe\u00f1o en toda la organizaci\u00f3n.<\/li><li><strong>Alinear las inversiones en tecnolog\u00eda con la estrategia empresarial<\/strong>, asegur\u00e1ndose de que cada iniciativa, proyecto y asignaci\u00f3n de recursos respalde las prioridades y los objetivos a largo plazo de su organizaci\u00f3n.<\/li><li><strong>Mejorar la gesti\u00f3n de riesgos y el cumplimiento normativo<\/strong>, creando procesos estructurados para identificar, evaluar y mitigar los riesgos relacionados con la tecnolog\u00eda, al tiempo que se cumplen los requisitos normativos y del sector.<\/li><li><strong>Optimice su arquitectura tecnol\u00f3gica<\/strong>, revisar y redise\u00f1ar la forma en que se organizan los sistemas, las aplicaciones, los datos y la infraestructura para reducir la complejidad, eliminar redundancias y mejorar la integraci\u00f3n.<\/li><li><strong>Mejorar la prestaci\u00f3n de servicios y la eficiencia operativa<\/strong>, estableciendo procesos estandarizados para la gesti\u00f3n de incidentes, la gesti\u00f3n del cambio y la gesti\u00f3n de los niveles de servicio que mejoran la fiabilidad y reducen el tiempo de inactividad.<\/li><li><strong>Desarrollar capacidades y conocimientos internos<\/strong>, transfiriendo a sus equipos las mejores pr\u00e1cticas en materia de gobernanza y arquitectura para que puedan mantener y desarrollar los marcos de trabajo de forma independiente a lo largo del tiempo.<\/li><li><strong>Elaborar una hoja de ruta tecnol\u00f3gica<\/strong>, ofreciendo un plan claro y priorizado para desarrollar su entorno de TI de una manera que sea manejable, cuantificable y acorde con las necesidades del negocio.<\/li><li><strong>Fortalecer los procesos de toma de decisiones<\/strong>, lo que proporciona a los directivos la visibilidad y la estructura necesarias para evaluar las opciones tecnol\u00f3gicas, priorizar las iniciativas y asignar los presupuestos de manera eficaz.<\/li><li><strong>Mejorar la comunicaci\u00f3n y la colaboraci\u00f3n<\/strong> entre los equipos comerciales y tecnol\u00f3gicos, eliminando las barreras entre departamentos y garantizando que la gobernanza de TI sea comprendida y respaldada en toda la organizaci\u00f3n.<\/li><li><strong>Aumentar la agilidad organizacional<\/strong>, dise\u00f1ando modelos de gobernanza y arquitectura que sean lo suficientemente flexibles como para adaptarse a los cambios en los requisitos empresariales, las tecnolog\u00edas y las condiciones del mercado.<\/li><\/ul><p><!-- notionvc: 5ca772e3-917a-427c-9d41-fcf4af66284e --><\/p><p><!-- notionvc: b5adb6c2-b405-4605-a779-32d526d1c642 --><\/p><h3><!-- notionvc: a3d00074-1b4e-4f5b-a9d2-e94821617bae --><\/h3><p><!-- notionvc: 499de984-6d55-43de-9371-f2812d47a696 --><\/p>\t\t\t\t\t\t\t\t<\/div>\n\t\t\t\t<\/div>\n\t\t\t\t<div class=\"elementor-element elementor-element-7231244 elementor-widget elementor-widget-codeio-elementor-template\" data-id=\"7231244\" data-element_type=\"widget\" data-e-type=\"widget\" data-settings=\"{&quot;ekit_we_effect_on&quot;:&quot;none&quot;}\" data-widget_type=\"codeio-elementor-template.default\">\n\t\t\t\t<div class=\"elementor-widget-container\">\n\t\t\t\t\t\t\t<div class=\"elementor-template\">\n\t\t\t\t\t<\/div>\n\t\t\t\t\t\t<\/div>\n\t\t\t\t<\/div>\n\t\t\t\t<\/div>\n\t\t<div class=\"elementor-element elementor-element-8ef8b86 e-con-full e-flex e-con e-child\" data-id=\"8ef8b86\" data-element_type=\"container\" data-e-type=\"container\">\n\t\t\t\t<\/div>\n\t\t\t\t\t<\/div>\n\t\t\t\t<\/div>\n\t\t\t\t<\/div>","protected":false},"excerpt":{"rendered":"<p>IT Governance &amp; Architecture Optimization Organizations today operate [&hellip;]<\/p>\n","protected":false},"author":1,"featured_media":0,"parent":6346,"menu_order":0,"comment_status":"closed","ping_status":"closed","template":"elementor_header_footer","meta":{"_angie_page":false,"_monsterinsights_skip_tracking":false,"_monsterinsights_sitenote_active":false,"_monsterinsights_sitenote_note":"","_monsterinsights_sitenote_category":0,"footnotes":""},"class_list":["post-14310","page","type-page","status-publish","hentry"],"aioseo_notices":[],"_links":{"self":[{"href":"https:\/\/urbadigital.com\/es\/wp-json\/wp\/v2\/pages\/14310","targetHints":{"allow":["GET"]}}],"collection":[{"href":"https:\/\/urbadigital.com\/es\/wp-json\/wp\/v2\/pages"}],"about":[{"href":"https:\/\/urbadigital.com\/es\/wp-json\/wp\/v2\/types\/page"}],"author":[{"embeddable":true,"href":"https:\/\/urbadigital.com\/es\/wp-json\/wp\/v2\/users\/1"}],"replies":[{"embeddable":true,"href":"https:\/\/urbadigital.com\/es\/wp-json\/wp\/v2\/comments?post=14310"}],"version-history":[{"count":7,"href":"https:\/\/urbadigital.com\/es\/wp-json\/wp\/v2\/pages\/14310\/revisions"}],"predecessor-version":[{"id":14453,"href":"https:\/\/urbadigital.com\/es\/wp-json\/wp\/v2\/pages\/14310\/revisions\/14453"}],"up":[{"embeddable":true,"href":"https:\/\/urbadigital.com\/es\/wp-json\/wp\/v2\/pages\/6346"}],"wp:attachment":[{"href":"https:\/\/urbadigital.com\/es\/wp-json\/wp\/v2\/media?parent=14310"}],"curies":[{"name":"wp","href":"https:\/\/api.w.org\/{rel}","templated":true}]}}