{"id":14389,"date":"2026-03-09T16:22:24","date_gmt":"2026-03-09T21:22:24","guid":{"rendered":"https:\/\/urbadigital.com\/?page_id=14389"},"modified":"2026-03-11T09:13:48","modified_gmt":"2026-03-11T14:13:48","slug":"tech-for-financial-sector","status":"publish","type":"page","link":"https:\/\/urbadigital.com\/es\/solutions\/tech-for-financial-sector\/","title":{"rendered":"Tecnolog\u00eda para el sector financiero"},"content":{"rendered":"<div data-elementor-type=\"wp-page\" data-elementor-id=\"14389\" class=\"elementor elementor-14389\" data-elementor-post-type=\"page\">\n\t\t\t\t<div class=\"elementor-element elementor-element-d1ec22d e-flex e-con-boxed e-con e-parent\" data-id=\"d1ec22d\" data-element_type=\"container\" data-e-type=\"container\">\n\t\t\t\t\t<div class=\"e-con-inner\">\n\t\t<div class=\"elementor-element elementor-element-fc0728d e-con-full e-flex e-con e-child\" data-id=\"fc0728d\" data-element_type=\"container\" data-e-type=\"container\">\n\t\t\t\t<\/div>\n\t\t<div class=\"elementor-element elementor-element-464f435 e-con-full e-flex e-con e-child\" data-id=\"464f435\" data-element_type=\"container\" data-e-type=\"container\">\n\t\t<div class=\"elementor-element elementor-element-63e9a4e e-con-full e-flex e-con e-child\" data-id=\"63e9a4e\" data-element_type=\"container\" data-e-type=\"container\">\n\t\t\t\t<div class=\"elementor-element elementor-element-6e3b106 at-heading-animation at-animation-heading-style-3 elementor-widget elementor-widget-heading\" data-id=\"6e3b106\" data-element_type=\"widget\" data-e-type=\"widget\" data-settings=\"{&quot;ekit_we_effect_on&quot;:&quot;none&quot;}\" data-widget_type=\"heading.default\">\n\t\t\t\t\t<h2 class=\"elementor-heading-title elementor-size-default\">Tecnolog\u00eda para el sector financiero<\/h2>\t\t\t\t<\/div>\n\t\t<div class=\"elementor-element elementor-element-8e0305f e-con-full e-flex e-con e-child\" data-id=\"8e0305f\" data-element_type=\"container\" data-e-type=\"container\">\n\t\t<div class=\"elementor-element elementor-element-18f61a7 e-con-full elementor-hidden-mobile e-flex e-con e-child\" data-id=\"18f61a7\" data-element_type=\"container\" data-e-type=\"container\">\n\t\t\t\t<div class=\"elementor-element elementor-element-89e8203 at-distortion-effect strategy-item-image at-image-animation at-animation-image-none elementor-widget elementor-widget-image\" data-id=\"89e8203\" data-element_type=\"widget\" data-e-type=\"widget\" data-settings=\"{&quot;ekit_we_effect_on&quot;:&quot;none&quot;}\" data-widget_type=\"image.default\">\n\t\t\t\t\t\t\t\t\t\t\t\t\t\t\t<img fetchpriority=\"high\" decoding=\"async\" width=\"1376\" height=\"768\" src=\"https:\/\/urbadigital.com\/wp-content\/uploads\/2026\/03\/ledsalesservice.jpg\" class=\"attachment-full size-full wp-image-14014\" alt=\"\" srcset=\"https:\/\/urbadigital.com\/wp-content\/uploads\/2026\/03\/ledsalesservice.jpg 1376w, https:\/\/urbadigital.com\/wp-content\/uploads\/2026\/03\/ledsalesservice-300x167.jpg 300w, https:\/\/urbadigital.com\/wp-content\/uploads\/2026\/03\/ledsalesservice-1024x572.jpg 1024w, https:\/\/urbadigital.com\/wp-content\/uploads\/2026\/03\/ledsalesservice-768x429.jpg 768w, https:\/\/urbadigital.com\/wp-content\/uploads\/2026\/03\/ledsalesservice-18x10.jpg 18w\" sizes=\"(max-width: 1376px) 100vw, 1376px\" \/>\t\t\t\t\t\t\t\t\t\t\t\t\t\t\t<\/div>\n\t\t\t\t<\/div>\n\t\t<div class=\"elementor-element elementor-element-1a78d31 e-con-full e-flex e-con e-child\" data-id=\"1a78d31\" data-element_type=\"container\" data-e-type=\"container\">\n\t\t\t\t<div class=\"elementor-element elementor-element-8f00cc3 ekit-equal-height-disable elementor-invisible elementor-widget elementor-widget-elementskit-icon-box\" data-id=\"8f00cc3\" data-element_type=\"widget\" data-e-type=\"widget\" data-settings=\"{&quot;_animation&quot;:&quot;fadeInUp&quot;,&quot;ekit_we_effect_on&quot;:&quot;none&quot;}\" data-widget_type=\"elementskit-icon-box.default\">\n\t\t\t\t\t<div class=\"ekit-wid-con\" >        <!-- link opening -->\n                <!-- end link opening -->\n\n        <div class=\"elementskit-infobox text-left text- icon-lef-right-aligin elementor-animation-\">\n                        <div class=\"box-body\">\n                        \t\t  \t<p>\u00abTecnolog\u00eda para el sector financiero\u00bb es un servicio que ayuda a las instituciones financieras y a las organizaciones reguladas a planificar, implementar y adoptar iniciativas tecnol\u00f3gicas de forma controlada y auditable. El objetivo es traducir las necesidades empresariales y normativas en soluciones pr\u00e1cticas, para luego configurar y poner en marcha los entornos, procesos y controles de apoyo necesarios para que funcionen de manera confiable.\n\nEste proyecto est\u00e1 dise\u00f1ado para apoyar a las organizaciones que necesitan modernizar sus sistemas, mejorar la calidad de los datos y la presentaci\u00f3n de informes, reforzar la seguridad y la gobernanza, y aumentar la eficiencia operativa. El trabajo incluye orientaci\u00f3n para la implementaci\u00f3n, configuraci\u00f3n de flujos de trabajo y pr\u00e1cticas operativas, y capacitaci\u00f3n estructurada para que los equipos puedan utilizar, mantener y mejorar la soluci\u00f3n tras su puesta en marcha.<\/p>\n                                <\/div>\n        \n        \n                <\/div>\n        <\/div>\t\t\t\t<\/div>\n\t\t\t\t<\/div>\n\t\t\t\t<\/div>\n\t\t\t\t<div class=\"elementor-element elementor-element-dbd5f9a elementor-invisible elementor-widget elementor-widget-text-editor\" data-id=\"dbd5f9a\" data-element_type=\"widget\" data-e-type=\"widget\" data-settings=\"{&quot;_animation&quot;:&quot;fadeInUp&quot;,&quot;ekit_we_effect_on&quot;:&quot;none&quot;}\" data-widget_type=\"text-editor.default\">\n\t\t\t\t\t\t\t\t\t<h3>Descripci\u00f3n del servicio<\/h3><p>Apoyamos la implementaci\u00f3n tecnol\u00f3gica de las organizaciones financieras con un enfoque que equilibra la rapidez, la gesti\u00f3n de riesgos y la trazabilidad. El servicio comienza por aclarar los objetivos, las limitaciones y el perfil de riesgo, para luego definir un estado objetivo viable que se adapte a la arquitectura y al modelo operativo existentes.<\/p><p>A partir de ah\u00ed, impulsamos la implementaci\u00f3n mediante entregas iterativas, asegur\u00e1ndonos de que los requisitos est\u00e9n documentados, los controles sean comprobables, la evidencia est\u00e9 organizada y las responsabilidades sean claras. Trabajamos en estrecha colaboraci\u00f3n con los equipos de tecnolog\u00eda, operaciones, riesgo, cumplimiento normativo y de negocios para coordinar las aprobaciones, la gesti\u00f3n del cambio y la capacitaci\u00f3n, de modo que la entrega no se limite a la finalizaci\u00f3n del desarrollo, sino que d\u00e9 lugar a una adopci\u00f3n real.<\/p><p>A partir de ah\u00ed, impulsamos la implementaci\u00f3n mediante entregas iterativas, asegur\u00e1ndonos de que los requisitos est\u00e9n documentados, los controles sean comprobables, la evidencia est\u00e9 organizada y las responsabilidades sean claras. Trabajamos en estrecha colaboraci\u00f3n con los equipos de tecnolog\u00eda, operaciones, riesgo, cumplimiento normativo y de negocios para coordinar las aprobaciones, la gesti\u00f3n del cambio y la capacitaci\u00f3n, de modo que la entrega no se limite a la finalizaci\u00f3n del desarrollo, sino que d\u00e9 lugar a una adopci\u00f3n real.<\/p><h3>Qu\u00e9 incluye<\/h3><ul><li><strong>Descubrimiento y alineaci\u00f3n<\/strong>, objetivos, limitaciones, entrevistas con las partes interesadas y definici\u00f3n de resultados medibles.<\/li><li><strong>Correlaci\u00f3n de requisitos y controles<\/strong>, requisitos funcionales, requisitos no funcionales, consideraciones sobre riesgos y controles, y criterios de aceptaci\u00f3n.<\/li><li><strong>Dise\u00f1o de soluciones<\/strong>, arquitectura de alto nivel, enfoque de integraci\u00f3n, flujos de datos y consideraciones operativas.<\/li><li><strong>Implementaci\u00f3n y configuraci\u00f3n<\/strong>, configuraci\u00f3n de entornos, flujos de trabajo, rutinas operativas y estructuras de documentaci\u00f3n.<\/li><li><strong>Capacitaci\u00f3n en materia de datos y elaboraci\u00f3n de informes<\/strong>, definiciones de datos, controles de calidad, trazabilidad y soporte para la l\u00f3gica de generaci\u00f3n de informes.<\/li><li><strong>Apoyo en materia de seguridad y gobernanza<\/strong>, patrones de acceso, responsabilidades, rutinas de recopilaci\u00f3n de pruebas y periodicidad de las revisiones.<\/li><li><strong>Pruebas y validaci\u00f3n<\/strong>, pruebas funcionales, verificaci\u00f3n de controles y preparaci\u00f3n para el lanzamiento.<\/li><li><strong>Gesti\u00f3n del cambio y capacitaci\u00f3n<\/strong>, capacitaci\u00f3n basada en funciones, gu\u00edas operativas y apoyo a la implementaci\u00f3n.<\/li><\/ul><h3>Qu\u00e9 le ayuda a lograr este servicio<\/h3><ul><li>Implementa los cambios tecnol\u00f3gicos con una documentaci\u00f3n clara, trazabilidad y una ejecuci\u00f3n predecible.<\/li><li>Mejore la eficiencia operativa mediante la digitalizaci\u00f3n de los flujos de trabajo y la reducci\u00f3n de los procesos manuales.<\/li><li>Fortalecer la gobernanza mediante responsabilidades bien definidas, rutinas de verificaci\u00f3n y periodicidad en las revisiones.<\/li><li>Aumentar la confianza en los datos y los informes mediante definiciones coherentes y controles de calidad.<\/li><li>Reduzca los riesgos de entrega mediante lanzamientos iterativos, puntos de control de validaci\u00f3n y criterios de aceptaci\u00f3n claros.<\/li><li>Mejore la preparaci\u00f3n para auditor\u00edas y el cumplimiento normativo mediante la organizaci\u00f3n de documentos, decisiones y pruebas de control.<\/li><li>Proporcione a los equipos internos capacitaci\u00f3n, gu\u00edas operativas y materiales de traspaso que favorezcan la continuidad.<\/li><\/ul><h3>Entregables<\/h3><ul><li>Definici\u00f3n del alcance y los resultados, supuestos, riesgos y mapa de dependencias.<\/li><li>Paquete de requisitos, historias de usuario, criterios de aceptaci\u00f3n y consideraciones de control.<\/li><li>Plan de soluci\u00f3n, flujos de trabajo y documentaci\u00f3n sobre la integraci\u00f3n y el flujo de datos.<\/li><li>Plan de implementaci\u00f3n y hoja de ruta de lanzamientos con hitos.<\/li><li>Manuales operativos, procedimientos para rutinas clave, v\u00edas de gesti\u00f3n de incidentes y escalamiento.<\/li><li>Pruebas de validaci\u00f3n, resultados de validaci\u00f3n y lista de verificaci\u00f3n de preparaci\u00f3n para el lanzamiento.<\/li><li>Materiales de capacitaci\u00f3n, gu\u00edas de funciones y documentaci\u00f3n de traspaso.<\/li><\/ul><h3>Modelo de entrega<\/h3><p><strong>Fase 1: An\u00e1lisis inicial y planificaci\u00f3n con conciencia de riesgos, de 1 a 2 semanas<\/strong><\/p><ul><li>Entrevistas a las partes interesadas, an\u00e1lisis de la situaci\u00f3n actual y definici\u00f3n de objetivos.<\/li><li>Identifica las limitaciones, los riesgos, las dependencias y los indicadores de \u00e9xito.<\/li><li>Confirmar el alcance, las prioridades y el enfoque de ejecuci\u00f3n.<\/li><\/ul><p><strong>Fase 2: Definici\u00f3n de requisitos y soluci\u00f3n, de 2 a 4 semanas<\/strong><\/p><ul><li>Definir los requisitos funcionales y no funcionales.<\/li><li>Adaptar los requisitos a las necesidades operativas y de control.<\/li><li>Elaborar el esquema de la soluci\u00f3n, los flujos de datos y el plan de implementaci\u00f3n.<\/li><\/ul><p><strong>Fase 3: Implementaci\u00f3n y configuraci\u00f3n, de 4 a 10 semanas<\/strong><\/p><ul><li>Configurar flujos de trabajo, pr\u00e1cticas operativas y entornos de apoyo.<\/li><li>Implementar las integraciones, el manejo de datos y los componentes de generaci\u00f3n de informes seg\u00fan sea necesario.<\/li><li>Entregue el producto en iteraciones, con demostraciones peri\u00f3dicas y puntos de control de validaci\u00f3n.<\/li><\/ul><p><strong>Fase 4: Pruebas, validaci\u00f3n y preparaci\u00f3n, de 2 a 4 semanas<\/strong><\/p><ul><li>Execute functional testing and verification of agreed controls.<\/li><li>Finalize runbooks, evidence routines, and operational procedures.<\/li><li>Elabora una lista de verificaci\u00f3n de la preparaci\u00f3n para el lanzamiento y un plan de puesta en marcha.<\/li><\/ul><p><strong>Fase 5: Puesta en marcha y estabilizaci\u00f3n, de 1 a 3 semanas<\/strong><\/p><ul><li>Capacitaci\u00f3n basada en funciones y traspaso operativo.<\/li><li>Apoyar la puesta en marcha, resolver los problemas y perfeccionar los procedimientos.<\/li><li>Definir la lista de mejoras pendientes para el pr\u00f3ximo ciclo.<\/li><\/ul><h3><!-- notionvc: 07a16cd3-f379-4343-a662-e42abdf52ad8 --><\/h3><p><!-- notionvc: 1763ff9a-9021-435b-bc34-cdbb099b327e --><\/p>\t\t\t\t\t\t\t\t<\/div>\n\t\t\t\t<\/div>\n\t\t\t\t<div class=\"elementor-element elementor-element-7231244 elementor-widget elementor-widget-codeio-elementor-template\" data-id=\"7231244\" data-element_type=\"widget\" data-e-type=\"widget\" data-settings=\"{&quot;ekit_we_effect_on&quot;:&quot;none&quot;}\" data-widget_type=\"codeio-elementor-template.default\">\n\t\t\t\t<div class=\"elementor-widget-container\">\n\t\t\t\t\t\t\t<div class=\"elementor-template\">\n\t\t\t\t\t<\/div>\n\t\t\t\t\t\t<\/div>\n\t\t\t\t<\/div>\n\t\t\t\t<\/div>\n\t\t<div class=\"elementor-element elementor-element-8ef8b86 e-con-full e-flex e-con e-child\" data-id=\"8ef8b86\" data-element_type=\"container\" data-e-type=\"container\">\n\t\t\t\t<\/div>\n\t\t\t\t\t<\/div>\n\t\t\t\t<\/div>\n\t\t\t\t<\/div>","protected":false},"excerpt":{"rendered":"<p>Tech for Financial Sector Tech for the Financial [&hellip;]<\/p>\n","protected":false},"author":1,"featured_media":0,"parent":6346,"menu_order":0,"comment_status":"closed","ping_status":"closed","template":"elementor_header_footer","meta":{"_angie_page":false,"_monsterinsights_skip_tracking":false,"_monsterinsights_sitenote_active":false,"_monsterinsights_sitenote_note":"","_monsterinsights_sitenote_category":0,"footnotes":""},"class_list":["post-14389","page","type-page","status-publish","hentry"],"aioseo_notices":[],"_links":{"self":[{"href":"https:\/\/urbadigital.com\/es\/wp-json\/wp\/v2\/pages\/14389","targetHints":{"allow":["GET"]}}],"collection":[{"href":"https:\/\/urbadigital.com\/es\/wp-json\/wp\/v2\/pages"}],"about":[{"href":"https:\/\/urbadigital.com\/es\/wp-json\/wp\/v2\/types\/page"}],"author":[{"embeddable":true,"href":"https:\/\/urbadigital.com\/es\/wp-json\/wp\/v2\/users\/1"}],"replies":[{"embeddable":true,"href":"https:\/\/urbadigital.com\/es\/wp-json\/wp\/v2\/comments?post=14389"}],"version-history":[{"count":7,"href":"https:\/\/urbadigital.com\/es\/wp-json\/wp\/v2\/pages\/14389\/revisions"}],"predecessor-version":[{"id":14438,"href":"https:\/\/urbadigital.com\/es\/wp-json\/wp\/v2\/pages\/14389\/revisions\/14438"}],"up":[{"embeddable":true,"href":"https:\/\/urbadigital.com\/es\/wp-json\/wp\/v2\/pages\/6346"}],"wp:attachment":[{"href":"https:\/\/urbadigital.com\/es\/wp-json\/wp\/v2\/media?parent=14389"}],"curies":[{"name":"wp","href":"https:\/\/api.w.org\/{rel}","templated":true}]}}