{"id":14390,"date":"2026-03-09T16:21:16","date_gmt":"2026-03-09T21:21:16","guid":{"rendered":"https:\/\/urbadigital.com\/?page_id=14390"},"modified":"2026-03-11T09:15:09","modified_gmt":"2026-03-11T14:15:09","slug":"tech-for-democracy","status":"publish","type":"page","link":"https:\/\/urbadigital.com\/es\/solutions\/tech-for-democracy\/","title":{"rendered":"Tecnolog\u00eda para la democracia"},"content":{"rendered":"<div data-elementor-type=\"wp-page\" data-elementor-id=\"14390\" class=\"elementor elementor-14390\" data-elementor-post-type=\"page\">\n\t\t\t\t<div class=\"elementor-element elementor-element-d1ec22d e-flex e-con-boxed e-con e-parent\" data-id=\"d1ec22d\" data-element_type=\"container\" data-e-type=\"container\">\n\t\t\t\t\t<div class=\"e-con-inner\">\n\t\t<div class=\"elementor-element elementor-element-fc0728d e-con-full e-flex e-con e-child\" data-id=\"fc0728d\" data-element_type=\"container\" data-e-type=\"container\">\n\t\t\t\t<\/div>\n\t\t<div class=\"elementor-element elementor-element-464f435 e-con-full e-flex e-con e-child\" data-id=\"464f435\" data-element_type=\"container\" data-e-type=\"container\">\n\t\t<div class=\"elementor-element elementor-element-63e9a4e e-con-full e-flex e-con e-child\" data-id=\"63e9a4e\" data-element_type=\"container\" data-e-type=\"container\">\n\t\t\t\t<div class=\"elementor-element elementor-element-6e3b106 at-heading-animation at-animation-heading-style-3 elementor-widget elementor-widget-heading\" data-id=\"6e3b106\" data-element_type=\"widget\" data-e-type=\"widget\" data-settings=\"{&quot;ekit_we_effect_on&quot;:&quot;none&quot;}\" data-widget_type=\"heading.default\">\n\t\t\t\t\t<h2 class=\"elementor-heading-title elementor-size-default\">Tecnolog\u00eda para la democracia<\/h2>\t\t\t\t<\/div>\n\t\t<div class=\"elementor-element elementor-element-8e0305f e-con-full e-flex e-con e-child\" data-id=\"8e0305f\" data-element_type=\"container\" data-e-type=\"container\">\n\t\t<div class=\"elementor-element elementor-element-18f61a7 e-con-full elementor-hidden-mobile e-flex e-con e-child\" data-id=\"18f61a7\" data-element_type=\"container\" data-e-type=\"container\">\n\t\t\t\t<div class=\"elementor-element elementor-element-89e8203 at-distortion-effect strategy-item-image at-image-animation at-animation-image-none elementor-widget elementor-widget-image\" data-id=\"89e8203\" data-element_type=\"widget\" data-e-type=\"widget\" data-settings=\"{&quot;ekit_we_effect_on&quot;:&quot;none&quot;}\" data-widget_type=\"image.default\">\n\t\t\t\t\t\t\t\t\t\t\t\t\t\t\t<img fetchpriority=\"high\" decoding=\"async\" width=\"1376\" height=\"768\" src=\"https:\/\/urbadigital.com\/wp-content\/uploads\/2026\/03\/ledsalesservice.jpg\" class=\"attachment-full size-full wp-image-14014\" alt=\"\" srcset=\"https:\/\/urbadigital.com\/wp-content\/uploads\/2026\/03\/ledsalesservice.jpg 1376w, https:\/\/urbadigital.com\/wp-content\/uploads\/2026\/03\/ledsalesservice-300x167.jpg 300w, https:\/\/urbadigital.com\/wp-content\/uploads\/2026\/03\/ledsalesservice-1024x572.jpg 1024w, https:\/\/urbadigital.com\/wp-content\/uploads\/2026\/03\/ledsalesservice-768x429.jpg 768w, https:\/\/urbadigital.com\/wp-content\/uploads\/2026\/03\/ledsalesservice-18x10.jpg 18w\" sizes=\"(max-width: 1376px) 100vw, 1376px\" \/>\t\t\t\t\t\t\t\t\t\t\t\t\t\t\t<\/div>\n\t\t\t\t<\/div>\n\t\t<div class=\"elementor-element elementor-element-1a78d31 e-con-full e-flex e-con e-child\" data-id=\"1a78d31\" data-element_type=\"container\" data-e-type=\"container\">\n\t\t\t\t<div class=\"elementor-element elementor-element-8f00cc3 ekit-equal-height-disable elementor-invisible elementor-widget elementor-widget-elementskit-icon-box\" data-id=\"8f00cc3\" data-element_type=\"widget\" data-e-type=\"widget\" data-settings=\"{&quot;_animation&quot;:&quot;fadeInUp&quot;,&quot;ekit_we_effect_on&quot;:&quot;none&quot;}\" data-widget_type=\"elementskit-icon-box.default\">\n\t\t\t\t\t<div class=\"ekit-wid-con\" >        <!-- link opening -->\n                <!-- end link opening -->\n\n        <div class=\"elementskit-infobox text-left text- icon-lef-right-aligin elementor-animation-\">\n                        <div class=\"box-body\">\n                        \t\t  \t<p>Tech for Democracy es un servicio que ayuda a organizaciones de inter\u00e9s p\u00fablico, iniciativas c\u00edvicas y equipos orientados a una misi\u00f3n a planificar e implementar soluciones digitales que refuercen la transparencia, la participaci\u00f3n, el acceso a los servicios y la capacidad institucional. El objetivo principal es convertir los objetivos de los programas en implementaciones tecnol\u00f3gicas pr\u00e1cticas, seguras y sostenibles, respaldadas por flujos de trabajo claros, documentaci\u00f3n y capacitaci\u00f3n.\n\nEsta iniciativa apoya a los equipos que necesitan mejorar la forma en que se recopila, gestiona y comparte la informaci\u00f3n, as\u00ed como la forma en que se prestan los servicios a las comunidades. Incluye orientaci\u00f3n para la implementaci\u00f3n, configuraci\u00f3n de procesos y entornos de apoyo, y capacitaci\u00f3n para que los equipos internos puedan operar la soluci\u00f3n de manera responsable y mantenerla a largo plazo.<\/p>\n                                <\/div>\n        \n        \n                <\/div>\n        <\/div>\t\t\t\t<\/div>\n\t\t\t\t<\/div>\n\t\t\t\t<\/div>\n\t\t\t\t<div class=\"elementor-element elementor-element-dbd5f9a elementor-invisible elementor-widget elementor-widget-text-editor\" data-id=\"dbd5f9a\" data-element_type=\"widget\" data-e-type=\"widget\" data-settings=\"{&quot;_animation&quot;:&quot;fadeInUp&quot;,&quot;ekit_we_effect_on&quot;:&quot;none&quot;}\" data-widget_type=\"text-editor.default\">\n\t\t\t\t\t\t\t\t\t<h3>Descripci\u00f3n del servicio<\/h3><p>Trabajamos con las partes interesadas de los programas, las operaciones y el \u00e1rea t\u00e9cnica para definir los resultados, trazar los procesos y dise\u00f1ar un plan de ejecuci\u00f3n que se adapte a las limitaciones reales, incluyendo la gobernanza, la protecci\u00f3n de datos, la accesibilidad y la gesti\u00f3n del cambio. El servicio comienza por aclarar el problema, los usuarios y el contexto operativo, para luego traducir esos hallazgos en un plan de soluci\u00f3n y una lista de tareas pendientes para la implementaci\u00f3n.<\/p><p>La implementaci\u00f3n se lleva a cabo de forma iterativa, con puntos de control de validaci\u00f3n frecuentes y una documentaci\u00f3n clara. Ayudamos a los equipos a definir funciones y responsabilidades, a establecer rutinas de calidad y revisi\u00f3n, y a implementar un enfoque pr\u00e1ctico para el seguimiento y la mejora continua. El objetivo es ofrecer capacidades \u00fatiles y f\u00e1ciles de adoptar, no solo resultados t\u00e9cnicos.<\/p><p>Typical engagement areas include case management and service delivery workflows, citizen facing digital services, data collection and reporting, transparency and open information practices, interoperability between systems, monitoring and evaluation support, and operational dashboards. The exact scope is adapted to each organization\u2019s mandate, resources, and risk profile.<\/p><h3>Qu\u00e9 incluye<\/h3><ul><li><strong>Descubrimiento y alineaci\u00f3n<\/strong>, entrevistas con las partes interesadas, an\u00e1lisis del contexto y definici\u00f3n de resultados medibles.<\/li><li><strong>Mapeo de usuarios y recorridos<\/strong>, grupos de usuarios, restricciones de acceso y flujos de la experiencia del servicio.<\/li><li><strong>Mapeo de procesos y datos<\/strong>, flujos de trabajo de principio a fin, necesidades de datos y requisitos de evidencia.<\/li><li><strong>Esquema de la soluci\u00f3n<\/strong>, arquitectura de alto nivel, enfoque de integraci\u00f3n y plan de implementaci\u00f3n.<\/li><li><strong>Implementaci\u00f3n y configuraci\u00f3n<\/strong>, configuraci\u00f3n de flujos de trabajo, entornos y pr\u00e1cticas operativas.<\/li><li><strong>Gobernanza y medidas de protecci\u00f3n de los datos<\/strong>, funciones, principios de conservaci\u00f3n y acceso, y procedimientos de gesti\u00f3n de pruebas.<\/li><li><strong>Control de calidad y validaci\u00f3n<\/strong>, pruebas funcionales, puntos de control de revisi\u00f3n y preparaci\u00f3n para el lanzamiento.<\/li><li><strong>Habilitaci\u00f3n y adopci\u00f3n<\/strong>, capacitaci\u00f3n, documentaci\u00f3n de traspaso y manuales operativos.<\/li><\/ul><h3>Qu\u00e9 le ayuda a lograr este servicio<\/h3><ul><li>Mejorar el acceso a los servicios simplificando los procesos y potenciando los canales digitales.<\/li><li>Aumentar la transparencia mediante la estructuraci\u00f3n de la informaci\u00f3n y la organizaci\u00f3n de los procesos de presentaci\u00f3n de informes y publicaci\u00f3n.<\/li><li>Fortalecer la rendici\u00f3n de cuentas mediante pr\u00e1cticas claras de atribuci\u00f3n de responsabilidades, auditabilidad y presentaci\u00f3n de pruebas.<\/li><li>Reduzca los obst\u00e1culos operativos mediante la estandarizaci\u00f3n de los flujos de trabajo y la automatizaci\u00f3n de las tareas repetitivas.<\/li><li>Mejore la calidad de los datos y la toma de decisiones mediante definiciones y un seguimiento coherentes.<\/li><li>Implementa los cambios con menos riesgos mediante lanzamientos iterativos y puntos de control de validaci\u00f3n.<\/li><li>Desarrollar la capacidad interna mediante capacitaci\u00f3n, documentaci\u00f3n y rutinas operativas sostenibles.<\/li><\/ul><h3>Entregables<\/h3><ul><li>Resumen del problema y el contexto, resultados, limitaciones y riesgos.<\/li><li>Mapas de procesos y recorridos de los servicios, incluyendo los principales puntos d\u00e9biles y oportunidades.<\/li><li>Lista de tareas pendientes de implementaci\u00f3n con criterios de aceptaci\u00f3n y priorizaci\u00f3n.<\/li><li>Plan de la soluci\u00f3n, documentaci\u00f3n sobre la integraci\u00f3n y el flujo de datos.<\/li><li>Manuales operativos, procedimientos para rutinas clave y v\u00edas de escalamiento.<\/li><li>Lista de verificaci\u00f3n de control de calidad y pruebas de validaci\u00f3n para cada lanzamiento.<\/li><li>Enfoque de monitoreo, m\u00e9tricas, periodicidad de los informes y lista de tareas pendientes para la mejora continua.<\/li><li>Materiales de formaci\u00f3n y documentaci\u00f3n de traspaso.<\/li><\/ul><h3>Modelo de entrega<\/h3><p><strong>Fase 1: An\u00e1lisis inicial y mapeo del contexto, de 1 a 3 semanas<\/strong><\/p><ul><li>Entrevistas con las partes interesadas y revisi\u00f3n de los procesos actuales.<\/li><li>Mapeo de usuarios, recorridos de servicio y necesidades de datos.<\/li><li>Confirme los resultados, las limitaciones, los riesgos y las prioridades.<\/li><\/ul><p><strong>Fase 2: Definici\u00f3n de la soluci\u00f3n y planificaci\u00f3n de la implementaci\u00f3n, de 2 a 4 semanas<\/strong><\/p><ul><li>Definir los requisitos y los criterios de aceptaci\u00f3n.<\/li><li>Elaborar un esquema de la soluci\u00f3n, los flujos de trabajo y los flujos de datos.<\/li><li>Elabora una lista de tareas pendientes de implementaci\u00f3n ordenadas por prioridad y un plan de lanzamientos.<\/li><\/ul><p><strong>Fase 3: Implementaci\u00f3n y configuraci\u00f3n, de 4 a 10 semanas<\/strong><\/p><ul><li>Configurar flujos de trabajo y entornos de apoyo.<\/li><li>Implementar las integraciones, el manejo de datos y los componentes de generaci\u00f3n de informes seg\u00fan sea necesario.<\/li><li>Entregue el producto en iteraciones, con demostraciones y puntos de validaci\u00f3n.<\/li><\/ul><p><strong>Fase 4: Pruebas, medidas de seguridad y preparaci\u00f3n, de 2 a 4 semanas<\/strong><\/p><ul><li>Realizar pruebas funcionales y validaci\u00f3n operativa.<\/li><li>Verificar los procedimientos, las funciones y las medidas de seguridad en materia de gobernanza.<\/li><li>Elabora una lista de verificaci\u00f3n de la preparaci\u00f3n para el lanzamiento y un plan de puesta en marcha.<\/li><\/ul><p><strong>Fase 5: Puesta en marcha, estabilizaci\u00f3n y traspaso, de 1 a 3 semanas<\/strong><\/p><ul><li>Capacitaci\u00f3n basada en funciones y traspaso operativo.<\/li><li>Apoyar la puesta en marcha, resolver los problemas y perfeccionar los procedimientos.<\/li><li>Confirmar la periodicidad del seguimiento y el pr\u00f3ximo ciclo de mejora.<\/li><\/ul><h3><!-- notionvc: b4fc424a-77fc-43ad-ba34-34aa8c4e365b --><\/h3><p><!-- notionvc: 1763ff9a-9021-435b-bc34-cdbb099b327e --><\/p>\t\t\t\t\t\t\t\t<\/div>\n\t\t\t\t<\/div>\n\t\t\t\t<div class=\"elementor-element elementor-element-7231244 elementor-widget elementor-widget-codeio-elementor-template\" data-id=\"7231244\" data-element_type=\"widget\" data-e-type=\"widget\" data-settings=\"{&quot;ekit_we_effect_on&quot;:&quot;none&quot;}\" data-widget_type=\"codeio-elementor-template.default\">\n\t\t\t\t<div class=\"elementor-widget-container\">\n\t\t\t\t\t\t\t<div class=\"elementor-template\">\n\t\t\t\t\t<\/div>\n\t\t\t\t\t\t<\/div>\n\t\t\t\t<\/div>\n\t\t\t\t<\/div>\n\t\t<div class=\"elementor-element elementor-element-8ef8b86 e-con-full e-flex e-con e-child\" data-id=\"8ef8b86\" data-element_type=\"container\" data-e-type=\"container\">\n\t\t\t\t<\/div>\n\t\t\t\t\t<\/div>\n\t\t\t\t<\/div>\n\t\t\t\t<\/div>","protected":false},"excerpt":{"rendered":"<p>Tech for Democracy Tech for Democracy is a [&hellip;]<\/p>\n","protected":false},"author":1,"featured_media":0,"parent":6346,"menu_order":0,"comment_status":"closed","ping_status":"closed","template":"elementor_header_footer","meta":{"_angie_page":false,"_monsterinsights_skip_tracking":false,"_monsterinsights_sitenote_active":false,"_monsterinsights_sitenote_note":"","_monsterinsights_sitenote_category":0,"footnotes":""},"class_list":["post-14390","page","type-page","status-publish","hentry"],"aioseo_notices":[],"_links":{"self":[{"href":"https:\/\/urbadigital.com\/es\/wp-json\/wp\/v2\/pages\/14390","targetHints":{"allow":["GET"]}}],"collection":[{"href":"https:\/\/urbadigital.com\/es\/wp-json\/wp\/v2\/pages"}],"about":[{"href":"https:\/\/urbadigital.com\/es\/wp-json\/wp\/v2\/types\/page"}],"author":[{"embeddable":true,"href":"https:\/\/urbadigital.com\/es\/wp-json\/wp\/v2\/users\/1"}],"replies":[{"embeddable":true,"href":"https:\/\/urbadigital.com\/es\/wp-json\/wp\/v2\/comments?post=14390"}],"version-history":[{"count":7,"href":"https:\/\/urbadigital.com\/es\/wp-json\/wp\/v2\/pages\/14390\/revisions"}],"predecessor-version":[{"id":14447,"href":"https:\/\/urbadigital.com\/es\/wp-json\/wp\/v2\/pages\/14390\/revisions\/14447"}],"up":[{"embeddable":true,"href":"https:\/\/urbadigital.com\/es\/wp-json\/wp\/v2\/pages\/6346"}],"wp:attachment":[{"href":"https:\/\/urbadigital.com\/es\/wp-json\/wp\/v2\/media?parent=14390"}],"curies":[{"name":"wp","href":"https:\/\/api.w.org\/{rel}","templated":true}]}}