{"id":14391,"date":"2026-03-09T16:17:01","date_gmt":"2026-03-09T21:17:01","guid":{"rendered":"https:\/\/urbadigital.com\/?page_id=14391"},"modified":"2026-03-11T09:16:40","modified_gmt":"2026-03-11T14:16:40","slug":"whatsapp-sales-marketing","status":"publish","type":"page","link":"https:\/\/urbadigital.com\/es\/products\/whatsapp-sales-marketing\/","title":{"rendered":"Comercializaci\u00f3n de ventas por Whatsapp"},"content":{"rendered":"<div data-elementor-type=\"wp-page\" data-elementor-id=\"14391\" class=\"elementor elementor-14391\" data-elementor-post-type=\"page\">\n\t\t\t\t<div class=\"elementor-element elementor-element-d1ec22d e-flex e-con-boxed e-con e-parent\" data-id=\"d1ec22d\" data-element_type=\"container\" data-e-type=\"container\">\n\t\t\t\t\t<div class=\"e-con-inner\">\n\t\t<div class=\"elementor-element elementor-element-fc0728d e-con-full e-flex e-con e-child\" data-id=\"fc0728d\" data-element_type=\"container\" data-e-type=\"container\">\n\t\t\t\t<\/div>\n\t\t<div class=\"elementor-element elementor-element-464f435 e-con-full e-flex e-con e-child\" data-id=\"464f435\" data-element_type=\"container\" data-e-type=\"container\">\n\t\t<div class=\"elementor-element elementor-element-63e9a4e e-con-full e-flex e-con e-child\" data-id=\"63e9a4e\" data-element_type=\"container\" data-e-type=\"container\">\n\t\t\t\t<div class=\"elementor-element elementor-element-6e3b106 at-heading-animation at-animation-heading-style-3 elementor-widget elementor-widget-heading\" data-id=\"6e3b106\" data-element_type=\"widget\" data-e-type=\"widget\" data-settings=\"{&quot;ekit_we_effect_on&quot;:&quot;none&quot;}\" data-widget_type=\"heading.default\">\n\t\t\t\t\t<h2 class=\"elementor-heading-title elementor-size-default\">Comercializaci\u00f3n de ventas por Whatsapp<\/h2>\t\t\t\t<\/div>\n\t\t<div class=\"elementor-element elementor-element-8e0305f e-con-full e-flex e-con e-child\" data-id=\"8e0305f\" data-element_type=\"container\" data-e-type=\"container\">\n\t\t<div class=\"elementor-element elementor-element-18f61a7 e-con-full elementor-hidden-mobile e-flex e-con e-child\" data-id=\"18f61a7\" data-element_type=\"container\" data-e-type=\"container\">\n\t\t\t\t<div class=\"elementor-element elementor-element-89e8203 at-distortion-effect strategy-item-image at-image-animation at-animation-image-none elementor-widget elementor-widget-image\" data-id=\"89e8203\" data-element_type=\"widget\" data-e-type=\"widget\" data-settings=\"{&quot;ekit_we_effect_on&quot;:&quot;none&quot;}\" data-widget_type=\"image.default\">\n\t\t\t\t\t\t\t\t\t\t\t\t\t\t\t<img fetchpriority=\"high\" decoding=\"async\" width=\"1376\" height=\"768\" src=\"https:\/\/urbadigital.com\/wp-content\/uploads\/2026\/03\/ledsalesservice.jpg\" class=\"attachment-full size-full wp-image-14014\" alt=\"\" srcset=\"https:\/\/urbadigital.com\/wp-content\/uploads\/2026\/03\/ledsalesservice.jpg 1376w, https:\/\/urbadigital.com\/wp-content\/uploads\/2026\/03\/ledsalesservice-300x167.jpg 300w, https:\/\/urbadigital.com\/wp-content\/uploads\/2026\/03\/ledsalesservice-1024x572.jpg 1024w, https:\/\/urbadigital.com\/wp-content\/uploads\/2026\/03\/ledsalesservice-768x429.jpg 768w, https:\/\/urbadigital.com\/wp-content\/uploads\/2026\/03\/ledsalesservice-18x10.jpg 18w\" sizes=\"(max-width: 1376px) 100vw, 1376px\" \/>\t\t\t\t\t\t\t\t\t\t\t\t\t\t\t<\/div>\n\t\t\t\t<\/div>\n\t\t<div class=\"elementor-element elementor-element-1a78d31 e-con-full e-flex e-con e-child\" data-id=\"1a78d31\" data-element_type=\"container\" data-e-type=\"container\">\n\t\t\t\t<div class=\"elementor-element elementor-element-8f00cc3 ekit-equal-height-disable elementor-invisible elementor-widget elementor-widget-elementskit-icon-box\" data-id=\"8f00cc3\" data-element_type=\"widget\" data-e-type=\"widget\" data-settings=\"{&quot;_animation&quot;:&quot;fadeInUp&quot;,&quot;ekit_we_effect_on&quot;:&quot;none&quot;}\" data-widget_type=\"elementskit-icon-box.default\">\n\t\t\t\t\t<div class=\"ekit-wid-con\" >        <!-- link opening -->\n                <!-- end link opening -->\n\n        <div class=\"elementskit-infobox text-left text- icon-lef-right-aligin elementor-animation-\">\n                        <div class=\"box-body\">\n                        \t\t  \t<p>WhatsApp Sales Marketing es un servicio estructurado de implementaci\u00f3n de productos que ayuda a las organizaciones a configurar y adoptar flujos de trabajo de mensajer\u00eda integrales para campa\u00f1as de marketing, conversaciones con clientes, calificaci\u00f3n de clientes potenciales y fidelizaci\u00f3n de clientes. Se centra en dise\u00f1ar los recorridos adecuados, configurar los flujos de trabajo operativos y permitir que los equipos act\u00faen de manera coherente, con una gobernanza y una medici\u00f3n claras.<br><br>Este compromiso est\u00e1 dise\u00f1ado para equipos que desean realizar campa\u00f1as de marketing, chatear con clientes a gran escala e identificar clientes potenciales con alta intenci\u00f3n de compra mediante la calificaci\u00f3n respaldada por IA, al tiempo que refuerzan la retenci\u00f3n a trav\u00e9s de un m\u00f3dulo de fidelizaci\u00f3n que reduce la fricci\u00f3n para los clientes. El servicio incluye la implementaci\u00f3n, la configuraci\u00f3n y la capacitaci\u00f3n, de modo que los equipos internos puedan operar la soluci\u00f3n, mejorarla con el tiempo y tomar decisiones utilizando los datos recopilados en las campa\u00f1as y conversaciones.<\/p>\n                                <\/div>\n        \n        \n                <\/div>\n        <\/div>\t\t\t\t<\/div>\n\t\t\t\t<\/div>\n\t\t\t\t<\/div>\n\t\t\t\t<div class=\"elementor-element elementor-element-dbd5f9a elementor-invisible elementor-widget elementor-widget-text-editor\" data-id=\"dbd5f9a\" data-element_type=\"widget\" data-e-type=\"widget\" data-settings=\"{&quot;_animation&quot;:&quot;fadeInUp&quot;,&quot;ekit_we_effect_on&quot;:&quot;none&quot;}\" data-widget_type=\"text-editor.default\">\n\t\t\t\t\t\t\t\t\t<h3>Descripci\u00f3n del servicio<\/h3><p>Ayudamos a las organizaciones a implementar un modelo operativo comercial basado en mensajes, desde la ejecuci\u00f3n de campa\u00f1as hasta el seguimiento de ventas y la retenci\u00f3n. El trabajo comienza con el mapeo del ciclo de vida del cliente, la adquisici\u00f3n, la calificaci\u00f3n, la compra, la compra repetida y la reincorporaci\u00f3n, para luego definir c\u00f3mo los mensajes respaldan cada etapa.<\/p><p>A partir de ah\u00ed, configuramos los flujos de trabajo necesarios para llevar a cabo las operaciones diarias. Esto incluye la planificaci\u00f3n y aprobaci\u00f3n de campa\u00f1as, rutinas de segmentaci\u00f3n, gesti\u00f3n de conversaciones, enrutamiento de clientes potenciales, est\u00e1ndares de seguimiento y un enfoque estructurado para los procesos de fidelizaci\u00f3n. La identificaci\u00f3n de clientes potenciales con ayuda de la inteligencia artificial se implementa mediante se\u00f1ales de intenci\u00f3n claras y criterios de calificaci\u00f3n, de modo que los equipos pueden dar prioridad a las conversaciones que tienen m\u00e1s probabilidades de convertirse en ventas.<\/p><p>El servicio se presta de forma iterativa. Cada iteraci\u00f3n incluye la validaci\u00f3n con escenarios reales, la revisi\u00f3n del rendimiento y ajustes en la segmentaci\u00f3n, el contenido, el enrutamiento y la automatizaci\u00f3n. La capacitaci\u00f3n est\u00e1 integrada en la prestaci\u00f3n del servicio, incluyendo formaci\u00f3n, manuales y documentaci\u00f3n, para que la organizaci\u00f3n pueda incorporar a nuevos miembros al equipo, mantener la calidad y mejorar continuamente los resultados.<\/p><h3>Qu\u00e9 incluye<\/h3><ul><li><strong>Descubrimiento y alineaci\u00f3n de objetivos<\/strong>, p\u00fablicos objetivo, etapas del ciclo de vida del cliente y m\u00e9tricas de \u00e9xito.<\/li><li><strong>Dise\u00f1o de viajes y conversaciones<\/strong>, puntos de contacto de mensajer\u00eda, etapas de conversaci\u00f3n y modelo de propiedad.<\/li><li><strong>Modelo operativo de la campa\u00f1a<\/strong>, directrices de contenido, pasos de aprobaci\u00f3n, cadencia de publicaci\u00f3n y lista de verificaci\u00f3n de control de calidad.<\/li><li><strong>Segmentaci\u00f3n y gesti\u00f3n de listas<\/strong>, requisitos de datos, reglas de segmentaci\u00f3n y rutinas para mantener la precisi\u00f3n de las audiencias.<\/li><li><strong>Flujo de trabajo de seguimiento de ventas<\/strong>, reglas de enrutamiento de clientes potenciales, est\u00e1ndares de tiempo de respuesta, v\u00edas de escalamiento y pr\u00e1cticas coherentes de toma de notas.<\/li><li><strong>Calificaci\u00f3n de clientes potenciales con ayuda de la inteligencia artificial<\/strong>, se\u00f1ales de intenci\u00f3n, criterios de calificaci\u00f3n, l\u00f3gica de priorizaci\u00f3n y rutinas de revisi\u00f3n.<\/li><li><strong>Fidelizaci\u00f3n y retenci\u00f3n de clientes<\/strong>, interacci\u00f3n posterior a la compra, avisos de compra repetida, procesos de reenganche y traspasos de servicio.<\/li><li><strong>Automation and repeatable routines<\/strong>, recordatorios, secuencias de seguimiento y flujos de trabajo para el manejo de excepciones.<\/li><li><strong>Medici\u00f3n y presentaci\u00f3n de informes<\/strong>, definiciones de KPI, paneles de control, cadencia de informes y rituales de revisi\u00f3n del desempe\u00f1o.<\/li><li><strong>Habilitaci\u00f3n y gobernanza<\/strong>, capacitaci\u00f3n, manuales, documentaci\u00f3n y traspaso operativo.<\/li><\/ul><h3>Qu\u00e9 le ayuda a lograr este servicio<\/h3><ul><li>Realice campa\u00f1as de marketing con un proceso repetible, aprobaciones claras y calidad constante.<\/li><li>Mejora los tiempos de respuesta definiendo reglas de enrutamiento, propiedad y est\u00e1ndares de seguimiento.<\/li><li>Aumente la conversi\u00f3n dando prioridad a los clientes potenciales con mayor intenci\u00f3n de compra mediante la calificaci\u00f3n asistida por IA.<\/li><li>Reduzca la fricci\u00f3n operativa mediante la estandarizaci\u00f3n de las etapas de conversaci\u00f3n, los traspasos y las responsabilidades.<\/li><li>Refuerza la lealtad de los clientes con flujos de interacci\u00f3n estructurados que son f\u00e1ciles de ejecutar.<\/li><li>Mejora la toma de decisiones con paneles de control y evaluaciones de desempe\u00f1o basadas en datos confiables.<\/li><li>Establezca un ritmo operativo para la mejora continua en todos los contenidos, segmentos y flujos de trabajo.<\/li><li>Permita que los equipos operen de manera independiente mediante capacitaci\u00f3n, manuales y plantillas reutilizables.<\/li><\/ul><h3>Entregables<\/h3><ul><li>Mapa del ciclo de vida del cliente, etapas de comunicaci\u00f3n, responsabilidades y est\u00e1ndares de servicio.<\/li><li>Marco de segmentaci\u00f3n y requisitos de datos, adem\u00e1s de rutina de mantenimiento operativo.<\/li><li>Flujo de trabajo y gobernanza de la campa\u00f1a, plantillas, pasos de aprobaci\u00f3n y lista de verificaci\u00f3n para la publicaci\u00f3n.<\/li><li>Manual de seguimiento de ventas, reglas de enrutamiento, est\u00e1ndares de tiempo de respuesta y v\u00edas de escalamiento.<\/li><li>Gu\u00eda de calificaci\u00f3n de clientes potenciales, se\u00f1ales de intenci\u00f3n, criterios y rutina de revisi\u00f3n.<\/li><li>Cat\u00e1logo de flujo de lealtad, postcompra, reenganche y recorridos de retenci\u00f3n.<\/li><li>Marco de KPI y esquema del panel de control, cadencia para las revisiones de desempe\u00f1o semanales y mensuales.<\/li><li>Materiales de capacitaci\u00f3n, manuales operativos y documentaci\u00f3n de traspaso.<\/li><\/ul><h3>Modelo de entrega<\/h3><p><strong>Fase 1, Descubrimiento y definici\u00f3n del viaje, de 1 a 2 semanas<\/strong><\/p><ul><li>Alinearse en cuanto a objetivos, audiencias, etapas del ciclo de vida y resultados de conversi\u00f3n.<\/li><li>Mapea los viajes clave, las etapas de conversaci\u00f3n y la propiedad.<\/li><li>Defina las m\u00e9tricas de referencia, las restricciones y las prioridades.<\/li><\/ul><p><strong>Fase 2, Dise\u00f1o del flujo de trabajo, el contenido y la gobernanza, de 2 a 4 semanas.<\/strong><\/p><ul><li>Defina las reglas de segmentaci\u00f3n, las necesidades de datos y las rutinas de mantenimiento.<\/li><li>Establecer directrices para las campa\u00f1as, aprobaciones, plantillas y est\u00e1ndares de calidad.<\/li><li>Defina el flujo de trabajo de seguimiento, el enrutamiento, los niveles de servicio y las rutas de escalamiento.<\/li><\/ul><p><strong>Fase 3, Implementaci\u00f3n y configuraci\u00f3n, de 3 a 6 semanas.<\/strong><\/p><ul><li>Configura flujos de trabajo para campa\u00f1as, conversaciones, seguimiento y rastreo.<\/li><li>Implementar se\u00f1ales de calificaci\u00f3n de clientes potenciales y rutinas de priorizaci\u00f3n.<\/li><li>Configura flujos de fidelizaci\u00f3n y val\u00eddalos con escenarios realistas.<\/li><\/ul><p><strong>Fase 4, Ciclos de lanzamiento e iteraci\u00f3n, de 4 a 8 semanas<\/strong><\/p><ul><li>Lanza campa\u00f1as iniciales, ciclos de seguimiento y recorridos de fidelizaci\u00f3n.<\/li><li>Revisa el rendimiento semanalmente, ajusta los segmentos, el contenido, el enrutamiento y la calificaci\u00f3n.<\/li><li>Estabilizar las operaciones, perfeccionar los paneles de control y revisar la cadencia.<\/li><\/ul><p><strong>Fase 5, Habilitaci\u00f3n y traspaso, de 1 a 2 semanas.<\/strong><\/p><ul><li>Proporcione manuales y listas de verificaci\u00f3n a los propietarios y operadores de trenes.<\/li><li>Confirmar las rutinas de medici\u00f3n en curso y el retraso en las mejoras.<\/li><li>Transferir la propiedad y definir el plan para el siguiente ciclo.<\/li><\/ul><h3><!-- notionvc: 7f01ec13-e7ce-4fc7-9471-f54fed98083d --><\/h3><p><!-- notionvc: 1763ff9a-9021-435b-bc34-cdbb099b327e --><\/p>\t\t\t\t\t\t\t\t<\/div>\n\t\t\t\t<\/div>\n\t\t\t\t<div class=\"elementor-element elementor-element-7231244 elementor-widget elementor-widget-codeio-elementor-template\" data-id=\"7231244\" data-element_type=\"widget\" data-e-type=\"widget\" data-settings=\"{&quot;ekit_we_effect_on&quot;:&quot;none&quot;}\" data-widget_type=\"codeio-elementor-template.default\">\n\t\t\t\t<div class=\"elementor-widget-container\">\n\t\t\t\t\t\t\t<div class=\"elementor-template\">\n\t\t\t\t\t<\/div>\n\t\t\t\t\t\t<\/div>\n\t\t\t\t<\/div>\n\t\t\t\t<\/div>\n\t\t<div class=\"elementor-element elementor-element-8ef8b86 e-con-full e-flex e-con e-child\" data-id=\"8ef8b86\" data-element_type=\"container\" data-e-type=\"container\">\n\t\t\t\t<\/div>\n\t\t\t\t\t<\/div>\n\t\t\t\t<\/div>\n\t\t\t\t<\/div>","protected":false},"excerpt":{"rendered":"<p>Whatsapp Sales Marketing WhatsApp Sales Marketing is a [&hellip;]<\/p>\n","protected":false},"author":1,"featured_media":0,"parent":13553,"menu_order":0,"comment_status":"closed","ping_status":"closed","template":"elementor_header_footer","meta":{"_angie_page":false,"_monsterinsights_skip_tracking":false,"_monsterinsights_sitenote_active":false,"_monsterinsights_sitenote_note":"","_monsterinsights_sitenote_category":0,"footnotes":""},"class_list":["post-14391","page","type-page","status-publish","hentry"],"aioseo_notices":[],"_links":{"self":[{"href":"https:\/\/urbadigital.com\/es\/wp-json\/wp\/v2\/pages\/14391","targetHints":{"allow":["GET"]}}],"collection":[{"href":"https:\/\/urbadigital.com\/es\/wp-json\/wp\/v2\/pages"}],"about":[{"href":"https:\/\/urbadigital.com\/es\/wp-json\/wp\/v2\/types\/page"}],"author":[{"embeddable":true,"href":"https:\/\/urbadigital.com\/es\/wp-json\/wp\/v2\/users\/1"}],"replies":[{"embeddable":true,"href":"https:\/\/urbadigital.com\/es\/wp-json\/wp\/v2\/comments?post=14391"}],"version-history":[{"count":7,"href":"https:\/\/urbadigital.com\/es\/wp-json\/wp\/v2\/pages\/14391\/revisions"}],"predecessor-version":[{"id":14459,"href":"https:\/\/urbadigital.com\/es\/wp-json\/wp\/v2\/pages\/14391\/revisions\/14459"}],"up":[{"embeddable":true,"href":"https:\/\/urbadigital.com\/es\/wp-json\/wp\/v2\/pages\/13553"}],"wp:attachment":[{"href":"https:\/\/urbadigital.com\/es\/wp-json\/wp\/v2\/media?parent=14391"}],"curies":[{"name":"wp","href":"https:\/\/api.w.org\/{rel}","templated":true}]}}