{"id":6346,"date":"2025-08-19T04:41:33","date_gmt":"2025-08-19T04:41:33","guid":{"rendered":"https:\/\/demo.awaikenthemes.com\/codeio\/?page_id=6346"},"modified":"2026-03-11T09:24:36","modified_gmt":"2026-03-11T14:24:36","slug":"solutions","status":"publish","type":"page","link":"https:\/\/urbadigital.com\/es\/solutions\/","title":{"rendered":"Soluciones"},"content":{"rendered":"<div data-elementor-type=\"wp-page\" data-elementor-id=\"6346\" class=\"elementor elementor-6346\" data-elementor-post-type=\"page\">\n\t\t\t\t<div class=\"elementor-element elementor-element-55aa057 e-flex e-con-boxed e-con e-parent\" data-id=\"55aa057\" data-element_type=\"container\" data-e-type=\"container\" data-settings=\"{&quot;background_background&quot;:&quot;classic&quot;}\">\n\t\t\t\t\t<div class=\"e-con-inner\">\n\t\t<div class=\"elementor-element elementor-element-dd42fc3 e-con-full e-flex e-con e-child\" data-id=\"dd42fc3\" data-element_type=\"container\" data-e-type=\"container\">\n\t\t\t\t<div class=\"elementor-element elementor-element-e09438d at-heading-animation at-animation-heading-style-3 elementor-widget elementor-widget-heading\" data-id=\"e09438d\" data-element_type=\"widget\" data-e-type=\"widget\" data-settings=\"{&quot;ekit_we_effect_on&quot;:&quot;none&quot;}\" data-widget_type=\"heading.default\">\n\t\t\t\t\t<h1 class=\"elementor-heading-title elementor-size-default\">Nuestras soluciones<\/h1>\t\t\t\t<\/div>\n\t\t\t\t<\/div>\n\t\t\t\t\t<\/div>\n\t\t\t\t<\/div>\n\t\t<div class=\"elementor-element elementor-element-3f7e97da e-flex e-con-boxed e-con e-child\" data-id=\"3f7e97da\" data-element_type=\"container\" data-e-type=\"container\">\n\t\t\t\t\t<div class=\"e-con-inner\">\n\t\t\t\t<div class=\"elementor-element elementor-element-6f20a876 at-heading-animation at-animation-heading-none elementor-widget elementor-widget-heading\" data-id=\"6f20a876\" data-element_type=\"widget\" data-e-type=\"widget\" data-settings=\"{&quot;ekit_we_effect_on&quot;:&quot;none&quot;}\" data-widget_type=\"heading.default\">\n\t\t\t\t\t<h2 class=\"elementor-heading-title elementor-size-default\">Soluciones<\/h2>\t\t\t\t<\/div>\n\t\t\t\t<div class=\"elementor-element elementor-element-8eac86 service-catagery-list elementor-icon-list--layout-traditional elementor-list-item-link-full_width elementor-widget elementor-widget-icon-list\" data-id=\"8eac86\" data-element_type=\"widget\" data-e-type=\"widget\" data-settings=\"{&quot;ekit_we_effect_on&quot;:&quot;none&quot;}\" data-widget_type=\"icon-list.default\">\n\t\t\t\t\t\t\t<ul class=\"elementor-icon-list-items\">\n\t\t\t\t\t\t\t<li class=\"elementor-icon-list-item\">\n\t\t\t\t\t\t\t\t\t\t\t<a href=\"https:\/\/urbadigital.com\/es\/solutions\/analytics-rag-graph-ai-agents-market-intelligence\/\">\n\n\t\t\t\t\t\t\t\t\t\t\t\t<span class=\"elementor-icon-list-icon\">\n\t\t\t\t\t\t\t<svg xmlns=\"http:\/\/www.w3.org\/2000\/svg\" width=\"30\" height=\"30\" viewbox=\"0 0 30 30\" fill=\"none\"><path d=\"M29 15C29 7.26801 22.732 1 15 1C7.26801 1 1 7.26801 1 15C1 22.732 7.26801 29 15 29C22.732 29 29 22.732 29 15ZM30 15C30 23.2843 23.2843 30 15 30C6.71573 30 0 23.2843 0 15C0 6.71573 6.71573 0 15 0C23.2843 0 30 6.71573 30 15Z\" fill=\"white\" fill-opacity=\"0.0784314\"><\/path><path d=\"M18.3362 12.9104L11.1763 20.0703L10 18.8941L17.1591 11.7341H10.8493V10.0703H20V19.221H18.3362V12.9104Z\" fill=\"white\"><\/path><\/svg>\t\t\t\t\t\t<\/span>\n\t\t\t\t\t\t\t\t\t\t<span class=\"elementor-icon-list-text\"> An\u00e1lisis, RAG-GRAPH, agentes de IA e inteligencia de mercado<\/span>\n\t\t\t\t\t\t\t\t\t\t\t<\/a>\n\t\t\t\t\t\t\t\t\t<\/li>\n\t\t\t\t\t\t\t\t<li class=\"elementor-icon-list-item\">\n\t\t\t\t\t\t\t\t\t\t\t<a href=\"https:\/\/urbadigital.com\/es\/solutions\/ai-driven-operations-workflows-process-discovery-optimization-automation-orchestration\/\">\n\n\t\t\t\t\t\t\t\t\t\t\t\t<span class=\"elementor-icon-list-icon\">\n\t\t\t\t\t\t\t<svg xmlns=\"http:\/\/www.w3.org\/2000\/svg\" width=\"30\" height=\"30\" viewbox=\"0 0 30 30\" fill=\"none\"><path d=\"M29 15C29 7.26801 22.732 1 15 1C7.26801 1 1 7.26801 1 15C1 22.732 7.26801 29 15 29C22.732 29 29 22.732 29 15ZM30 15C30 23.2843 23.2843 30 15 30C6.71573 30 0 23.2843 0 15C0 6.71573 6.71573 0 15 0C23.2843 0 30 6.71573 30 15Z\" fill=\"white\" fill-opacity=\"0.0784314\"><\/path><path d=\"M18.3362 12.9104L11.1763 20.0703L10 18.8941L17.1591 11.7341H10.8493V10.0703H20V19.221H18.3362V12.9104Z\" fill=\"white\"><\/path><\/svg>\t\t\t\t\t\t<\/span>\n\t\t\t\t\t\t\t\t\t\t<span class=\"elementor-icon-list-text\"> Operaciones y flujos de trabajo impulsados por IA Descubrimiento de procesos \u00b7 Optimizaci\u00f3n \u00b7 Automatizaci\u00f3n \u00b7 Coordinaci\u00f3n<\/span>\n\t\t\t\t\t\t\t\t\t\t\t<\/a>\n\t\t\t\t\t\t\t\t\t<\/li>\n\t\t\t\t\t\t\t\t<li class=\"elementor-icon-list-item\">\n\t\t\t\t\t\t\t\t\t\t\t<a href=\"https:\/\/urbadigital.com\/es\/solutions\/custom-software-discovery-design-ux-ui-development\/\">\n\n\t\t\t\t\t\t\t\t\t\t\t\t<span class=\"elementor-icon-list-icon\">\n\t\t\t\t\t\t\t<svg xmlns=\"http:\/\/www.w3.org\/2000\/svg\" width=\"30\" height=\"30\" viewbox=\"0 0 30 30\" fill=\"none\"><path d=\"M29 15C29 7.26801 22.732 1 15 1C7.26801 1 1 7.26801 1 15C1 22.732 7.26801 29 15 29C22.732 29 29 22.732 29 15ZM30 15C30 23.2843 23.2843 30 15 30C6.71573 30 0 23.2843 0 15C0 6.71573 6.71573 0 15 0C23.2843 0 30 6.71573 30 15Z\" fill=\"white\" fill-opacity=\"0.0784314\"><\/path><path d=\"M18.3362 12.9104L11.1763 20.0703L10 18.8941L17.1591 11.7341H10.8493V10.0703H20V19.221H18.3362V12.9104Z\" fill=\"white\"><\/path><\/svg>\t\t\t\t\t\t<\/span>\n\t\t\t\t\t\t\t\t\t\t<span class=\"elementor-icon-list-text\"> Descubrimiento de software personalizado, dise\u00f1o de UX\/UI y desarrollo<\/span>\n\t\t\t\t\t\t\t\t\t\t\t<\/a>\n\t\t\t\t\t\t\t\t\t<\/li>\n\t\t\t\t\t\t\t\t<li class=\"elementor-icon-list-item\">\n\t\t\t\t\t\t\t\t\t\t\t<a href=\"https:\/\/urbadigital.com\/es\/solutions\/tech-certified-training-skills\/\">\n\n\t\t\t\t\t\t\t\t\t\t\t\t<span class=\"elementor-icon-list-icon\">\n\t\t\t\t\t\t\t<svg xmlns=\"http:\/\/www.w3.org\/2000\/svg\" width=\"30\" height=\"30\" viewbox=\"0 0 30 30\" fill=\"none\"><path d=\"M29 15C29 7.26801 22.732 1 15 1C7.26801 1 1 7.26801 1 15C1 22.732 7.26801 29 15 29C22.732 29 29 22.732 29 15ZM30 15C30 23.2843 23.2843 30 15 30C6.71573 30 0 23.2843 0 15C0 6.71573 6.71573 0 15 0C23.2843 0 30 6.71573 30 15Z\" fill=\"white\" fill-opacity=\"0.0784314\"><\/path><path d=\"M18.3362 12.9104L11.1763 20.0703L10 18.8941L17.1591 11.7341H10.8493V10.0703H20V19.221H18.3362V12.9104Z\" fill=\"white\"><\/path><\/svg>\t\t\t\t\t\t<\/span>\n\t\t\t\t\t\t\t\t\t\t<span class=\"elementor-icon-list-text\">Formaci\u00f3n\/habilidades con certificaci\u00f3n tecnol\u00f3gica<\/span>\n\t\t\t\t\t\t\t\t\t\t\t<\/a>\n\t\t\t\t\t\t\t\t\t<\/li>\n\t\t\t\t\t\t\t\t<li class=\"elementor-icon-list-item\">\n\t\t\t\t\t\t\t\t\t\t\t<a href=\"https:\/\/urbadigital.com\/es\/solutions\/implementation-of-personal-data-protection-policy-and-ddp-dpo\/\">\n\n\t\t\t\t\t\t\t\t\t\t\t\t<span class=\"elementor-icon-list-icon\">\n\t\t\t\t\t\t\t<svg xmlns=\"http:\/\/www.w3.org\/2000\/svg\" width=\"30\" height=\"30\" viewbox=\"0 0 30 30\" fill=\"none\"><path d=\"M29 15C29 7.26801 22.732 1 15 1C7.26801 1 1 7.26801 1 15C1 22.732 7.26801 29 15 29C22.732 29 29 22.732 29 15ZM30 15C30 23.2843 23.2843 30 15 30C6.71573 30 0 23.2843 0 15C0 6.71573 6.71573 0 15 0C23.2843 0 30 6.71573 30 15Z\" fill=\"white\" fill-opacity=\"0.0784314\"><\/path><path d=\"M18.3362 12.9104L11.1763 20.0703L10 18.8941L17.1591 11.7341H10.8493V10.0703H20V19.221H18.3362V12.9104Z\" fill=\"white\"><\/path><\/svg>\t\t\t\t\t\t<\/span>\n\t\t\t\t\t\t\t\t\t\t<span class=\"elementor-icon-list-text\"> Implementaci\u00f3n de la Pol\u00edtica de Protecci\u00f3n de Datos Personales y DDP\/DPO<\/span>\n\t\t\t\t\t\t\t\t\t\t\t<\/a>\n\t\t\t\t\t\t\t\t\t<\/li>\n\t\t\t\t\t\t\t\t<li class=\"elementor-icon-list-item\">\n\t\t\t\t\t\t\t\t\t\t\t<a href=\"https:\/\/urbadigital.com\/es\/solutions\/tech-for-financial-sector\/\">\n\n\t\t\t\t\t\t\t\t\t\t\t\t<span class=\"elementor-icon-list-icon\">\n\t\t\t\t\t\t\t<svg xmlns=\"http:\/\/www.w3.org\/2000\/svg\" width=\"30\" height=\"30\" viewbox=\"0 0 30 30\" fill=\"none\"><path d=\"M29 15C29 7.26801 22.732 1 15 1C7.26801 1 1 7.26801 1 15C1 22.732 7.26801 29 15 29C22.732 29 29 22.732 29 15ZM30 15C30 23.2843 23.2843 30 15 30C6.71573 30 0 23.2843 0 15C0 6.71573 6.71573 0 15 0C23.2843 0 30 6.71573 30 15Z\" fill=\"white\" fill-opacity=\"0.0784314\"><\/path><path d=\"M18.3362 12.9104L11.1763 20.0703L10 18.8941L17.1591 11.7341H10.8493V10.0703H20V19.221H18.3362V12.9104Z\" fill=\"white\"><\/path><\/svg>\t\t\t\t\t\t<\/span>\n\t\t\t\t\t\t\t\t\t\t<span class=\"elementor-icon-list-text\">Tecnolog\u00eda para el sector financiero<\/span>\n\t\t\t\t\t\t\t\t\t\t\t<\/a>\n\t\t\t\t\t\t\t\t\t<\/li>\n\t\t\t\t\t\t\t\t<li class=\"elementor-icon-list-item\">\n\t\t\t\t\t\t\t\t\t\t\t<a href=\"https:\/\/urbadigital.com\/es\/solutions\/ai-powered-marketing-campaigns-sales-brand-growth\/\">\n\n\t\t\t\t\t\t\t\t\t\t\t\t<span class=\"elementor-icon-list-icon\">\n\t\t\t\t\t\t\t<svg xmlns=\"http:\/\/www.w3.org\/2000\/svg\" width=\"30\" height=\"30\" viewbox=\"0 0 30 30\" fill=\"none\"><path d=\"M29 15C29 7.26801 22.732 1 15 1C7.26801 1 1 7.26801 1 15C1 22.732 7.26801 29 15 29C22.732 29 29 22.732 29 15ZM30 15C30 23.2843 23.2843 30 15 30C6.71573 30 0 23.2843 0 15C0 6.71573 6.71573 0 15 0C23.2843 0 30 6.71573 30 15Z\" fill=\"white\" fill-opacity=\"0.0784314\"><\/path><path d=\"M18.3362 12.9104L11.1763 20.0703L10 18.8941L17.1591 11.7341H10.8493V10.0703H20V19.221H18.3362V12.9104Z\" fill=\"white\"><\/path><\/svg>\t\t\t\t\t\t<\/span>\n\t\t\t\t\t\t\t\t\t\t<span class=\"elementor-icon-list-text\">Campa\u00f1as de marketing impulsadas por IA, ventas y crecimiento de la marca<\/span>\n\t\t\t\t\t\t\t\t\t\t\t<\/a>\n\t\t\t\t\t\t\t\t\t<\/li>\n\t\t\t\t\t\t\t\t<li class=\"elementor-icon-list-item\">\n\t\t\t\t\t\t\t\t\t\t\t<a href=\"https:\/\/urbadigital.com\/es\/solutions\/ai-okr-management-monitoring\/\">\n\n\t\t\t\t\t\t\t\t\t\t\t\t<span class=\"elementor-icon-list-icon\">\n\t\t\t\t\t\t\t<svg xmlns=\"http:\/\/www.w3.org\/2000\/svg\" width=\"30\" height=\"30\" viewbox=\"0 0 30 30\" fill=\"none\"><path d=\"M29 15C29 7.26801 22.732 1 15 1C7.26801 1 1 7.26801 1 15C1 22.732 7.26801 29 15 29C22.732 29 29 22.732 29 15ZM30 15C30 23.2843 23.2843 30 15 30C6.71573 30 0 23.2843 0 15C0 6.71573 6.71573 0 15 0C23.2843 0 30 6.71573 30 15Z\" fill=\"white\" fill-opacity=\"0.0784314\"><\/path><path d=\"M18.3362 12.9104L11.1763 20.0703L10 18.8941L17.1591 11.7341H10.8493V10.0703H20V19.221H18.3362V12.9104Z\" fill=\"white\"><\/path><\/svg>\t\t\t\t\t\t<\/span>\n\t\t\t\t\t\t\t\t\t\t<span class=\"elementor-icon-list-text\">Gesti\u00f3n y supervisi\u00f3n de OKR<\/span>\n\t\t\t\t\t\t\t\t\t\t\t<\/a>\n\t\t\t\t\t\t\t\t\t<\/li>\n\t\t\t\t\t\t\t\t<li class=\"elementor-icon-list-item\">\n\t\t\t\t\t\t\t\t\t\t\t<a href=\"https:\/\/urbadigital.com\/es\/solutions\/tech-for-democracy\/\">\n\n\t\t\t\t\t\t\t\t\t\t\t\t<span class=\"elementor-icon-list-icon\">\n\t\t\t\t\t\t\t<svg xmlns=\"http:\/\/www.w3.org\/2000\/svg\" width=\"30\" height=\"30\" viewbox=\"0 0 30 30\" fill=\"none\"><path d=\"M29 15C29 7.26801 22.732 1 15 1C7.26801 1 1 7.26801 1 15C1 22.732 7.26801 29 15 29C22.732 29 29 22.732 29 15ZM30 15C30 23.2843 23.2843 30 15 30C6.71573 30 0 23.2843 0 15C0 6.71573 6.71573 0 15 0C23.2843 0 30 6.71573 30 15Z\" fill=\"white\" fill-opacity=\"0.0784314\"><\/path><path d=\"M18.3362 12.9104L11.1763 20.0703L10 18.8941L17.1591 11.7341H10.8493V10.0703H20V19.221H18.3362V12.9104Z\" fill=\"white\"><\/path><\/svg>\t\t\t\t\t\t<\/span>\n\t\t\t\t\t\t\t\t\t\t<span class=\"elementor-icon-list-text\">Tecnolog\u00eda para la democracia<\/span>\n\t\t\t\t\t\t\t\t\t\t\t<\/a>\n\t\t\t\t\t\t\t\t\t<\/li>\n\t\t\t\t\t\t\t\t<li class=\"elementor-icon-list-item\">\n\t\t\t\t\t\t\t\t\t\t\t<a href=\"https:\/\/urbadigital.com\/es\/solutions\/search-engine-seo-ai-answer-engine-optimization-aeo\/\">\n\n\t\t\t\t\t\t\t\t\t\t\t\t<span class=\"elementor-icon-list-icon\">\n\t\t\t\t\t\t\t<svg xmlns=\"http:\/\/www.w3.org\/2000\/svg\" width=\"30\" height=\"30\" viewbox=\"0 0 30 30\" fill=\"none\"><path d=\"M29 15C29 7.26801 22.732 1 15 1C7.26801 1 1 7.26801 1 15C1 22.732 7.26801 29 15 29C22.732 29 29 22.732 29 15ZM30 15C30 23.2843 23.2843 30 15 30C6.71573 30 0 23.2843 0 15C0 6.71573 6.71573 0 15 0C23.2843 0 30 6.71573 30 15Z\" fill=\"white\" fill-opacity=\"0.0784314\"><\/path><path d=\"M18.3362 12.9104L11.1763 20.0703L10 18.8941L17.1591 11.7341H10.8493V10.0703H20V19.221H18.3362V12.9104Z\" fill=\"white\"><\/path><\/svg>\t\t\t\t\t\t<\/span>\n\t\t\t\t\t\t\t\t\t\t<span class=\"elementor-icon-list-text\"> Motor de b\u00fasqueda (SEO) y optimizaci\u00f3n de motores de respuesta con inteligencia artificial (AEO)<\/span>\n\t\t\t\t\t\t\t\t\t\t\t<\/a>\n\t\t\t\t\t\t\t\t\t<\/li>\n\t\t\t\t\t\t\t\t<li class=\"elementor-icon-list-item\">\n\t\t\t\t\t\t\t\t\t\t\t<a href=\"\/es\/solutions\/it-governance-architecture-optimization\/\">\n\n\t\t\t\t\t\t\t\t\t\t\t\t<span class=\"elementor-icon-list-icon\">\n\t\t\t\t\t\t\t<svg xmlns=\"http:\/\/www.w3.org\/2000\/svg\" width=\"30\" height=\"30\" viewbox=\"0 0 30 30\" fill=\"none\"><path d=\"M29 15C29 7.26801 22.732 1 15 1C7.26801 1 1 7.26801 1 15C1 22.732 7.26801 29 15 29C22.732 29 29 22.732 29 15ZM30 15C30 23.2843 23.2843 30 15 30C6.71573 30 0 23.2843 0 15C0 6.71573 6.71573 0 15 0C23.2843 0 30 6.71573 30 15Z\" fill=\"white\" fill-opacity=\"0.0784314\"><\/path><path d=\"M18.3362 12.9104L11.1763 20.0703L10 18.8941L17.1591 11.7341H10.8493V10.0703H20V19.221H18.3362V12.9104Z\" fill=\"white\"><\/path><\/svg>\t\t\t\t\t\t<\/span>\n\t\t\t\t\t\t\t\t\t\t<span class=\"elementor-icon-list-text\">Optimizaci\u00f3n de la gobernanza y la arquitectura de TI<\/span>\n\t\t\t\t\t\t\t\t\t\t\t<\/a>\n\t\t\t\t\t\t\t\t\t<\/li>\n\t\t\t\t\t\t\t\t<li class=\"elementor-icon-list-item\">\n\t\t\t\t\t\t\t\t\t\t\t<a href=\"https:\/\/urbadigital.com\/es\/solutions\/real-estate-management\/\">\n\n\t\t\t\t\t\t\t\t\t\t\t\t<span class=\"elementor-icon-list-icon\">\n\t\t\t\t\t\t\t<svg xmlns=\"http:\/\/www.w3.org\/2000\/svg\" width=\"30\" height=\"30\" viewbox=\"0 0 30 30\" fill=\"none\"><path d=\"M29 15C29 7.26801 22.732 1 15 1C7.26801 1 1 7.26801 1 15C1 22.732 7.26801 29 15 29C22.732 29 29 22.732 29 15ZM30 15C30 23.2843 23.2843 30 15 30C6.71573 30 0 23.2843 0 15C0 6.71573 6.71573 0 15 0C23.2843 0 30 6.71573 30 15Z\" fill=\"white\" fill-opacity=\"0.0784314\"><\/path><path d=\"M18.3362 12.9104L11.1763 20.0703L10 18.8941L17.1591 11.7341H10.8493V10.0703H20V19.221H18.3362V12.9104Z\" fill=\"white\"><\/path><\/svg>\t\t\t\t\t\t<\/span>\n\t\t\t\t\t\t\t\t\t\t<span class=\"elementor-icon-list-text\">Administraci\u00f3n de bienes ra\u00edces<\/span>\n\t\t\t\t\t\t\t\t\t\t\t<\/a>\n\t\t\t\t\t\t\t\t\t<\/li>\n\t\t\t\t\t\t<\/ul>\n\t\t\t\t\t\t<\/div>\n\t\t\t\t\t<\/div>\n\t\t\t\t<\/div>\n\t\t\t\t<\/div>","protected":false},"excerpt":{"rendered":"<p>Our solutions Solutions Analytics, RAG-GRAPH, AI Agents &amp; [&hellip;]<\/p>\n","protected":false},"author":1,"featured_media":0,"parent":0,"menu_order":0,"comment_status":"closed","ping_status":"closed","template":"elementor_header_footer","meta":{"_angie_page":false,"_monsterinsights_skip_tracking":false,"_monsterinsights_sitenote_active":false,"_monsterinsights_sitenote_note":"","_monsterinsights_sitenote_category":0,"footnotes":""},"class_list":["post-6346","page","type-page","status-publish","hentry"],"aioseo_notices":[],"_links":{"self":[{"href":"https:\/\/urbadigital.com\/es\/wp-json\/wp\/v2\/pages\/6346","targetHints":{"allow":["GET"]}}],"collection":[{"href":"https:\/\/urbadigital.com\/es\/wp-json\/wp\/v2\/pages"}],"about":[{"href":"https:\/\/urbadigital.com\/es\/wp-json\/wp\/v2\/types\/page"}],"author":[{"embeddable":true,"href":"https:\/\/urbadigital.com\/es\/wp-json\/wp\/v2\/users\/1"}],"replies":[{"embeddable":true,"href":"https:\/\/urbadigital.com\/es\/wp-json\/wp\/v2\/comments?post=6346"}],"version-history":[{"count":34,"href":"https:\/\/urbadigital.com\/es\/wp-json\/wp\/v2\/pages\/6346\/revisions"}],"predecessor-version":[{"id":14477,"href":"https:\/\/urbadigital.com\/es\/wp-json\/wp\/v2\/pages\/6346\/revisions\/14477"}],"wp:attachment":[{"href":"https:\/\/urbadigital.com\/es\/wp-json\/wp\/v2\/media?parent=6346"}],"curies":[{"name":"wp","href":"https:\/\/api.w.org\/{rel}","templated":true}]}}